{"id":756600,"date":"2025-08-28T07:12:44","date_gmt":"2025-08-28T04:12:44","guid":{"rendered":"https:\/\/roveyayinevi.com.tr\/index.php\/urun\/ucuncu-kapi\/"},"modified":"2026-02-28T03:34:23","modified_gmt":"2026-02-28T00:34:23","slug":"ucuncu-kapi","status":"publish","type":"product","link":"https:\/\/roveyayinevi.com.tr\/index.php\/urun\/ucuncu-kapi\/","title":{"rendered":"\u00dc\u00e7\u00fcnc\u00fc Kap\u0131"},"content":{"rendered":"<p>BA\u015eARIYA A\u00c7ILAN FARKLI B\u0130R KAPID\u00fcnyan\u0131n en ba\u015far\u0131l\u0131 insanlar\u0131n\u0131n kariyer s\u0131rlar\u0131n\u0131 ke\u015ffetmek \u00fczere \u00fcniversite yurdundaki odas\u0131ndan yola \u00e7\u0131kan on sekiz ya\u015f\u0131ndaki bir gencin hayat dersleriyle dolu yolculu\u011fu.\u00dc\u00e7\u00fcnc\u00fc Kap\u0131\u2019da Alex Banayan, bir ikonik fig\u00fcrden di\u011ferine giderek ba\u015far\u0131n\u0131n Kutsal K\u00e2sesi\u2019ni ararken okuru kal\u0131pla\u015fm\u0131\u015f \u00f6\u011fretilere meydan okuyan azim ve kararl\u0131l\u0131k dolu bir maceraya \u00e7\u0131kar\u0131yor.Bill Gates, Maya Angelou, Steve Wozniak, Jane Goodall, Pitbull, Jessica Alba, Tim Ferriss, Warren Buffet gibi kariyerinde zirveye ula\u015fm\u0131\u015f bir\u00e7ok insanla \u00e7arp\u0131c\u0131 r\u00f6portajlar yapan Alex hepsinin ortak noktas\u0131n\u0131 ke\u015ffediyor: \u00dc\u00e7\u00fcnc\u00fc Kap\u0131HAYAT, \u0130\u015e, BA\u015eARI\u2026 HEPS\u0130 GECE KL\u00dcB\u00dc G\u0130B\u0130D\u0130R. \u0130\u00c7ER\u0130 G\u0130RMEN\u0130N HER ZAMAN \u00dc\u00c7 YOLU VARDIR.Birinci Kap\u0131: \u0130nsanlar\u0131n y\u00fczde 99\u2019unun uzay\u0131p giden bir kuyrukta i\u00e7eri grime umuduyla bekledi\u011fi ana giri\u015ftir.\u0130kinci Kap\u0131:  Milyarderlerin, \u00fcnl\u00fclerin ve bu i\u015fin i\u00e7inde do\u011fmu\u015f insanlar\u0131n ge\u00e7ti\u011fi VIP giri\u015fidir.Ama kimsenin size s\u00f6ylemedi\u011fi \u015fey, her zaman ama her zaman, bir \u00dc\u00e7\u00fcnc\u00fc Kap\u0131 oldu\u011fudur. S\u0131radan \u00e7\u0131kman\u0131z, ara soka\u011fa sapman\u0131z,kap\u0131ya y\u00fczlerce kez vurman\u0131z, pencereyi zorlaman\u0131z, mutfaktan gizlice girmeniz gereken giri\u015f _ve daima bir yolu vard\u0131r.\u0130lk yaz\u0131l\u0131m\u0131n\u0131 satan Bill Gates ya da Hollywood tarihindeki en gen\u00e7 st\u00fcdyo y\u00f6netmeni olan Steven Spielberg, hepsi\u2026 \u00dc\u00e7\u00fcnc\u00fc Kap\u0131\u2019y\u0131 kulland\u0131.<\/p>\n","protected":false},"excerpt":{"rendered":"<p>BA\u015eARIYA A\u00c7ILAN FARKLI B\u0130R KAPID\u00fcnyan\u0131n en ba\u015far\u0131l\u0131 insanlar\u0131n\u0131n kariyer s\u0131rlar\u0131n\u0131 ke\u015ffetmek \u00fczere \u00fcniversite yurdundaki odas\u0131ndan yola \u00e7\u0131kan on sekiz ya\u015f\u0131ndaki bir gencin hayat dersleriyle dolu yolculu\u011fu.\u00dc\u00e7\u00fcnc\u00fc<span class=\"excerpt-hellip\"> [\u2026]<\/span><\/p>\n","protected":false},"featured_media":0,"template":"","meta":{"_monsterinsights_skip_tracking":false,"_monsterinsights_sitenote_active":false,"_monsterinsights_sitenote_note":"","_monsterinsights_sitenote_category":0},"product_brand":[],"product_cat":[13043,17647],"product_tag":[],"class_list":{"0":"post-756600","1":"product","2":"type-product","3":"status-publish","5":"product_cat-ekonomi","6":"product_cat-is-dunyasi","7":"pa_cilt-ciltsiz","8":"pa_tur-kitap","9":"pa_yayinevi-boyner-yayinlari","10":"pa_yazar-alex-banayan","12":"first","13":"instock","14":"sale","15":"shipping-taxable","16":"purchasable","17":"product-type-simple"},"_links":{"self":[{"href":"https:\/\/roveyayinevi.com.tr\/index.php\/wp-json\/wp\/v2\/product\/756600","targetHints":{"allow":["GET"]}}],"collection":[{"href":"https:\/\/roveyayinevi.com.tr\/index.php\/wp-json\/wp\/v2\/product"}],"about":[{"href":"https:\/\/roveyayinevi.com.tr\/index.php\/wp-json\/wp\/v2\/types\/product"}],"wp:attachment":[{"href":"https:\/\/roveyayinevi.com.tr\/index.php\/wp-json\/wp\/v2\/media?parent=756600"}],"wp:term":[{"taxonomy":"product_brand","embeddable":true,"href":"https:\/\/roveyayinevi.com.tr\/index.php\/wp-json\/wp\/v2\/product_brand?post=756600"},{"taxonomy":"product_cat","embeddable":true,"href":"https:\/\/roveyayinevi.com.tr\/index.php\/wp-json\/wp\/v2\/product_cat?post=756600"},{"taxonomy":"product_tag","embeddable":true,"href":"https:\/\/roveyayinevi.com.tr\/index.php\/wp-json\/wp\/v2\/product_tag?post=756600"}],"curies":[{"name":"wp","href":"https:\/\/api.w.org\/{rel}","templated":true}]}}