{"id":756599,"date":"2025-08-28T07:12:43","date_gmt":"2025-08-28T04:12:43","guid":{"rendered":"https:\/\/roveyayinevi.com.tr\/index.php\/urun\/boran\/"},"modified":"2026-03-12T03:18:40","modified_gmt":"2026-03-12T00:18:40","slug":"boran","status":"publish","type":"product","link":"https:\/\/roveyayinevi.com.tr\/index.php\/urun\/boran\/","title":{"rendered":"Boran"},"content":{"rendered":"<p>Toplumlar\u0131n varolu\u015f ve geli\u015fiminde en \u00f6nemli etken kad\u0131nd\u0131r. G\u00fc\u00e7l\u00fc kad\u0131nlar g\u00fc\u00e7l\u00fc toplumlar\u0131 yarat\u0131r. Aksi durumu g\u00f6rmek i\u00e7in ise i\u00e7inde bulundu\u011fumuz toplumu izlemek yeterlidir. Ger\u00e7ek toplumsal manzaralardan kurgulanm\u0131\u015f, \u00f6znesinde kad\u0131n ve cinsiyet\u00e7i bak\u0131\u015f olan \u00f6yk\u00fclerden olu\u015fan kitap, sevgili T\u00fcrkan Saylan&#8217;a atfedilmi\u015ftir&#8230; <\/p>\n","protected":false},"excerpt":{"rendered":"<p>Toplumlar\u0131n varolu\u015f ve geli\u015fiminde en \u00f6nemli etken kad\u0131nd\u0131r. G\u00fc\u00e7l\u00fc kad\u0131nlar g\u00fc\u00e7l\u00fc toplumlar\u0131 yarat\u0131r. Aksi durumu g\u00f6rmek i\u00e7in ise i\u00e7inde bulundu\u011fumuz toplumu izlemek yeterlidir. Ger\u00e7ek toplumsal manzaralardan<span class=\"excerpt-hellip\"> [\u2026]<\/span><\/p>\n","protected":false},"featured_media":0,"template":"","meta":{"_monsterinsights_skip_tracking":false,"_monsterinsights_sitenote_active":false,"_monsterinsights_sitenote_note":"","_monsterinsights_sitenote_category":0},"product_brand":[],"product_cat":[12291,18202],"product_tag":[],"class_list":{"0":"post-756599","1":"product","2":"type-product","3":"status-publish","5":"product_cat-edebiyat","6":"product_cat-hikaye","7":"pa_cilt-ciltsiz","8":"pa_tur-kitap","9":"pa_yayinevi-kirmizi-cati-yayinlari","10":"pa_yazar-levent-canakci","12":"first","13":"instock","14":"sale","15":"shipping-taxable","16":"purchasable","17":"product-type-simple"},"_links":{"self":[{"href":"https:\/\/roveyayinevi.com.tr\/index.php\/wp-json\/wp\/v2\/product\/756599","targetHints":{"allow":["GET"]}}],"collection":[{"href":"https:\/\/roveyayinevi.com.tr\/index.php\/wp-json\/wp\/v2\/product"}],"about":[{"href":"https:\/\/roveyayinevi.com.tr\/index.php\/wp-json\/wp\/v2\/types\/product"}],"wp:attachment":[{"href":"https:\/\/roveyayinevi.com.tr\/index.php\/wp-json\/wp\/v2\/media?parent=756599"}],"wp:term":[{"taxonomy":"product_brand","embeddable":true,"href":"https:\/\/roveyayinevi.com.tr\/index.php\/wp-json\/wp\/v2\/product_brand?post=756599"},{"taxonomy":"product_cat","embeddable":true,"href":"https:\/\/roveyayinevi.com.tr\/index.php\/wp-json\/wp\/v2\/product_cat?post=756599"},{"taxonomy":"product_tag","embeddable":true,"href":"https:\/\/roveyayinevi.com.tr\/index.php\/wp-json\/wp\/v2\/product_tag?post=756599"}],"curies":[{"name":"wp","href":"https:\/\/api.w.org\/{rel}","templated":true}]}}