{"id":756598,"date":"2025-08-28T07:12:42","date_gmt":"2025-08-28T04:12:42","guid":{"rendered":"https:\/\/roveyayinevi.com.tr\/index.php\/urun\/fenarizade-muhyiddin-efendi-ve-mesh-risaleleri\/"},"modified":"2026-04-16T03:09:38","modified_gmt":"2026-04-16T00:09:38","slug":"fenarizade-muhyiddin-efendi-ve-mesh-risaleleri","status":"publish","type":"product","link":"https:\/\/roveyayinevi.com.tr\/index.php\/urun\/fenarizade-muhyiddin-efendi-ve-mesh-risaleleri\/","title":{"rendered":"Fenarizade Muhyiddin Efendi ve Mesh Risaleleri"},"content":{"rendered":"<p>\u00c7al\u0131\u015fma giri\u015f, iki b\u00f6l\u00fcm ve bir sonu\u00e7tan meydana gelmektedir. Giri\u015f b\u00f6l\u00fcm\u00fcnde \u0130slam hukukunda mesh meselesine ve m\u00fcellifin hayat\u0131na yer verilmekte, birinci b\u00f6l\u00fcmde m\u00fcellifin konuyla ilgili yazd\u0131\u011f\u0131 ilk ris\u00e2le, ikinci b\u00f6l\u00fcmde ise sonradan yazd\u0131\u011f\u0131 di\u011fer ris\u00e2lenin tahkik ve terc\u00fcmesi yap\u0131lmakta, son k\u0131s\u0131mda ise bunlar de\u011ferlendirilmektedir. <\/p>\n","protected":false},"excerpt":{"rendered":"<p>\u00c7al\u0131\u015fma giri\u015f, iki b\u00f6l\u00fcm ve bir sonu\u00e7tan meydana gelmektedir. Giri\u015f b\u00f6l\u00fcm\u00fcnde \u0130slam hukukunda mesh meselesine ve m\u00fcellifin hayat\u0131na yer verilmekte, birinci b\u00f6l\u00fcmde m\u00fcellifin konuyla ilgili yazd\u0131\u011f\u0131<span class=\"excerpt-hellip\"> [\u2026]<\/span><\/p>\n","protected":false},"featured_media":0,"template":"","meta":{"_monsterinsights_skip_tracking":false,"_monsterinsights_sitenote_active":false,"_monsterinsights_sitenote_note":"","_monsterinsights_sitenote_category":0},"product_brand":[],"product_cat":[12573,12566],"product_tag":[],"class_list":{"0":"post-756598","1":"product","2":"type-product","3":"status-publish","5":"product_cat-akademik-kitaplar","6":"product_cat-egitim","7":"pa_cilt-ciltsiz","8":"pa_tur-kitap","9":"pa_yayinevi-soncag-akademik-kitaplar","10":"pa_yazar-ahmet-inanir-suleyman-mahmut-kayagil","12":"first","13":"instock","14":"sale","15":"shipping-taxable","16":"purchasable","17":"product-type-simple"},"_links":{"self":[{"href":"https:\/\/roveyayinevi.com.tr\/index.php\/wp-json\/wp\/v2\/product\/756598","targetHints":{"allow":["GET"]}}],"collection":[{"href":"https:\/\/roveyayinevi.com.tr\/index.php\/wp-json\/wp\/v2\/product"}],"about":[{"href":"https:\/\/roveyayinevi.com.tr\/index.php\/wp-json\/wp\/v2\/types\/product"}],"wp:attachment":[{"href":"https:\/\/roveyayinevi.com.tr\/index.php\/wp-json\/wp\/v2\/media?parent=756598"}],"wp:term":[{"taxonomy":"product_brand","embeddable":true,"href":"https:\/\/roveyayinevi.com.tr\/index.php\/wp-json\/wp\/v2\/product_brand?post=756598"},{"taxonomy":"product_cat","embeddable":true,"href":"https:\/\/roveyayinevi.com.tr\/index.php\/wp-json\/wp\/v2\/product_cat?post=756598"},{"taxonomy":"product_tag","embeddable":true,"href":"https:\/\/roveyayinevi.com.tr\/index.php\/wp-json\/wp\/v2\/product_tag?post=756598"}],"curies":[{"name":"wp","href":"https:\/\/api.w.org\/{rel}","templated":true}]}}