{"id":756595,"date":"2025-08-28T07:12:36","date_gmt":"2025-08-28T04:12:36","guid":{"rendered":"https:\/\/roveyayinevi.com.tr\/index.php\/urun\/izmarit-ciltli\/"},"modified":"2026-04-16T03:09:38","modified_gmt":"2026-04-16T00:09:38","slug":"izmarit-ciltli","status":"publish","type":"product","link":"https:\/\/roveyayinevi.com.tr\/index.php\/urun\/izmarit-ciltli\/","title":{"rendered":"\u0130zmarit (Ciltli)"},"content":{"rendered":"<p>Bir roman karakteri olmak i\u00e7in fazla d\u00fcz\u00fcm asl\u0131na bakarsak. Ne size anlatabilece\u011fim bir sevincim ne de gizlemeye \u00e7al\u0131\u015f\u0131rken can\u0131n\u0131 ac\u0131tt\u0131\u011f\u0131m bir yaram vard\u0131 bir zamanlar. T\u00fcmseklerim yoktu, \u00e7ukurlar\u0131m \u00e7elme takmazd\u0131. Ya\u015fad\u0131m i\u015fte, ya\u015famak ne demekse\u2026 \u00d6yle. Ta ki bir g\u00fcn yans\u0131mas\u0131nda g\u00fcne\u015fi g\u00f6rd\u00fc\u011f\u00fcm bir \u00e7ift g\u00f6z gelip beni sayfa sayfa okuyana kadar.   \u015eimdi bir pencere kenar\u0131nda, ah\u015fap perdeliklerin ard\u0131ndan g\u00fcne\u015fe bak\u0131yorum. Birazdan size, gecenin bir yar\u0131s\u0131 g\u00f6zya\u015flar\u0131m yanaklar\u0131m\u0131 \u0131slat\u0131rken bilgisayar\u0131m\u0131n ekran\u0131na d\u00fc\u015fen bir bildirimden bahsedece\u011fim ve o andan sonra ben hi\u00e7bir zaman geriye d\u00f6nemeyece\u011fim.   O bildirime hi\u00e7 t\u0131klamam\u0131\u015f olmay\u0131 ve karanl\u0131kta, bilgisayar ekran\u0131ndan irislerime yans\u0131yan harfleri bir araya hi\u00e7 getirmemi\u015f olmay\u0131 dilerdim ama d\u00f6n\u00fcp bakt\u0131\u011f\u0131mda o his, t\u00fcm ac\u0131lara de\u011fer gibi duruyor.   \u0130\u015fte, hik\u00e2yemin ba\u015f\u0131nday\u0131z. Dinle. \u0130nsanlar hayat hik\u00e2yelerini anlat\u0131rlar ba\u015fkalar\u0131na. Ben, sana nas\u0131l \u00f6ld\u00fc\u011f\u00fcm\u00fc anlataca\u011f\u0131m.     *Kitaplarda t\u00fct\u00fcn \u00fcr\u00fcnleri kullan\u0131m\u0131na y\u00f6nelik herhangi bir y\u00f6nlendirme bulunmamaktad\u0131r. <\/p>\n","protected":false},"excerpt":{"rendered":"<p>Bir roman karakteri olmak i\u00e7in fazla d\u00fcz\u00fcm asl\u0131na bakarsak. Ne size anlatabilece\u011fim bir sevincim ne de gizlemeye \u00e7al\u0131\u015f\u0131rken can\u0131n\u0131 ac\u0131tt\u0131\u011f\u0131m bir yaram vard\u0131 bir zamanlar. T\u00fcmseklerim<span class=\"excerpt-hellip\"> [\u2026]<\/span><\/p>\n","protected":false},"featured_media":0,"template":"","meta":{"_monsterinsights_skip_tracking":false,"_monsterinsights_sitenote_active":false,"_monsterinsights_sitenote_note":"","_monsterinsights_sitenote_category":0},"product_brand":[],"product_cat":[12291,12711],"product_tag":[],"class_list":{"0":"post-756595","1":"product","2":"type-product","3":"status-publish","5":"product_cat-edebiyat","6":"product_cat-roman-oyku","7":"pa_cilt-ciltli","8":"pa_tur-kitap","9":"pa_yayinevi-ephesus-yayinlari","10":"pa_yazar-cemal-latifoglu","12":"first","13":"instock","14":"sale","15":"shipping-taxable","16":"purchasable","17":"product-type-simple"},"_links":{"self":[{"href":"https:\/\/roveyayinevi.com.tr\/index.php\/wp-json\/wp\/v2\/product\/756595","targetHints":{"allow":["GET"]}}],"collection":[{"href":"https:\/\/roveyayinevi.com.tr\/index.php\/wp-json\/wp\/v2\/product"}],"about":[{"href":"https:\/\/roveyayinevi.com.tr\/index.php\/wp-json\/wp\/v2\/types\/product"}],"wp:attachment":[{"href":"https:\/\/roveyayinevi.com.tr\/index.php\/wp-json\/wp\/v2\/media?parent=756595"}],"wp:term":[{"taxonomy":"product_brand","embeddable":true,"href":"https:\/\/roveyayinevi.com.tr\/index.php\/wp-json\/wp\/v2\/product_brand?post=756595"},{"taxonomy":"product_cat","embeddable":true,"href":"https:\/\/roveyayinevi.com.tr\/index.php\/wp-json\/wp\/v2\/product_cat?post=756595"},{"taxonomy":"product_tag","embeddable":true,"href":"https:\/\/roveyayinevi.com.tr\/index.php\/wp-json\/wp\/v2\/product_tag?post=756595"}],"curies":[{"name":"wp","href":"https:\/\/api.w.org\/{rel}","templated":true}]}}