{"id":756594,"date":"2025-08-28T07:12:34","date_gmt":"2025-08-28T04:12:34","guid":{"rendered":"https:\/\/roveyayinevi.com.tr\/index.php\/urun\/kibrit-ciltli\/"},"modified":"2026-04-16T03:09:38","modified_gmt":"2026-04-16T00:09:38","slug":"kibrit-ciltli","status":"publish","type":"product","link":"https:\/\/roveyayinevi.com.tr\/index.php\/urun\/kibrit-ciltli\/","title":{"rendered":"Kibrit (Ciltli)"},"content":{"rendered":"<p>Kutay Harmanl\u0131, hayat\u0131 boyunca biri taraf\u0131ndan sevilebilece\u011fine olan inanc\u0131n\u0131 yitirmi\u015f bir gen\u00e7ti. O so\u011fuk, asi ve h\u0131r\u00e7\u0131n g\u00f6r\u00fcnt\u00fcs\u00fcn\u00fcn aksine i\u00e7inde sevilmedi\u011fi i\u00e7in hayata k\u0131rg\u0131n bir \u00e7ocuk vard\u0131 ve bir gece ans\u0131z\u0131n bilgisayar ekran\u0131na d\u00fc\u015fen bir bildirimle bug\u00fcne dek hi\u00e7bir yerde rastlamad\u0131\u011f\u0131 bir sevgiye rastlad\u0131. Herkesten gizlice yaz\u0131lar\u0131n\u0131 payla\u015ft\u0131\u011f\u0131 blog hesab\u0131na gelen bu bildirimin sahibi, hem onun insanlardan gizledi\u011fi Kibrit kimli\u011fini bilen tek ki\u015fi hem de ona deliler gibi \u00e2\u015f\u0131k olan bir hayalperestten ba\u015fkas\u0131 de\u011fildi: \u0130zmarit. Kutay o gece, o bildirimi umursamadan uykusuna dalarken g\u00fcn\u00fcn birinde onun i\u00e7in uykular\u0131ndan olaca\u011f\u0131n\u0131 bilmiyordu. R\u00fcyalar\u0131nda onu g\u00f6rmek i\u00e7in uyku ila\u00e7lar\u0131na s\u0131\u011f\u0131naca\u011f\u0131n\u0131 da bilmiyordu.   \u0130zmarit, Kibrit\u2019in i\u00e7ti\u011fi sigara izmaritlerini toplay\u0131p bir kutuda saklarken ondan \u00e7al\u0131nan nefesleri de saklayabilece\u011fini sand\u0131. Alt\u0131 ya\u015f\u0131nda i\u00e7ine d\u00fc\u015ft\u00fc\u011f\u00fc d\u00f6ng\u00fcden kendini kurtarabilece\u011fini ve bu defa kendi sonunu kendisinin yazabilece\u011fini umdu. Ancak hayat\u0131n bu iki k\u0131rg\u0131n insan i\u00e7in daha \u00f6nce hi\u00e7 ya\u015fanmam\u0131\u015f olan\u0131ndan son bir sayfas\u0131 daha vard\u0131.   \u201cA\u015fk\u2026 Delilik bana g\u00f6re. Deli olmas\u0131 laz\u0131m bir insan\u0131n bir insan\u0131 sevmesi i\u00e7in.\u201d     *Kitaplarda t\u00fct\u00fcn \u00fcr\u00fcnleri kullan\u0131m\u0131na y\u00f6nelik herhangi bir y\u00f6nlendirme bulunmamaktad\u0131r. <\/p>\n","protected":false},"excerpt":{"rendered":"<p>Kutay Harmanl\u0131, hayat\u0131 boyunca biri taraf\u0131ndan sevilebilece\u011fine olan inanc\u0131n\u0131 yitirmi\u015f bir gen\u00e7ti. O so\u011fuk, asi ve h\u0131r\u00e7\u0131n g\u00f6r\u00fcnt\u00fcs\u00fcn\u00fcn aksine i\u00e7inde sevilmedi\u011fi i\u00e7in hayata k\u0131rg\u0131n bir \u00e7ocuk<span class=\"excerpt-hellip\"> [\u2026]<\/span><\/p>\n","protected":false},"featured_media":0,"template":"","meta":{"_monsterinsights_skip_tracking":false,"_monsterinsights_sitenote_active":false,"_monsterinsights_sitenote_note":"","_monsterinsights_sitenote_category":0},"product_brand":[],"product_cat":[12291,12711],"product_tag":[],"class_list":{"0":"post-756594","1":"product","2":"type-product","3":"status-publish","5":"product_cat-edebiyat","6":"product_cat-roman-oyku","7":"pa_cilt-ciltsiz","8":"pa_tur-kitap","9":"pa_yayinevi-ephesus-yayinlari","10":"pa_yazar-cemal-latifoglu","12":"first","13":"instock","14":"sale","15":"shipping-taxable","16":"purchasable","17":"product-type-simple"},"_links":{"self":[{"href":"https:\/\/roveyayinevi.com.tr\/index.php\/wp-json\/wp\/v2\/product\/756594","targetHints":{"allow":["GET"]}}],"collection":[{"href":"https:\/\/roveyayinevi.com.tr\/index.php\/wp-json\/wp\/v2\/product"}],"about":[{"href":"https:\/\/roveyayinevi.com.tr\/index.php\/wp-json\/wp\/v2\/types\/product"}],"wp:attachment":[{"href":"https:\/\/roveyayinevi.com.tr\/index.php\/wp-json\/wp\/v2\/media?parent=756594"}],"wp:term":[{"taxonomy":"product_brand","embeddable":true,"href":"https:\/\/roveyayinevi.com.tr\/index.php\/wp-json\/wp\/v2\/product_brand?post=756594"},{"taxonomy":"product_cat","embeddable":true,"href":"https:\/\/roveyayinevi.com.tr\/index.php\/wp-json\/wp\/v2\/product_cat?post=756594"},{"taxonomy":"product_tag","embeddable":true,"href":"https:\/\/roveyayinevi.com.tr\/index.php\/wp-json\/wp\/v2\/product_tag?post=756594"}],"curies":[{"name":"wp","href":"https:\/\/api.w.org\/{rel}","templated":true}]}}