{"id":756592,"date":"2025-08-28T07:12:30","date_gmt":"2025-08-28T04:12:30","guid":{"rendered":"https:\/\/roveyayinevi.com.tr\/index.php\/urun\/cilgin-yemek-kamyonu-1\/"},"modified":"2026-04-16T03:09:38","modified_gmt":"2026-04-16T00:09:38","slug":"cilgin-yemek-kamyonu-1","status":"publish","type":"product","link":"https:\/\/roveyayinevi.com.tr\/index.php\/urun\/cilgin-yemek-kamyonu-1\/","title":{"rendered":"\u00c7\u0131lg\u0131n Yemek Kamyonu 1"},"content":{"rendered":"<p>ORTA YA\u015eLI VE HUYSUZ GORDON, KUMLARLA KAPLI B\u0130R D\u00dcNYADA YEMEK KAMYONU \u0130\u015eLETMEKTED\u0130R. B\u0130R G\u00dcN \u00c7\u00d6L\u00dcN ORTASINDA YERDE \u00c7IRIL\u00c7IPLAK YATAN AR\u0130SA\u2019YLA KAR\u015eILA\u015eIR. ONA YEMEK VER\u0130RKEN GEN\u00c7 KIZIN PE\u015e\u0130NDEK\u0130LER\u0130N SALDIRISINA U\u011eRARLAR. ORTA YA\u015eLI B\u0130R A\u015e\u00c7I VE VAH\u015e\u0130 RUHLU B\u0130R GEN\u00c7 KIZIN, \u015e\u0130DDET VE OBURLUKLA DOLU YOLCULU\u011eU BA\u015eLAR! <\/p>\n","protected":false},"excerpt":{"rendered":"<p>ORTA YA\u015eLI VE HUYSUZ GORDON, KUMLARLA KAPLI B\u0130R D\u00dcNYADA YEMEK KAMYONU \u0130\u015eLETMEKTED\u0130R. B\u0130R G\u00dcN \u00c7\u00d6L\u00dcN ORTASINDA YERDE \u00c7IRIL\u00c7IPLAK YATAN AR\u0130SA\u2019YLA KAR\u015eILA\u015eIR. ONA YEMEK VER\u0130RKEN GEN\u00c7 KIZIN<span class=\"excerpt-hellip\"> [\u2026]<\/span><\/p>\n","protected":false},"featured_media":0,"template":"","meta":{"_monsterinsights_skip_tracking":false,"_monsterinsights_sitenote_active":false,"_monsterinsights_sitenote_note":"","_monsterinsights_sitenote_category":0},"product_brand":[],"product_cat":[12416,12291],"product_tag":[],"class_list":{"0":"post-756592","1":"product","2":"type-product","3":"status-publish","5":"product_cat-cizgi-roman","6":"product_cat-edebiyat","7":"pa_cilt-ciltsiz","8":"pa_tur-kitap","9":"pa_yayinevi-athica-yayinlari","10":"pa_yazar-rokurou-ogaki","12":"first","13":"instock","14":"sale","15":"shipping-taxable","16":"purchasable","17":"product-type-simple"},"_links":{"self":[{"href":"https:\/\/roveyayinevi.com.tr\/index.php\/wp-json\/wp\/v2\/product\/756592","targetHints":{"allow":["GET"]}}],"collection":[{"href":"https:\/\/roveyayinevi.com.tr\/index.php\/wp-json\/wp\/v2\/product"}],"about":[{"href":"https:\/\/roveyayinevi.com.tr\/index.php\/wp-json\/wp\/v2\/types\/product"}],"wp:attachment":[{"href":"https:\/\/roveyayinevi.com.tr\/index.php\/wp-json\/wp\/v2\/media?parent=756592"}],"wp:term":[{"taxonomy":"product_brand","embeddable":true,"href":"https:\/\/roveyayinevi.com.tr\/index.php\/wp-json\/wp\/v2\/product_brand?post=756592"},{"taxonomy":"product_cat","embeddable":true,"href":"https:\/\/roveyayinevi.com.tr\/index.php\/wp-json\/wp\/v2\/product_cat?post=756592"},{"taxonomy":"product_tag","embeddable":true,"href":"https:\/\/roveyayinevi.com.tr\/index.php\/wp-json\/wp\/v2\/product_tag?post=756592"}],"curies":[{"name":"wp","href":"https:\/\/api.w.org\/{rel}","templated":true}]}}