{"id":756591,"date":"2025-08-28T07:12:28","date_gmt":"2025-08-28T04:12:28","guid":{"rendered":"https:\/\/roveyayinevi.com.tr\/index.php\/urun\/cilgin-yemek-kamyonu-2\/"},"modified":"2026-04-16T03:09:38","modified_gmt":"2026-04-16T00:09:38","slug":"cilgin-yemek-kamyonu-2","status":"publish","type":"product","link":"https:\/\/roveyayinevi.com.tr\/index.php\/urun\/cilgin-yemek-kamyonu-2\/","title":{"rendered":"\u00c7\u0131lg\u0131n Yemek Kamyonu 2"},"content":{"rendered":"<p>A\u015e\u00c7I GORDON VE VAH\u015e\u0130 RUHLU AR\u0130SA \u0130K\u0130L\u0130S\u0130, YEMEK VE SAUNA KEYF\u0130 YAPARAK \u00d6ZG\u00dcRCE GEZMEYE DEVAM ED\u0130YOR! BU ARADA GORDON\u2019UN ESK\u0130 ASTI KYLE VE AR\u0130SA\u2019NIN KARDE\u015e\u0130 B\u0130RL\u0130KTE \u00c7ALI\u015eMAYA BA\u015eLIYOR&#8230; \u0130\u015eLER \u00c7I\u011eIRINDAN \u00c7IKMAK \u00dcZERE! <\/p>\n","protected":false},"excerpt":{"rendered":"<p>A\u015e\u00c7I GORDON VE VAH\u015e\u0130 RUHLU AR\u0130SA \u0130K\u0130L\u0130S\u0130, YEMEK VE SAUNA KEYF\u0130 YAPARAK \u00d6ZG\u00dcRCE GEZMEYE DEVAM ED\u0130YOR! BU ARADA GORDON\u2019UN ESK\u0130 ASTI KYLE VE AR\u0130SA\u2019NIN KARDE\u015e\u0130 B\u0130RL\u0130KTE<span class=\"excerpt-hellip\"> [\u2026]<\/span><\/p>\n","protected":false},"featured_media":0,"template":"","meta":{"_monsterinsights_skip_tracking":false,"_monsterinsights_sitenote_active":false,"_monsterinsights_sitenote_note":"","_monsterinsights_sitenote_category":0},"product_brand":[],"product_cat":[12416,12291],"product_tag":[],"class_list":{"0":"post-756591","1":"product","2":"type-product","3":"status-publish","5":"product_cat-cizgi-roman","6":"product_cat-edebiyat","7":"pa_cilt-ciltsiz","8":"pa_tur-kitap","9":"pa_yayinevi-athica-yayinlari","10":"pa_yazar-rokurou-ogaki","12":"first","13":"instock","14":"sale","15":"shipping-taxable","16":"purchasable","17":"product-type-simple"},"_links":{"self":[{"href":"https:\/\/roveyayinevi.com.tr\/index.php\/wp-json\/wp\/v2\/product\/756591","targetHints":{"allow":["GET"]}}],"collection":[{"href":"https:\/\/roveyayinevi.com.tr\/index.php\/wp-json\/wp\/v2\/product"}],"about":[{"href":"https:\/\/roveyayinevi.com.tr\/index.php\/wp-json\/wp\/v2\/types\/product"}],"wp:attachment":[{"href":"https:\/\/roveyayinevi.com.tr\/index.php\/wp-json\/wp\/v2\/media?parent=756591"}],"wp:term":[{"taxonomy":"product_brand","embeddable":true,"href":"https:\/\/roveyayinevi.com.tr\/index.php\/wp-json\/wp\/v2\/product_brand?post=756591"},{"taxonomy":"product_cat","embeddable":true,"href":"https:\/\/roveyayinevi.com.tr\/index.php\/wp-json\/wp\/v2\/product_cat?post=756591"},{"taxonomy":"product_tag","embeddable":true,"href":"https:\/\/roveyayinevi.com.tr\/index.php\/wp-json\/wp\/v2\/product_tag?post=756591"}],"curies":[{"name":"wp","href":"https:\/\/api.w.org\/{rel}","templated":true}]}}