{"id":756590,"date":"2025-08-28T07:12:26","date_gmt":"2025-08-28T04:12:26","guid":{"rendered":"https:\/\/roveyayinevi.com.tr\/index.php\/urun\/sessiz-haykiris\/"},"modified":"2026-04-16T03:09:38","modified_gmt":"2026-04-16T00:09:38","slug":"sessiz-haykiris","status":"publish","type":"product","link":"https:\/\/roveyayinevi.com.tr\/index.php\/urun\/sessiz-haykiris\/","title":{"rendered":"Sessiz Hayk\u0131r\u0131\u015f"},"content":{"rendered":"<p>\u201cY\u00dcREKTE BIRAKILAN \u0130ZLER KADAR VARIZ&#8230;\u201d Kalem benim kalemim olsa da eser sizin eseriniz. T\u00fcrevlerinin aksine hi\u00e7bir kurgu ya da ya\u015fant\u0131ya yer verilmedi bu kitapta. Parmak izi misali ac\u0131lar\u0131n da ki\u015fiye \u00f6zel oldu\u011funa inananlardan\u0131m ben. Kaybedi\u015fler, ihanetler, vefas\u0131zl\u0131klar da bu izler gibidir. Okurken \u201cAcaba yazarla bir yerden tan\u0131\u015f\u0131yor muyuz?\u201d diyece\u011finiz, \u00f6mr\u00fcn\u00fcz\u00fcn arka penceresinden anlat\u0131r gibi bir i\u00e7tenlikle size sunulan bir y\u00fcrek var elinizde. \u0130ster bir roman deyin t\u00fcr\u00fcne isterseniz de bir y\u00fcrek otobiyografisi. Yazar Onur So\u011fum bu ilk kitab\u0131nda, as\u0131l sevginin insan\u0131n kendi i\u00e7indeki sevgiyi bulma yolculu\u011fu oldu\u011funu anlat\u0131rken, bu yolda ac\u0131 \u00e7ekmeden de sevgiye var\u0131lamayaca\u011f\u0131n\u0131 sars\u0131c\u0131 bir dille anlat\u0131yor. Sessiz Hayk\u0131r\u0131\u015f, ya\u015fad\u0131\u011f\u0131m\u0131z \u00e7a\u011fda ayakta kalabilmek ad\u0131na tek kalesi olan insani duygulara sar\u0131lm\u0131\u015f olanlar\u0131n insanl\u0131k ad\u0131na hepimizi empatiye \u00e7a\u011f\u0131ran manifestosu. <\/p>\n","protected":false},"excerpt":{"rendered":"<p>\u201cY\u00dcREKTE BIRAKILAN \u0130ZLER KADAR VARIZ&#8230;\u201d Kalem benim kalemim olsa da eser sizin eseriniz. T\u00fcrevlerinin aksine hi\u00e7bir kurgu ya da ya\u015fant\u0131ya yer verilmedi bu kitapta. Parmak izi<span class=\"excerpt-hellip\"> [\u2026]<\/span><\/p>\n","protected":false},"featured_media":0,"template":"","meta":{"_monsterinsights_skip_tracking":false,"_monsterinsights_sitenote_active":false,"_monsterinsights_sitenote_note":"","_monsterinsights_sitenote_category":0},"product_brand":[],"product_cat":[12777,12291],"product_tag":[],"class_list":{"0":"post-756590","1":"product","2":"type-product","3":"status-publish","5":"product_cat-deneme","6":"product_cat-edebiyat","7":"pa_cilt-ciltsiz","8":"pa_tur-kitap","9":"pa_yayinevi-destek-yayinlari","10":"pa_yazar-onur-sogum","12":"first","13":"instock","14":"sale","15":"shipping-taxable","16":"purchasable","17":"product-type-simple"},"_links":{"self":[{"href":"https:\/\/roveyayinevi.com.tr\/index.php\/wp-json\/wp\/v2\/product\/756590","targetHints":{"allow":["GET"]}}],"collection":[{"href":"https:\/\/roveyayinevi.com.tr\/index.php\/wp-json\/wp\/v2\/product"}],"about":[{"href":"https:\/\/roveyayinevi.com.tr\/index.php\/wp-json\/wp\/v2\/types\/product"}],"wp:attachment":[{"href":"https:\/\/roveyayinevi.com.tr\/index.php\/wp-json\/wp\/v2\/media?parent=756590"}],"wp:term":[{"taxonomy":"product_brand","embeddable":true,"href":"https:\/\/roveyayinevi.com.tr\/index.php\/wp-json\/wp\/v2\/product_brand?post=756590"},{"taxonomy":"product_cat","embeddable":true,"href":"https:\/\/roveyayinevi.com.tr\/index.php\/wp-json\/wp\/v2\/product_cat?post=756590"},{"taxonomy":"product_tag","embeddable":true,"href":"https:\/\/roveyayinevi.com.tr\/index.php\/wp-json\/wp\/v2\/product_tag?post=756590"}],"curies":[{"name":"wp","href":"https:\/\/api.w.org\/{rel}","templated":true}]}}