{"id":756589,"date":"2025-08-28T07:12:25","date_gmt":"2025-08-28T04:12:25","guid":{"rendered":"https:\/\/roveyayinevi.com.tr\/index.php\/urun\/curet\/"},"modified":"2026-04-16T03:09:38","modified_gmt":"2026-04-16T00:09:38","slug":"curet","status":"publish","type":"product","link":"https:\/\/roveyayinevi.com.tr\/index.php\/urun\/curet\/","title":{"rendered":"C\u00fcret"},"content":{"rendered":"<p>Z\u0130HN\u0130YET\u0130N\u0130Z DE\u011e\u0130\u015e\u0130RSE TESL\u0130M OLMAZSINIZ, TESL\u0130M ALIRSINIZ. T\u00fcm i\u00e7sel sava\u015flar\u0131n tek sebebi kendinizi yeteri kadar tan\u0131m\u0131yor olu\u015funuzdur. Kendinizi tan\u0131maksa neye c\u00fcret etti\u011finizle alakal\u0131d\u0131r, kendinize neyi de\u011fer g\u00f6rd\u00fc\u011f\u00fcn\u00fczle, neyle beslenmek ve neyi b\u00fcy\u00fctmek istedi\u011finizle ilgilidir, bir o kadar neleri s\u00f6k\u00fcp ataca\u011f\u0131n\u0131zla&#8230; Kendiniz olmaya cesaret etti\u011finizde ba\u015flar ki\u015fisel devriminiz ve ancak o zaman i\u00e7sel g\u00fcc\u00fcn\u00fcz\u00fc ke\u015ffedersiniz. Bu kitapta kendi do\u011fan\u0131z hakk\u0131ndaki ger\u00e7ekleri ke\u015ffetmek, beden, zihin ve ruhunuzun uyumlu bir \u015fekilde \u00e7al\u0131\u015fmas\u0131n\u0131 sa\u011flamak, kendinizi sabote edici d\u00fc\u015f\u00fcnce ve davran\u0131\u015f kal\u0131plar\u0131ndan kurtulmak, anlam ve ama\u00e7 dolu bir hayat yaratmak, duygular\u0131n k\u00f6lesi olmadan sakin ve dingin kalabilmek, karanl\u0131k manip\u00fclasyon d\u00f6ng\u00fclerinden kurtulmak, psikolojik dayan\u0131kl\u0131l\u0131k kazanmak, ya\u015fant\u0131n\u0131z\u0131 yeniden organize edecek yasalar\u0131 kavramak, cinselli\u011finizin g\u00fcc\u00fcn\u00fc ke\u015ffedip kusursuz bir \u00e2\u015f\u0131k olmak ve ba\u015ftan \u00e7\u0131karmada ustala\u015fmak i\u00e7in derinlikli bilgiler, \u00f6zel stratejiler bekliyor sizi&#8230;   Korkmadan cesurca ya\u015fayabilmek i\u00e7in g\u00fcc\u00fcn\u00fcz\u00fc elinize alma vakti. \u00c7\u00fcnk\u00fc ya\u015fayabilece\u011finiz tek bir hayat var ve bu hayat\u0131 \u015fekillendirebilmek i\u00e7inse sadece bug\u00fcn\u00fcn\u00fcz&#8230; <\/p>\n","protected":false},"excerpt":{"rendered":"<p>Z\u0130HN\u0130YET\u0130N\u0130Z DE\u011e\u0130\u015e\u0130RSE TESL\u0130M OLMAZSINIZ, TESL\u0130M ALIRSINIZ. T\u00fcm i\u00e7sel sava\u015flar\u0131n tek sebebi kendinizi yeteri kadar tan\u0131m\u0131yor olu\u015funuzdur. Kendinizi tan\u0131maksa neye c\u00fcret etti\u011finizle alakal\u0131d\u0131r, kendinize neyi de\u011fer g\u00f6rd\u00fc\u011f\u00fcn\u00fczle,<span class=\"excerpt-hellip\"> [\u2026]<\/span><\/p>\n","protected":false},"featured_media":0,"template":"","meta":{"_monsterinsights_skip_tracking":false,"_monsterinsights_sitenote_active":false,"_monsterinsights_sitenote_note":"","_monsterinsights_sitenote_category":0},"product_brand":[],"product_cat":[12357],"product_tag":[],"class_list":{"0":"post-756589","1":"product","2":"type-product","3":"status-publish","5":"product_cat-psikoloji","6":"pa_cilt-ciltsiz","7":"pa_tur-kitap","8":"pa_yayinevi-destek-yayinlari","9":"pa_yazar-esra-ezmeci","11":"first","12":"instock","13":"sale","14":"shipping-taxable","15":"purchasable","16":"product-type-simple"},"_links":{"self":[{"href":"https:\/\/roveyayinevi.com.tr\/index.php\/wp-json\/wp\/v2\/product\/756589","targetHints":{"allow":["GET"]}}],"collection":[{"href":"https:\/\/roveyayinevi.com.tr\/index.php\/wp-json\/wp\/v2\/product"}],"about":[{"href":"https:\/\/roveyayinevi.com.tr\/index.php\/wp-json\/wp\/v2\/types\/product"}],"wp:attachment":[{"href":"https:\/\/roveyayinevi.com.tr\/index.php\/wp-json\/wp\/v2\/media?parent=756589"}],"wp:term":[{"taxonomy":"product_brand","embeddable":true,"href":"https:\/\/roveyayinevi.com.tr\/index.php\/wp-json\/wp\/v2\/product_brand?post=756589"},{"taxonomy":"product_cat","embeddable":true,"href":"https:\/\/roveyayinevi.com.tr\/index.php\/wp-json\/wp\/v2\/product_cat?post=756589"},{"taxonomy":"product_tag","embeddable":true,"href":"https:\/\/roveyayinevi.com.tr\/index.php\/wp-json\/wp\/v2\/product_tag?post=756589"}],"curies":[{"name":"wp","href":"https:\/\/api.w.org\/{rel}","templated":true}]}}