{"id":756588,"date":"2025-08-28T07:12:24","date_gmt":"2025-08-28T04:12:24","guid":{"rendered":"https:\/\/roveyayinevi.com.tr\/index.php\/urun\/kitap-lik-231-ocak-subat-2024\/"},"modified":"2026-04-16T03:09:38","modified_gmt":"2026-04-16T00:09:38","slug":"kitap-lik-231-ocak-subat-2024","status":"publish","type":"product","link":"https:\/\/roveyayinevi.com.tr\/index.php\/urun\/kitap-lik-231-ocak-subat-2024\/","title":{"rendered":"Kitap-l\u0131k 231 \/ Ocak \u2013 \u015eubat 2024"},"content":{"rendered":"<p>N\u00e2z\u0131m Hikmet\u2019ten yay\u0131nc\u0131s\u0131 Semih L\u00fctfi\u2019ye Yap\u0131 Kredi Yay\u0131nlar\u0131\u2019n\u0131n edebiyat dergisi kitap-l\u0131k\u2019\u0131n yeni say\u0131s\u0131 \u00e7\u0131kt\u0131. 231. say\u0131n\u0131n kapak konusu \u201cN\u00e2z\u0131m Hikmet\u2019ten Semih L\u00fctfi\u2019ye Bir Mektup ve Di\u011ferleri\u201d. Haluk Oral S\u00fchulet Kitabevi sahibi Semih L\u00fctfi Erciyas\u2019\u0131n telif s\u00f6zle\u015fmeleri \u00fcst\u00fcne yazd\u0131. Oral\u2019\u0131n koleksiyonunda yer alan N\u00e2z\u0131m Hikmet\u2019in yay\u0131nc\u0131s\u0131na uyar\u0131larda bulundu\u011fu mektubu ilgin\u00e7 bilgiler i\u00e7eriyor. Kemal \u00d6zer\u2019in 1971-75 y\u0131llar\u0131 aras\u0131nda tuttu\u011fu g\u00fcnl\u00fcklerden se\u00e7meler, Osip Mandel\u015ftam\u2019\u0131n \u201cKitap Dolab\u0131\u201d yaz\u0131s\u0131, G\u00fcrsel Korat\u2019\u0131n Italo Calvino de\u011ferlendirmesi ve Hulusi \u00d6zbay\u2019\u0131n Halit Ziya ara\u015ft\u0131rmas\u0131 bu say\u0131n\u0131n \u00f6ne \u00e7\u0131kan sayfalar\u0131. Y\u00fcksel Pazarkaya, H\u00fcseyin Ferhad, Ferruh Tun\u00e7, Y\u00fccel Kay\u0131ran, \u0130lhan Durusel, Gonca \u00d6zmen, Alper \u00c7eker, Arif Erguvan, Ersun \u00c7\u0131plak, Cengiz \u015eenol, M. Bar\u0131\u015f \u00d6v\u00fcn, Emin Kaya \u015fiirleri; Nuray Tekin, Eray Kar\u0131nca, Remzi Karabulut, Kerem Bak\u0131c\u0131, Bekir \u015eamil Potur, \u00dczeyir Karahasano\u011flu \u00f6yk\u00fcleri; Mehmet Erg\u00fcven, G\u00fcltekin Emre, Berat Alanyal\u0131, Ey\u00fcp Tosun, Ahmet Tetik, \u015eafak Karako\u00e7 yaz\u0131lar\u0131, Cem Aka\u015f, Levent Karata\u015f ve Abdullah Ezik s\u00f6yle\u015fileriyle kitap-l\u0131k dergisinin 231. say\u0131s\u0131nda. <\/p>\n","protected":false},"excerpt":{"rendered":"<p>N\u00e2z\u0131m Hikmet\u2019ten yay\u0131nc\u0131s\u0131 Semih L\u00fctfi\u2019ye Yap\u0131 Kredi Yay\u0131nlar\u0131\u2019n\u0131n edebiyat dergisi kitap-l\u0131k\u2019\u0131n yeni say\u0131s\u0131 \u00e7\u0131kt\u0131. 231. say\u0131n\u0131n kapak konusu \u201cN\u00e2z\u0131m Hikmet\u2019ten Semih L\u00fctfi\u2019ye Bir Mektup ve Di\u011ferleri\u201d.<span class=\"excerpt-hellip\"> [\u2026]<\/span><\/p>\n","protected":false},"featured_media":0,"template":"","meta":{"_monsterinsights_skip_tracking":false,"_monsterinsights_sitenote_active":false,"_monsterinsights_sitenote_note":"","_monsterinsights_sitenote_category":0},"product_brand":[],"product_cat":[13527],"product_tag":[],"class_list":{"0":"post-756588","1":"product","2":"type-product","3":"status-publish","5":"product_cat-sureli-yayinlar","6":"pa_cilt-ciltsiz","7":"pa_tur-kitap","8":"pa_yayinevi-yapi-kredi-yayinlari-dergi","9":"pa_yazar-kolektif","11":"first","12":"instock","13":"sale","14":"shipping-taxable","15":"purchasable","16":"product-type-simple"},"_links":{"self":[{"href":"https:\/\/roveyayinevi.com.tr\/index.php\/wp-json\/wp\/v2\/product\/756588","targetHints":{"allow":["GET"]}}],"collection":[{"href":"https:\/\/roveyayinevi.com.tr\/index.php\/wp-json\/wp\/v2\/product"}],"about":[{"href":"https:\/\/roveyayinevi.com.tr\/index.php\/wp-json\/wp\/v2\/types\/product"}],"wp:attachment":[{"href":"https:\/\/roveyayinevi.com.tr\/index.php\/wp-json\/wp\/v2\/media?parent=756588"}],"wp:term":[{"taxonomy":"product_brand","embeddable":true,"href":"https:\/\/roveyayinevi.com.tr\/index.php\/wp-json\/wp\/v2\/product_brand?post=756588"},{"taxonomy":"product_cat","embeddable":true,"href":"https:\/\/roveyayinevi.com.tr\/index.php\/wp-json\/wp\/v2\/product_cat?post=756588"},{"taxonomy":"product_tag","embeddable":true,"href":"https:\/\/roveyayinevi.com.tr\/index.php\/wp-json\/wp\/v2\/product_tag?post=756588"}],"curies":[{"name":"wp","href":"https:\/\/api.w.org\/{rel}","templated":true}]}}