{"id":756584,"date":"2025-08-28T07:12:16","date_gmt":"2025-08-28T04:12:16","guid":{"rendered":"https:\/\/roveyayinevi.com.tr\/index.php\/urun\/proust-alemi\/"},"modified":"2026-04-16T03:09:38","modified_gmt":"2026-04-16T00:09:38","slug":"proust-alemi","status":"publish","type":"product","link":"https:\/\/roveyayinevi.com.tr\/index.php\/urun\/proust-alemi\/","title":{"rendered":"Proust Alemi"},"content":{"rendered":"<p>Kibarlar \u00c2leminin Komedyas\u0131\u2019n\u0131 yazan Marcel Proust\u2019un (1871-1922) kendi d\u00fcnyas\u0131 s\u00f6z konusu burada. * \u201cProust \u00c2lemi\u2019nde Toplumsal Benli\u011fin aile \u00e7evresini;okul arkada\u015flar\u0131 ile \u00f6\u011fretmenlerini; delikanl\u0131l\u0131k \u00e7a\u011f\u0131ndaki yak\u0131n dostlar\u0131 ile a\u015fklar\u0131n\u0131; Se\u00e7kinlerin Salonlar\u0131nda tan\u0131\u015ft\u0131\u011f\u0131 kontesleri, kontlar\u0131, d\u00fc\u015fesleri,d\u00fckleri, prensesleri, prensleri, diplomatlar\u0131, edebiyat\u00e7\u0131lar\u0131,m\u00fczisyenleri, ressamlar\u0131; sonraki a\u015fklar\u0131n\u0131;ya\u015fam boyu s\u00fcren ast\u0131m ve ba\u015fka rahats\u0131zl\u0131klar\u0131n\u0131 tedavi etmeye \u00e7al\u0131\u015fan hekimleri; yay\u0131nc\u0131lar\u0131, edit\u00f6rleri; yan\u0131nda \u00e7al\u0131\u015ft\u0131rd\u0131\u011f\u0131 sekreterleri, hizmetk\u00e2rlar\u0131, taksi \u015fof\u00f6rlerini, vb. tek tek saptamaya, ili\u015fki derecelerini belirlemeye, roman \u00e7evriminde yarat\u0131lm\u0131\u015f karakterlerle olan ba\u011flant\u0131lar\u0131n\u0131 (benzerliklerini) belirgin k\u0131lmaya ya da en az\u0131ndan \u2018sezdirmeye \u00e7al\u0131\u015ft\u0131m\u2019. Dolay\u0131s\u0131yla, Proust \u00c2lemi, 2014\u2019te yay\u0131mlanan Otantik Snoplar: Marcel Proust\u2019un Roman Karakterleri\u2019ni b\u00fct\u00fcnleyecek bir \u00e7al\u0131\u015fma olarak tasarland\u0131. Bir ba\u015fka deyi\u015fle, Proust\u2019un Toplumsal Benli\u011finin \u201cya\u015fam ser\u00fcveni\u201dni yans\u0131tan Proust \u00c2lemi, yine Proust\u2019un Yarat\u0131c\u0131 Benli\u011finin ortaya koydu\u011fu Kay\u0131p Zaman\u0131n \u0130zinde\u2019deki karakterleri tek tek inceleyen (ya da tan\u0131tan) Otantik Snoplar\u2019\u0131n ayr\u0131lmaz ve b\u00fct\u00fcnleyici bir par\u00e7as\u0131\u201d. Mehmet Rifat <\/p>\n","protected":false},"excerpt":{"rendered":"<p>Kibarlar \u00c2leminin Komedyas\u0131\u2019n\u0131 yazan Marcel Proust\u2019un (1871-1922) kendi d\u00fcnyas\u0131 s\u00f6z konusu burada. * \u201cProust \u00c2lemi\u2019nde Toplumsal Benli\u011fin aile \u00e7evresini;okul arkada\u015flar\u0131 ile \u00f6\u011fretmenlerini; delikanl\u0131l\u0131k \u00e7a\u011f\u0131ndaki yak\u0131n dostlar\u0131<span class=\"excerpt-hellip\"> [\u2026]<\/span><\/p>\n","protected":false},"featured_media":0,"template":"","meta":{"_monsterinsights_skip_tracking":false,"_monsterinsights_sitenote_active":false,"_monsterinsights_sitenote_note":"","_monsterinsights_sitenote_category":0},"product_brand":[],"product_cat":[13072,12291],"product_tag":[],"class_list":{"0":"post-756584","1":"product","2":"type-product","3":"status-publish","5":"product_cat-arastirma-inceleme-referans","6":"product_cat-edebiyat","7":"pa_cilt-ciltsiz","8":"pa_tur-kitap","9":"pa_yayinevi-yapi-kredi-yayinlari","10":"pa_yazar-mehmet-rifat","12":"first","13":"instock","14":"sale","15":"shipping-taxable","16":"purchasable","17":"product-type-simple"},"_links":{"self":[{"href":"https:\/\/roveyayinevi.com.tr\/index.php\/wp-json\/wp\/v2\/product\/756584","targetHints":{"allow":["GET"]}}],"collection":[{"href":"https:\/\/roveyayinevi.com.tr\/index.php\/wp-json\/wp\/v2\/product"}],"about":[{"href":"https:\/\/roveyayinevi.com.tr\/index.php\/wp-json\/wp\/v2\/types\/product"}],"wp:attachment":[{"href":"https:\/\/roveyayinevi.com.tr\/index.php\/wp-json\/wp\/v2\/media?parent=756584"}],"wp:term":[{"taxonomy":"product_brand","embeddable":true,"href":"https:\/\/roveyayinevi.com.tr\/index.php\/wp-json\/wp\/v2\/product_brand?post=756584"},{"taxonomy":"product_cat","embeddable":true,"href":"https:\/\/roveyayinevi.com.tr\/index.php\/wp-json\/wp\/v2\/product_cat?post=756584"},{"taxonomy":"product_tag","embeddable":true,"href":"https:\/\/roveyayinevi.com.tr\/index.php\/wp-json\/wp\/v2\/product_tag?post=756584"}],"curies":[{"name":"wp","href":"https:\/\/api.w.org\/{rel}","templated":true}]}}