{"id":756582,"date":"2025-08-28T07:12:14","date_gmt":"2025-08-28T04:12:14","guid":{"rendered":"https:\/\/roveyayinevi.com.tr\/index.php\/urun\/in-search-of-the-immortal-tree-olives-and-olive-oil-in-turkey-olmez-agacin-pesinde-ciltli\/"},"modified":"2026-04-16T03:09:38","modified_gmt":"2026-04-16T00:09:38","slug":"in-search-of-the-immortal-tree-olives-and-olive-oil-in-turkey-olmez-agacin-pesinde-ciltli","status":"publish","type":"product","link":"https:\/\/roveyayinevi.com.tr\/index.php\/urun\/in-search-of-the-immortal-tree-olives-and-olive-oil-in-turkey-olmez-agacin-pesinde-ciltli\/","title":{"rendered":"In Search Of The Immortal Tree\/ Olives and Olive Oil in Turkey (\u00d6lmez A\u011fac\u0131n Pe\u015finde) (Ciltli)"},"content":{"rendered":"<p>\u201cAccording to the legend, upon reaching the age of 930, Adam, who was expelled from paradise together with Eve, felt that he was about to die, prompting him to ask God to forgive him, and thus all of mankind. For this purpose, he sent his son Seth to the Garden of Eden. The angel who guarded the gates of the garden gave him three seeds, from the Tree of Good and Evil (Tree of  Knowledge), and told him to put them in his father\u2019s mouth when burying him after his death. Adam died and was buried in the Hebron Valley, near Mount Tabor. From the three seeds that blossomed and took root in Adam\u2019s mouth, three trees, symbolising the Mediterranean climate, sprouted: olive, cedar and cypress\u2026\u201d Referred to as the Immortal Tree or the Tree of Life in Mediterranean legends, bestowing health, the pleasures of the palate and beauty, whether it be through its fruit or its oil, the olive tree has been an indispensable part of humans\u2019 lives since ancient times. Today, the miraculous story of olives and olive oil continues. Artun \u00dcnsal went on the trail of this unique story \u2013 that of a tree considered sacred by every religion, and of its extraordinary fruit and oil \u2013 across Anatolia, a pivotal stretch of land within the Mediterranean basin, the motherland of the olive tree. Covering each and every aspect of our olives and olive oil, from the most ancient methods to the most recent and advanced technologies allowing for its extraction, and from precise botanical and agricultural considerations to the details of the tree\u2019s current place in economic activities, this book extends our knowledge of the golden liquid as far as the mind can go. <\/p>\n","protected":false},"excerpt":{"rendered":"<p>\u201cAccording to the legend, upon reaching the age of 930, Adam, who was expelled from paradise together with Eve, felt that he was about to die,<span class=\"excerpt-hellip\"> [\u2026]<\/span><\/p>\n","protected":false},"featured_media":0,"template":"","meta":{"_monsterinsights_skip_tracking":false,"_monsterinsights_sitenote_active":false,"_monsterinsights_sitenote_note":"","_monsterinsights_sitenote_category":0},"product_brand":[],"product_cat":[12472],"product_tag":[],"class_list":{"0":"post-756582","1":"product","2":"type-product","3":"status-publish","5":"product_cat-yabanci-dilde-kitaplar","6":"pa_cilt-ciltli","7":"pa_tur-kitap","8":"pa_yayinevi-yapi-kredi-yayinlari-ozel-urun","9":"pa_yazar-artun-unsal","11":"first","12":"instock","13":"sale","14":"shipping-taxable","15":"purchasable","16":"product-type-simple"},"_links":{"self":[{"href":"https:\/\/roveyayinevi.com.tr\/index.php\/wp-json\/wp\/v2\/product\/756582","targetHints":{"allow":["GET"]}}],"collection":[{"href":"https:\/\/roveyayinevi.com.tr\/index.php\/wp-json\/wp\/v2\/product"}],"about":[{"href":"https:\/\/roveyayinevi.com.tr\/index.php\/wp-json\/wp\/v2\/types\/product"}],"wp:attachment":[{"href":"https:\/\/roveyayinevi.com.tr\/index.php\/wp-json\/wp\/v2\/media?parent=756582"}],"wp:term":[{"taxonomy":"product_brand","embeddable":true,"href":"https:\/\/roveyayinevi.com.tr\/index.php\/wp-json\/wp\/v2\/product_brand?post=756582"},{"taxonomy":"product_cat","embeddable":true,"href":"https:\/\/roveyayinevi.com.tr\/index.php\/wp-json\/wp\/v2\/product_cat?post=756582"},{"taxonomy":"product_tag","embeddable":true,"href":"https:\/\/roveyayinevi.com.tr\/index.php\/wp-json\/wp\/v2\/product_tag?post=756582"}],"curies":[{"name":"wp","href":"https:\/\/api.w.org\/{rel}","templated":true}]}}