{"id":756581,"date":"2025-08-28T07:12:12","date_gmt":"2025-08-28T04:12:12","guid":{"rendered":"https:\/\/roveyayinevi.com.tr\/index.php\/urun\/yaratici-yazma-icin-yaratici-drama\/"},"modified":"2026-04-06T13:27:33","modified_gmt":"2026-04-06T10:27:33","slug":"yaratici-yazma-icin-yaratici-drama","status":"publish","type":"product","link":"https:\/\/roveyayinevi.com.tr\/index.php\/urun\/yaratici-yazma-icin-yaratici-drama\/","title":{"rendered":"Yarat\u0131c\u0131 Yazma \u0130\u00e7in Yarat\u0131c\u0131 Drama"},"content":{"rendered":"<p>E\u011fitim bilimi de di\u011fer bilimler gibi de\u011fi\u015fiyor ve d\u00f6n\u00fc\u015f\u00fcyor. Bu d\u00f6n\u00fc\u015f\u00fcm, de\u011fi\u015fim i\u00e7inde belirli beceriler \u00f6nemini yitirirken baz\u0131lar\u0131 varl\u0131\u011f\u0131n\u0131 koruyor. Kendini ifade etme becerisi olan \u201cyazma\u201d eylemi de bunlardan biri.   G\u00fcn\u00fcm\u00fcz\u00fcn h\u0131zl\u0131 akan d\u00fcnyas\u0131nda \u00f6\u011frenciler yazma faaliyetinden uzakla\u015f\u0131yor ve bu t\u00fcr \u00e7al\u0131\u015fmalar\u0131 bir y\u00fck olarak g\u00f6r\u00fcyor. Ger\u00e7ek \u015fu ki sevdiremedi\u011fimiz bir alanda \u00f6\u011frencilerin geli\u015fmesine katk\u0131 sunmam\u0131z olduk\u00e7a zor. \u00d6te yandan, oyuna d\u00f6n\u00fc\u015ft\u00fcr\u00fclm\u00fc\u015f s\u00fcre\u00e7lerde kar\u015f\u0131la\u015ft\u0131klar\u0131 beceriler, yazmay\u0131 \u00f6\u011frenciler i\u00e7in bir y\u00fck olmaktan \u00e7\u0131kar\u0131p keyifle kat\u0131ld\u0131klar\u0131 bir \u00e7al\u0131\u015fmaya d\u00f6n\u00fc\u015ft\u00fcrebilir.   \u0130\u015fte bu kitap, yarat\u0131c\u0131 drama at\u00f6lyeleri kurgusu i\u00e7inde \u00f6\u011frencilerin yazmaya kar\u015f\u0131 olumlu tutum geli\u015ftirmeleri, yazma \u00e7al\u0131\u015fmalar\u0131na severek ve isteyerek kat\u0131lmalar\u0131 i\u00e7in haz\u0131rland\u0131. \u015eimdi s\u0131ra sizde\u2026 <\/p>\n","protected":false},"excerpt":{"rendered":"<p>E\u011fitim bilimi de di\u011fer bilimler gibi de\u011fi\u015fiyor ve d\u00f6n\u00fc\u015f\u00fcyor. Bu d\u00f6n\u00fc\u015f\u00fcm, de\u011fi\u015fim i\u00e7inde belirli beceriler \u00f6nemini yitirirken baz\u0131lar\u0131 varl\u0131\u011f\u0131n\u0131 koruyor. Kendini ifade etme becerisi olan \u201cyazma\u201d<span class=\"excerpt-hellip\"> [\u2026]<\/span><\/p>\n","protected":false},"featured_media":0,"template":"","meta":{"_monsterinsights_skip_tracking":false,"_monsterinsights_sitenote_active":false,"_monsterinsights_sitenote_note":"","_monsterinsights_sitenote_category":0},"product_brand":[],"product_cat":[12566],"product_tag":[],"class_list":{"0":"post-756581","1":"product","2":"type-product","3":"status-publish","5":"product_cat-egitim","6":"pa_cilt-ciltsiz","7":"pa_tur-kitap","8":"pa_yayinevi-elma-yayinevi","9":"pa_yazar-mujdat-ataman","11":"first","12":"instock","13":"sale","14":"shipping-taxable","15":"purchasable","16":"product-type-simple"},"_links":{"self":[{"href":"https:\/\/roveyayinevi.com.tr\/index.php\/wp-json\/wp\/v2\/product\/756581","targetHints":{"allow":["GET"]}}],"collection":[{"href":"https:\/\/roveyayinevi.com.tr\/index.php\/wp-json\/wp\/v2\/product"}],"about":[{"href":"https:\/\/roveyayinevi.com.tr\/index.php\/wp-json\/wp\/v2\/types\/product"}],"wp:attachment":[{"href":"https:\/\/roveyayinevi.com.tr\/index.php\/wp-json\/wp\/v2\/media?parent=756581"}],"wp:term":[{"taxonomy":"product_brand","embeddable":true,"href":"https:\/\/roveyayinevi.com.tr\/index.php\/wp-json\/wp\/v2\/product_brand?post=756581"},{"taxonomy":"product_cat","embeddable":true,"href":"https:\/\/roveyayinevi.com.tr\/index.php\/wp-json\/wp\/v2\/product_cat?post=756581"},{"taxonomy":"product_tag","embeddable":true,"href":"https:\/\/roveyayinevi.com.tr\/index.php\/wp-json\/wp\/v2\/product_tag?post=756581"}],"curies":[{"name":"wp","href":"https:\/\/api.w.org\/{rel}","templated":true}]}}