{"id":756580,"date":"2025-08-28T07:12:10","date_gmt":"2025-08-28T04:12:10","guid":{"rendered":"https:\/\/roveyayinevi.com.tr\/index.php\/urun\/insan-hayatinin-varolussal-izdusumu-varolus-icin-kendini-bil-kendin-ol\/"},"modified":"2026-04-16T03:09:38","modified_gmt":"2026-04-16T00:09:38","slug":"insan-hayatinin-varolussal-izdusumu-varolus-icin-kendini-bil-kendin-ol","status":"publish","type":"product","link":"https:\/\/roveyayinevi.com.tr\/index.php\/urun\/insan-hayatinin-varolussal-izdusumu-varolus-icin-kendini-bil-kendin-ol\/","title":{"rendered":"\u0130nsan Hayat\u0131n\u0131n Varolu\u015fsal \u0130zd\u00fc\u015f\u00fcm\u00fc Varolu\u015f \u0130\u00e7in Kendini Bil Kendin Ol!"},"content":{"rendered":"<p>Akl\u0131n\u0131 kullanan insan ba\u015fkalar\u0131n\u0131n bilgi, deneyim tecr\u00fcbelerini ya\u015fam\u0131n i\u00e7ine al\u0131p sindire sindire hem kendi hem de ba\u015fka insanlar\u0131n hayat\u0131n\u0131n i\u00e7ine katar. Ben \u00f6yle yapmaya \u00e7al\u0131yorum yapmaya da \u00e7al\u0131\u015faca\u011f\u0131m, ayd\u0131n d\u00fc\u015f\u00fcn\u00fcrlerin, filozoflar\u0131n g\u00fcn\u00fcm\u00fczde bize yol \u0131\u015f\u0131k tutacak bu insanlar\u0131 bilgi birikimin tecr\u00fcbe ve deneyimlerinden faydaland\u0131m. En \u00f6nemlisi ise \u00f6\u011frendi\u011fim bu bilgi birikimine kendi bilgi ve tecr\u00fcbelerimi katarak i\u00e7ime sindirdim. Takdir edersiniz ki insan \u00f6\u011frenen bir varl\u0131kt\u0131r, \u00f6\u011frendi\u011fi her \u015feyi, bilgiyi nesilden nesile aktaran bir beyin yap\u0131s\u0131na sahiptir. Kitab\u0131mda yer alan konular\u0131n \u00e7e\u015fitlili\u011fi kitab\u0131m\u0131n i\u00e7erik zenginli\u011fini artt\u0131rmaktad\u0131r. Tabii ki burada \u015funu ifade etmek isterim ki bilinen, bilinmeyen bu d\u00fc\u015f\u00fcnme tarzlar\u0131n\u0131 ile verdi\u011fim baz\u0131 fikirlerin anla\u015f\u0131lmas\u0131 anla\u015f\u0131labilmesi zordur. \u00dcst\u00fcne vurgulamak isterim ki, var olma bilincini \u00f6zellikle derinlemesine ele ald\u0131m. <\/p>\n","protected":false},"excerpt":{"rendered":"<p>Akl\u0131n\u0131 kullanan insan ba\u015fkalar\u0131n\u0131n bilgi, deneyim tecr\u00fcbelerini ya\u015fam\u0131n i\u00e7ine al\u0131p sindire sindire hem kendi hem de ba\u015fka insanlar\u0131n hayat\u0131n\u0131n i\u00e7ine katar. Ben \u00f6yle yapmaya \u00e7al\u0131yorum yapmaya<span class=\"excerpt-hellip\"> [\u2026]<\/span><\/p>\n","protected":false},"featured_media":0,"template":"","meta":{"_monsterinsights_skip_tracking":false,"_monsterinsights_sitenote_active":false,"_monsterinsights_sitenote_note":"","_monsterinsights_sitenote_category":0},"product_brand":[],"product_cat":[12777,12291],"product_tag":[],"class_list":{"0":"post-756580","1":"product","2":"type-product","3":"status-publish","5":"product_cat-deneme","6":"product_cat-edebiyat","7":"pa_cilt-ciltsiz","8":"pa_tur-kitap","9":"pa_yayinevi-gulnar-yayinlari","10":"pa_yazar-erdal-colak","12":"first","13":"instock","14":"sale","15":"shipping-taxable","16":"purchasable","17":"product-type-simple"},"_links":{"self":[{"href":"https:\/\/roveyayinevi.com.tr\/index.php\/wp-json\/wp\/v2\/product\/756580","targetHints":{"allow":["GET"]}}],"collection":[{"href":"https:\/\/roveyayinevi.com.tr\/index.php\/wp-json\/wp\/v2\/product"}],"about":[{"href":"https:\/\/roveyayinevi.com.tr\/index.php\/wp-json\/wp\/v2\/types\/product"}],"wp:attachment":[{"href":"https:\/\/roveyayinevi.com.tr\/index.php\/wp-json\/wp\/v2\/media?parent=756580"}],"wp:term":[{"taxonomy":"product_brand","embeddable":true,"href":"https:\/\/roveyayinevi.com.tr\/index.php\/wp-json\/wp\/v2\/product_brand?post=756580"},{"taxonomy":"product_cat","embeddable":true,"href":"https:\/\/roveyayinevi.com.tr\/index.php\/wp-json\/wp\/v2\/product_cat?post=756580"},{"taxonomy":"product_tag","embeddable":true,"href":"https:\/\/roveyayinevi.com.tr\/index.php\/wp-json\/wp\/v2\/product_tag?post=756580"}],"curies":[{"name":"wp","href":"https:\/\/api.w.org\/{rel}","templated":true}]}}