{"id":756579,"date":"2025-08-28T07:12:09","date_gmt":"2025-08-28T04:12:09","guid":{"rendered":"https:\/\/roveyayinevi.com.tr\/index.php\/urun\/kampta-kuvvet-ve-hareket\/"},"modified":"2026-04-16T03:09:38","modified_gmt":"2026-04-16T00:09:38","slug":"kampta-kuvvet-ve-hareket","status":"publish","type":"product","link":"https:\/\/roveyayinevi.com.tr\/index.php\/urun\/kampta-kuvvet-ve-hareket\/","title":{"rendered":"Kampta Kuvvet ve Hareket"},"content":{"rendered":"<p>Bilimin izindeki reng\u00e2renk sayfalar ne\u015fe da\u011f\u0131tmaya devam ediyor. Bilim Apartman\u0131, Matematik Park\u0131, I\u015f\u0131k ve Ses M\u00fczesi derken \u015fimdiki dura\u011f\u0131m\u0131z Kampta Kuvvet ve Hareket. Sinekkapan ailesinin fertleri Pekmez Han\u0131m, Tahin Bey, \u00dcz\u00fcm ve Susam\u2019\u0131n tatl\u0131 kamp g\u00fcn\u00fcne misafir olaca\u011f\u0131m\u0131z bu kitap, g\u00fcndelik anlar\u0131m\u0131z\u0131n ard\u0131ndaki bilimsel ger\u00e7ekleri t\u00fcm e\u011flencesiyle \u00f6n\u00fcm\u00fcze seriyor. Tak\u0131my\u0131ld\u0131z\u2019\u0131n renkli galaksisinde yepyeni bir g\u00fcne ho\u015f geldiniz. Haydi kampa! ***   KAMP MACERASI BA\u015eLIYOR!..   Sinekkapan ailesi, ya\u015fad\u0131klar\u0131 kentin yak\u0131n\u0131ndaki Kaplumba\u011fa Da\u011f\u0131\u2019na kamp yapmaya geldi. Yanlar\u0131nda getirdikleri kameral\u0131 dronla t\u00fcm kamp maceras\u0131n\u0131 kaydettiler. U\u00e7urtma u\u00e7urdular, top oynad\u0131lar, kozalaklar\u0131 f\u0131rlatt\u0131lar. G\u00fcn boyunca hareket hi\u00e7 bitmedi. Elbette bunda kuvvetlerin rol\u00fc vard\u0131. G\u00fcn\u00fcn sonundaysa unutamayacaklar\u0131 bir s\u00fcrpriz onlar\u0131 bekliyordu. ***\u00c7ad\u0131r\u0131n kurulaca\u011f\u0131 yere ilk ula\u015fan \u00dcz\u00fcm oldu. \u00c7ekim yapmak i\u00e7in dronunu haz\u0131rlamaya giri\u015fti. Herkes gelince e\u015fyalar\u0131 indirdiler, elma dolu fileyi a\u011faca ast\u0131lar. Tahin Bey \u00e7ad\u0131r\u0131 kurdu. Kaz\u0131klar\u0131 \u00e7eki\u00e7le yere \u00e7akarak \u00e7ad\u0131r\u0131 sabitledi. Susam, ilk i\u015f olarak \u00e7ok sevdi\u011fi cevizleri getirdi. Sonra da e\u015fyalar\u0131 \u00e7ad\u0131ra ta\u015f\u0131d\u0131lar. Tekerlekli kamp arabas\u0131 bu s\u0131rada \u00e7ok i\u015fe yarad\u0131. Herkesin ne\u015fesi yerindeydi. \u00c7ad\u0131r\u0131n kaz\u0131klar\u0131n\u0131 yere \u00e7akmak i\u00e7in itme kuvveti, tekerlekli kamp arabas\u0131n\u0131 \u00e7ekmek i\u00e7in de \u00e7ekme kuvveti gerekir. \u0130tme ve \u00e7ekme kuvvetleri sayesinde nesneler hareket eder. Bu iki kuvvet birbirine z\u0131t y\u00f6ndedir. \u0130tme kuvvetinin y\u00f6n\u00fc, kuvvetin kayna\u011f\u0131ndan \u00f6teye do\u011frudur. \u00c7eki\u00e7le kaz\u0131klara uygulanan itme kuvveti, kaz\u0131klar\u0131n \u00e7eki\u00e7ten \u00f6teye do\u011fru hareket ederek topra\u011f\u0131n i\u00e7ine girmesini sa\u011flar. \u00c7ekme kuvvetinin y\u00f6n\u00fc de kuvvetin kayna\u011f\u0131na do\u011frudur. Kamp arabas\u0131na uygulanan \u00e7ekme kuvveti, kamp arabas\u0131n\u0131n, onu \u00e7eken ki\u015fiye do\u011fru hareket etmesini sa\u011flar. *** Sallar\u0131 y\u00fczd\u00fcr\u00fcrken hem e\u011flendiler hem yoruldular. Sonra da kamp alan\u0131na d\u00f6nd\u00fcler. \u00dcz\u00fcm\u2019\u00fcn elleri \u00e7amur i\u00e7inde kalm\u0131\u015ft\u0131. Kamp du\u015fuyla ellerini y\u0131kad\u0131. Tahin Bey, plastik bir \u015fi\u015fenin taban\u0131na delikler a\u00e7arak kamp du\u015fu yapmay\u0131 bir arkada\u015f\u0131ndan \u00f6\u011frenmi\u015fti. \u015ei\u015fenin kapa\u011f\u0131 a\u00e7\u0131l\u0131nca su alttaki deliklerden d\u0131\u015far\u0131 ak\u0131yor, kapan\u0131nca da akm\u0131yordu. Bu kamp du\u015fu o kadar kullan\u0131\u015fl\u0131yd\u0131 ki \u201cArt\u0131k bunu hep yapar\u0131z\u201d diye d\u00fc\u015f\u00fcnd\u00fc Tahin Bey. Bas\u0131n\u00e7, bir y\u00fczeye dik olarak etki eden bir kuvvettir. Havan\u0131n da bir bas\u0131nc\u0131 vard\u0131r. Kamp du\u015funun i\u015fleyi\u015finde hava bas\u0131nc\u0131 etkilidir. \u015ei\u015fenin kapa\u011f\u0131 kapal\u0131yken d\u0131\u015far\u0131daki hava bas\u0131nc\u0131 i\u00e7erideki bas\u0131n\u00e7tan fazlad\u0131r. D\u0131\u015far\u0131daki hava bas\u0131nc\u0131, suyun k\u00fc\u00e7\u00fck deliklerden d\u0131\u015far\u0131 \u00e7\u0131kmas\u0131n\u0131 engeller. Kapak a\u00e7\u0131ld\u0131\u011f\u0131nda da \u015fi\u015fenin i\u00e7ine hava dolar. B\u00f6ylece d\u0131\u015far\u0131daki ve i\u00e7erideki bas\u0131n\u00e7 dengelenir. Su, yer\u00e7ekimi kuvvetinin de etkisiyle k\u00fc\u00e7\u00fck deliklerden d\u0131\u015far\u0131 akar. *** Top oynamak i\u00e7in herkes haz\u0131rd\u0131. \u00c7ocuklar, babalar\u0131yla birlikte tepeye \u00e7\u0131kt\u0131lar ve burada yakan top oynamaya ba\u015flad\u0131lar. Tahin Bey uzun s\u00fcredir yakan top oynamam\u0131\u015ft\u0131. Susam ve \u00dcz\u00fcm aras\u0131nda gidip gelen toptan ka\u00e7mas\u0131 gerekiyordu. \u00c7ocuklar babalar\u0131na topu t\u00fcm kuvvetleriyle f\u0131rlat\u0131yorlard\u0131. Tahin Bey toptan ka\u00e7may\u0131 bir t\u00fcrl\u00fc ba\u015faram\u0131yordu. Acaba bunu \u00e7ocuklar\u0131 g\u00fcld\u00fcrmek i\u00e7in mi yap\u0131yordu? \u0130nsan v\u00fccudu kaslar, kemikler, ba\u011flar ve eklemler sayesinde hareket eder. Kaslar kas\u0131l\u0131nca boylar\u0131 k\u0131sal\u0131r. Bu da kaslar\u0131n ba\u011fl\u0131 oldu\u011fu kemikler \u00fczerinde \u00e7ekme kuvveti olu\u015fturur. \u00c7ekme kuvvetinin etkisiyle kemikler hareket eder. Eldeki topu havada tutmak i\u00e7in de kuvvet gerekir. Omuz ve dirsek aras\u0131ndaki kaslar kas\u0131l\u0131nca dirsek ve el aras\u0131ndaki kemik \u00fczerinde \u00e7ekme kuvveti olu\u015fur. B\u00f6ylece el havaya kalkar ve topu havada tutar. Y\u00fcr\u00fcmek, ko\u015fmak, z\u0131plamak gibi hareketler de hep kaslar\u0131n olu\u015fturdu\u011fu bu \u00e7ekme kuvveti sayesinde ger\u00e7ekle\u015fir. <\/p>\n","protected":false},"excerpt":{"rendered":"<p>Bilimin izindeki reng\u00e2renk sayfalar ne\u015fe da\u011f\u0131tmaya devam ediyor. Bilim Apartman\u0131, Matematik Park\u0131, I\u015f\u0131k ve Ses M\u00fczesi derken \u015fimdiki dura\u011f\u0131m\u0131z Kampta Kuvvet ve Hareket. Sinekkapan ailesinin fertleri<span class=\"excerpt-hellip\"> [\u2026]<\/span><\/p>\n","protected":false},"featured_media":0,"template":"","meta":{"_monsterinsights_skip_tracking":false,"_monsterinsights_sitenote_active":false,"_monsterinsights_sitenote_note":"","_monsterinsights_sitenote_category":0},"product_brand":[],"product_cat":[13829,12274],"product_tag":[],"class_list":{"0":"post-756579","1":"product","2":"type-product","3":"status-publish","5":"product_cat-bilimsel-kitaplar","6":"product_cat-cocuk-ve-genclik-kitaplari","7":"pa_cilt-ciltsiz","8":"pa_tur-kitap","9":"pa_yayinevi-elma-cocuk","10":"pa_yazar-takimyildiz","12":"first","13":"instock","14":"sale","15":"shipping-taxable","16":"purchasable","17":"product-type-simple"},"_links":{"self":[{"href":"https:\/\/roveyayinevi.com.tr\/index.php\/wp-json\/wp\/v2\/product\/756579","targetHints":{"allow":["GET"]}}],"collection":[{"href":"https:\/\/roveyayinevi.com.tr\/index.php\/wp-json\/wp\/v2\/product"}],"about":[{"href":"https:\/\/roveyayinevi.com.tr\/index.php\/wp-json\/wp\/v2\/types\/product"}],"wp:attachment":[{"href":"https:\/\/roveyayinevi.com.tr\/index.php\/wp-json\/wp\/v2\/media?parent=756579"}],"wp:term":[{"taxonomy":"product_brand","embeddable":true,"href":"https:\/\/roveyayinevi.com.tr\/index.php\/wp-json\/wp\/v2\/product_brand?post=756579"},{"taxonomy":"product_cat","embeddable":true,"href":"https:\/\/roveyayinevi.com.tr\/index.php\/wp-json\/wp\/v2\/product_cat?post=756579"},{"taxonomy":"product_tag","embeddable":true,"href":"https:\/\/roveyayinevi.com.tr\/index.php\/wp-json\/wp\/v2\/product_tag?post=756579"}],"curies":[{"name":"wp","href":"https:\/\/api.w.org\/{rel}","templated":true}]}}