{"id":756577,"date":"2025-08-28T07:12:05","date_gmt":"2025-08-28T04:12:05","guid":{"rendered":"https:\/\/roveyayinevi.com.tr\/index.php\/urun\/cocuklara-ve-buyuklere-masallar\/"},"modified":"2026-04-16T03:09:38","modified_gmt":"2026-04-16T00:09:38","slug":"cocuklara-ve-buyuklere-masallar","status":"publish","type":"product","link":"https:\/\/roveyayinevi.com.tr\/index.php\/urun\/cocuklara-ve-buyuklere-masallar\/","title":{"rendered":"\u00c7ocuklara ve B\u00fcy\u00fcklere  Masallar"},"content":{"rendered":"<p>nsan davran\u0131\u015flar\u0131, toplumsal ger\u00e7ekler ve de\u011ferler&#8230; Masallarda ger\u00e7ekler, ger\u00e7eklerde ise inan\u0131lmaz \u015feyler vard\u0131r. Bir \u00e7ocuk ile bir yeti\u015fkinin hayal d\u00fcnyas\u0131 aras\u0131nda \u00f6nemli bir fark yoktur. Hem \u00e7ocuklar hem yeti\u015fkinler i\u00e7in s\u00f6ylenecek masallar gelece\u011fin d\u00fcnyas\u0131nda varl\u0131\u011f\u0131n\u0131 s\u00fcrd\u00fcrecektir. E\u011fitsellik a\u00e7\u0131s\u0131ndan yazar\u0131 belli olan ve belli bir ileti vermek isteyen iki masal t\u00fcr\u00fc aras\u0131nda yer alan bu kitapta, insan davran\u0131\u015flar\u0131 sorgulanmakta, irdelenmekte, g\u00fcn\u00fcm\u00fczde ge\u00e7erli olan birtak\u0131m toplumsal de\u011ferler sunulmaktad\u0131r. \u00dcst\u00fcn D\u00f6kmen, \u00c7ocuklara ve B\u00fcy\u00fcklere Masallar\u2019da, sadece k\u00fc\u00e7\u00fcklere hitap etmiyor, b\u00fcy\u00fcklerin de i\u00e7indeki \u00e7ocu\u011fu harekete ge\u00e7irip yeti\u015fkinler olarak dersler \u00e7\u0131karmalar\u0131n\u0131n yolunu a\u00e7\u0131yor.<\/p>\n","protected":false},"excerpt":{"rendered":"<p>nsan davran\u0131\u015flar\u0131, toplumsal ger\u00e7ekler ve de\u011ferler&#8230; Masallarda ger\u00e7ekler, ger\u00e7eklerde ise inan\u0131lmaz \u015feyler vard\u0131r. Bir \u00e7ocuk ile bir yeti\u015fkinin hayal d\u00fcnyas\u0131 aras\u0131nda \u00f6nemli bir fark yoktur. Hem<span class=\"excerpt-hellip\"> [\u2026]<\/span><\/p>\n","protected":false},"featured_media":0,"template":"","meta":{"_monsterinsights_skip_tracking":false,"_monsterinsights_sitenote_active":false,"_monsterinsights_sitenote_note":"","_monsterinsights_sitenote_category":0},"product_brand":[],"product_cat":[12274,12523],"product_tag":[],"class_list":{"0":"post-756577","1":"product","2":"type-product","3":"status-publish","5":"product_cat-cocuk-ve-genclik-kitaplari","6":"product_cat-masallar","7":"pa_cilt-ciltsiz","8":"pa_tur-kitap","9":"pa_yayinevi-remzi-kitabevi","10":"pa_yazar-ustun-dokmen","12":"first","13":"instock","14":"sale","15":"shipping-taxable","16":"purchasable","17":"product-type-simple"},"_links":{"self":[{"href":"https:\/\/roveyayinevi.com.tr\/index.php\/wp-json\/wp\/v2\/product\/756577","targetHints":{"allow":["GET"]}}],"collection":[{"href":"https:\/\/roveyayinevi.com.tr\/index.php\/wp-json\/wp\/v2\/product"}],"about":[{"href":"https:\/\/roveyayinevi.com.tr\/index.php\/wp-json\/wp\/v2\/types\/product"}],"wp:attachment":[{"href":"https:\/\/roveyayinevi.com.tr\/index.php\/wp-json\/wp\/v2\/media?parent=756577"}],"wp:term":[{"taxonomy":"product_brand","embeddable":true,"href":"https:\/\/roveyayinevi.com.tr\/index.php\/wp-json\/wp\/v2\/product_brand?post=756577"},{"taxonomy":"product_cat","embeddable":true,"href":"https:\/\/roveyayinevi.com.tr\/index.php\/wp-json\/wp\/v2\/product_cat?post=756577"},{"taxonomy":"product_tag","embeddable":true,"href":"https:\/\/roveyayinevi.com.tr\/index.php\/wp-json\/wp\/v2\/product_tag?post=756577"}],"curies":[{"name":"wp","href":"https:\/\/api.w.org\/{rel}","templated":true}]}}