{"id":756575,"date":"2025-08-28T07:12:01","date_gmt":"2025-08-28T04:12:01","guid":{"rendered":"https:\/\/roveyayinevi.com.tr\/index.php\/urun\/cizgili-raki-ansiklopedisi-remix\/"},"modified":"2026-04-16T03:09:38","modified_gmt":"2026-04-16T00:09:38","slug":"cizgili-raki-ansiklopedisi-remix","status":"publish","type":"product","link":"https:\/\/roveyayinevi.com.tr\/index.php\/urun\/cizgili-raki-ansiklopedisi-remix\/","title":{"rendered":"\u00c7izgili Rak\u0131 Ansiklopedisi [Remix]"},"content":{"rendered":"<p>Erdir Zat liderli\u011finde haz\u0131rlanan efsane Rak\u0131 Ansiklopedi\u2019miz (2010) \u00e7\u0131kal\u0131 tam 13 sene olmu\u015f. Ma\u015fallah diyoruz. Yay\u0131nc\u0131l\u0131k tarihine ge\u00e7memizi sa\u011flayan bu nefis eser i\u00e7in k\u0131ymetli yazarlar\u0131m\u0131z ve edit\u00f6rlerimiz ba\u015fta olmak \u00fczere t\u00fcm ekibe bu vesileyle bir kez daha \u015f\u00fckranlar\u0131m\u0131z\u0131 sunal\u0131m.   Bu eser ise, i\u015fte o dev ansiklopediden do\u011fdu. Sevgili Arel Sivi\u015f ansiklopedideki t\u00fcm maddeleri defalarca okudu, se\u00e7ti, sildi, tekrar se\u00e7ti. Ve en sonunda k\u0131ymetli kalemiyle \u00e7izdi.   John Berger, \u201cbir \u015feyi g\u00f6rd\u00fckten hemen sonra, ayn\u0131 zamanda kendimizi g\u00f6r\u00fclebilece\u011fini de fark ederiz\u201d der. G\u00f6rmek, bu anlamda okumaktan bamba\u015fka hisleri ortaya \u00e7\u0131karan bir eylemdir.   \u0130lkini \u00e7ok sevmi\u015ftiniz. Dileriz ba\u015fka duyular\u0131 harekete ge\u00e7irme derdine d\u00fc\u015fen bu versiyonundan da ayn\u0131 keyfi al\u0131rs\u0131n\u0131z. <\/p>\n","protected":false},"excerpt":{"rendered":"<p>Erdir Zat liderli\u011finde haz\u0131rlanan efsane Rak\u0131 Ansiklopedi\u2019miz (2010) \u00e7\u0131kal\u0131 tam 13 sene olmu\u015f. Ma\u015fallah diyoruz. Yay\u0131nc\u0131l\u0131k tarihine ge\u00e7memizi sa\u011flayan bu nefis eser i\u00e7in k\u0131ymetli yazarlar\u0131m\u0131z ve<span class=\"excerpt-hellip\"> [\u2026]<\/span><\/p>\n","protected":false},"featured_media":0,"template":"","meta":{"_monsterinsights_skip_tracking":false,"_monsterinsights_sitenote_active":false,"_monsterinsights_sitenote_note":"","_monsterinsights_sitenote_category":0},"product_brand":[],"product_cat":[12365,12364],"product_tag":[],"class_list":{"0":"post-756575","1":"product","2":"type-product","3":"status-publish","5":"product_cat-diger-genel-konular","6":"product_cat-genel-konular","7":"pa_cilt-ciltsiz","8":"pa_tur-kitap","9":"pa_yayinevi-overteam-yayinlari","10":"pa_yazar-kolektif","12":"first","13":"instock","14":"sale","15":"shipping-taxable","16":"purchasable","17":"product-type-simple"},"_links":{"self":[{"href":"https:\/\/roveyayinevi.com.tr\/index.php\/wp-json\/wp\/v2\/product\/756575","targetHints":{"allow":["GET"]}}],"collection":[{"href":"https:\/\/roveyayinevi.com.tr\/index.php\/wp-json\/wp\/v2\/product"}],"about":[{"href":"https:\/\/roveyayinevi.com.tr\/index.php\/wp-json\/wp\/v2\/types\/product"}],"wp:attachment":[{"href":"https:\/\/roveyayinevi.com.tr\/index.php\/wp-json\/wp\/v2\/media?parent=756575"}],"wp:term":[{"taxonomy":"product_brand","embeddable":true,"href":"https:\/\/roveyayinevi.com.tr\/index.php\/wp-json\/wp\/v2\/product_brand?post=756575"},{"taxonomy":"product_cat","embeddable":true,"href":"https:\/\/roveyayinevi.com.tr\/index.php\/wp-json\/wp\/v2\/product_cat?post=756575"},{"taxonomy":"product_tag","embeddable":true,"href":"https:\/\/roveyayinevi.com.tr\/index.php\/wp-json\/wp\/v2\/product_tag?post=756575"}],"curies":[{"name":"wp","href":"https:\/\/api.w.org\/{rel}","templated":true}]}}