{"id":756570,"date":"2025-08-28T07:11:52","date_gmt":"2025-08-28T04:11:52","guid":{"rendered":"https:\/\/roveyayinevi.com.tr\/index.php\/urun\/dar-ve-genis-anlamda-rekabet-politikalari\/"},"modified":"2026-04-16T03:09:38","modified_gmt":"2026-04-16T00:09:38","slug":"dar-ve-genis-anlamda-rekabet-politikalari","status":"publish","type":"product","link":"https:\/\/roveyayinevi.com.tr\/index.php\/urun\/dar-ve-genis-anlamda-rekabet-politikalari\/","title":{"rendered":"Dar ve Geni\u015f Anlamda Rekabet Politikalar\u0131"},"content":{"rendered":"<p>T\u00fcrkiye\u2019de rekabet politikas\u0131 kavram\u0131, mevcut rekabet kanunu kapsam\u0131nda rekabetin korunmas\u0131n\u0131 ifade eden dar anlamda rekabet politikalar\u0131n\u0131 \u00e7a\u011fr\u0131\u015ft\u0131r\u0131r. Avrupa Birli\u011fi\u2019nde rekabet politikas\u0131 kavram\u0131, rekabetin korunmas\u0131 d\u0131\u015f\u0131nda kamu yard\u0131mlar\u0131nda, kamu ihalelerinde rekabetin sa\u011flanmas\u0131n\u0131, kamu d\u00fczenlemelerinin rekabetle uyumlu olmas\u0131n\u0131 ve \u00fcye \u00fclkeler aras\u0131nda b\u00fct\u00fcnle\u015fmeyi kolayla\u015ft\u0131ran di\u011fer fakt\u00f6rleri de i\u00e7eren daha geni\u015f anlamda bir rekabet politikas\u0131n\u0131 olu\u015fturan d\u00fczenlemeler ve tercihler demetini yans\u0131t\u0131r. Bu kitapta rekabet politikalar\u0131, geli\u015fmekte olan \u00fclkelerin ihtiya\u00e7lar\u0131 \u00e7er\u00e7evesinde mevcut rekabetin korunmas\u0131 yan\u0131nda, rekabet ortam\u0131n\u0131n ve rekabet k\u00fclt\u00fcr\u00fcn\u00fcn geli\u015ftirilmesini, yayg\u0131nl\u0131k kazanmas\u0131n\u0131 ve etkinle\u015ftirilmesini kapsayan t\u00fcm boyutlar\u0131yla ele al\u0131nmaktad\u0131r. Geni\u015f anlamda rekabet politikalar\u0131 sadece rekabet hukukunu de\u011fil, hukukun b\u00fct\u00fcn dallar\u0131n\u0131 ilgilendiren boyutlara sahiptir. Geni\u015f anlamda rekabet politikalar\u0131n\u0131n temel hedeflerinden birisi olan rekabet k\u00fclt\u00fcr\u00fcn\u00fcn geli\u015fmesi de davran\u0131\u015fsal ekonominin ve sosyolojinin g\u00f6z ard\u0131 edemeyece\u011fi kadar \u00f6nemli bir husustur. Bu \u00e7er\u00e7evede bu kitap, hukuk\u00e7ulara, iktisat\u00e7\u0131lara, kamu y\u00f6netimi uzmanlar\u0131na, i\u015fletme e\u011fitimi g\u00f6renlere ve de sosyologlara hitap etmektedir. Asl\u0131nda bu kitap \u00e7a\u011fda\u015f ve m\u00fcreffeh bir toplumun nas\u0131l olu\u015fturulaca\u011f\u0131 konusunda kafa yoran herkese hitap etmektedir. <\/p>\n","protected":false},"excerpt":{"rendered":"<p>T\u00fcrkiye\u2019de rekabet politikas\u0131 kavram\u0131, mevcut rekabet kanunu kapsam\u0131nda rekabetin korunmas\u0131n\u0131 ifade eden dar anlamda rekabet politikalar\u0131n\u0131 \u00e7a\u011fr\u0131\u015ft\u0131r\u0131r. Avrupa Birli\u011fi\u2019nde rekabet politikas\u0131 kavram\u0131, rekabetin korunmas\u0131 d\u0131\u015f\u0131nda kamu<span class=\"excerpt-hellip\"> [\u2026]<\/span><\/p>\n","protected":false},"featured_media":0,"template":"","meta":{"_monsterinsights_skip_tracking":false,"_monsterinsights_sitenote_active":false,"_monsterinsights_sitenote_note":"","_monsterinsights_sitenote_category":0},"product_brand":[],"product_cat":[13043,14381],"product_tag":[],"class_list":{"0":"post-756570","1":"product","2":"type-product","3":"status-publish","5":"product_cat-ekonomi","6":"product_cat-isletme-muhasebe-maliye","7":"pa_cilt-ciltsiz","8":"pa_tur-kitap","9":"pa_yayinevi-liberte-yayinlari","10":"pa_yazar-erdal-turkkan","12":"first","13":"instock","14":"sale","15":"shipping-taxable","16":"purchasable","17":"product-type-simple"},"_links":{"self":[{"href":"https:\/\/roveyayinevi.com.tr\/index.php\/wp-json\/wp\/v2\/product\/756570","targetHints":{"allow":["GET"]}}],"collection":[{"href":"https:\/\/roveyayinevi.com.tr\/index.php\/wp-json\/wp\/v2\/product"}],"about":[{"href":"https:\/\/roveyayinevi.com.tr\/index.php\/wp-json\/wp\/v2\/types\/product"}],"wp:attachment":[{"href":"https:\/\/roveyayinevi.com.tr\/index.php\/wp-json\/wp\/v2\/media?parent=756570"}],"wp:term":[{"taxonomy":"product_brand","embeddable":true,"href":"https:\/\/roveyayinevi.com.tr\/index.php\/wp-json\/wp\/v2\/product_brand?post=756570"},{"taxonomy":"product_cat","embeddable":true,"href":"https:\/\/roveyayinevi.com.tr\/index.php\/wp-json\/wp\/v2\/product_cat?post=756570"},{"taxonomy":"product_tag","embeddable":true,"href":"https:\/\/roveyayinevi.com.tr\/index.php\/wp-json\/wp\/v2\/product_tag?post=756570"}],"curies":[{"name":"wp","href":"https:\/\/api.w.org\/{rel}","templated":true}]}}