{"id":756568,"date":"2025-08-28T07:11:48","date_gmt":"2025-08-28T04:11:48","guid":{"rendered":"https:\/\/roveyayinevi.com.tr\/index.php\/urun\/akiskan-modern-dunyada-yonetim\/"},"modified":"2026-04-16T03:09:38","modified_gmt":"2026-04-16T00:09:38","slug":"akiskan-modern-dunyada-yonetim","status":"publish","type":"product","link":"https:\/\/roveyayinevi.com.tr\/index.php\/urun\/akiskan-modern-dunyada-yonetim\/","title":{"rendered":"Ak\u0131\u015fkan Modern D\u00fcnyada Y\u00f6netim"},"content":{"rendered":"<p>Zygmunt Bauman\u2019\u0131n \u201cak\u0131\u015fkan modernlik\u201d olarak tan\u0131mlad\u0131\u011f\u0131 i\u00e7inde ya\u015fad\u0131\u011f\u0131m\u0131z \u00e7a\u011f, her alanda muazzam belirsizliklerle karakterize olur. Bunun en \u00f6nemli neticelerinden biri, bireylerin referans alabilecekleri yerle\u015fik toplumsal yap\u0131, kurum ve \u00f6rg\u00fctlerden mahrum kalmas\u0131d\u0131r. B\u00f6ylesi bir belirsizlik hali, y\u00f6netim kuram\u0131ndan ve onun denetim ve \u00f6ng\u00f6r\u00fclebilirlik gibi vaatlerinden \u00f6nemli \u00f6l\u00e7\u00fcde ayr\u0131\u015f\u0131r. Dahas\u0131 ak\u0131\u015fkan modernlik \u00e7a\u011f\u0131nda \u201cy\u00f6netim\u201d, ait oldu\u011fu profesyonel alan\u0131n s\u0131n\u0131rlar\u0131n\u0131 \u00e7oktan a\u015f\u0131p \u00f6zel hayat\u0131n neredeyse t\u00fcm alanlar\u0131n\u0131 ku\u015fat\u0131r hale gelmi\u015ftir. Ak\u0131\u015fkan modernli\u011fin \u00f6ng\u00f6r\u00fclemezli\u011fi ile y\u00f6netimin vaat etti\u011fi denetim aras\u0131ndaki kar\u015f\u0131tl\u0131k, ister istemez baz\u0131 sorular\u0131 akla getirir: Y\u00f6netsel pratik, ak\u0131\u015fkan modernli\u011fin olumsuz etkilerinin \u00f6n\u00fcne ge\u00e7ebilir mi? Ak\u0131\u015fkan modernli\u011fin \u015fu an i\u00e7inde bulundu\u011fu deh\u015fet verici durumun sorumlusu, hayat\u0131m\u0131z\u0131n her alan\u0131nda y\u00f6netime duydu\u011fumuz sars\u0131lmaz inan\u00e7 olabilir mi? E\u011fer \u00f6yleyse, y\u00f6netime olan yakla\u015f\u0131m\u0131m\u0131z\u0131 de\u011fi\u015ftirebilir miyiz? \u00d6rg\u00fct ve y\u00f6netim bilimciler Jerzy Kociatkiewicz ile Monika Kostera, mimar ve kentsel \u00e7al\u0131\u015fmalar uzman\u0131 Irena Bauman ve \u00e7a\u011f\u0131m\u0131z\u0131n en \u00f6nemli sosyologlar\u0131ndan Zygmunt Bauman bireycilik, t\u00fcketim k\u00fclt\u00fcr\u00fc, toplumsal e\u015fitsizlikler ve iklim de\u011fi\u015fikli\u011finin belirleyici oldu\u011fu bu \u201cfetret devri\u201dndeki ba\u015fl\u0131ca sorunlar\u0131n \u00e7\u00f6z\u00fcm\u00fcnde \u201cy\u00f6netim\u201d kavram\u0131n\u0131n oynad\u0131\u011f\u0131 merkezi rol\u00fc, heterotopya, mezo-d\u00fczey \u00f6rg\u00fctlenme, y\u00f6neticisiz y\u00f6netimler, \u00fcretken t\u00fcketicilik gibi ufuk a\u00e7\u0131c\u0131 kavramlar \u0131\u015f\u0131\u011f\u0131nda tart\u0131\u015fmaya a\u00e7\u0131yorlar.<\/p>\n","protected":false},"excerpt":{"rendered":"<p>Zygmunt Bauman\u2019\u0131n \u201cak\u0131\u015fkan modernlik\u201d olarak tan\u0131mlad\u0131\u011f\u0131 i\u00e7inde ya\u015fad\u0131\u011f\u0131m\u0131z \u00e7a\u011f, her alanda muazzam belirsizliklerle karakterize olur. Bunun en \u00f6nemli neticelerinden biri, bireylerin referans alabilecekleri yerle\u015fik toplumsal yap\u0131,<span class=\"excerpt-hellip\"> [\u2026]<\/span><\/p>\n","protected":false},"featured_media":0,"template":"","meta":{"_monsterinsights_skip_tracking":false,"_monsterinsights_sitenote_active":false,"_monsterinsights_sitenote_note":"","_monsterinsights_sitenote_category":0},"product_brand":[],"product_cat":[12325,12324],"product_tag":[],"class_list":{"0":"post-756568","1":"product","2":"type-product","3":"status-publish","5":"product_cat-diger-sosyoloji","6":"product_cat-sosyoloji","7":"pa_cilt-ciltsiz","8":"pa_tur-kitap","9":"pa_yayinevi-ayrinti-yayinlari","10":"pa_yazar-kolektif","12":"first","13":"instock","14":"sale","15":"shipping-taxable","16":"purchasable","17":"product-type-simple"},"_links":{"self":[{"href":"https:\/\/roveyayinevi.com.tr\/index.php\/wp-json\/wp\/v2\/product\/756568","targetHints":{"allow":["GET"]}}],"collection":[{"href":"https:\/\/roveyayinevi.com.tr\/index.php\/wp-json\/wp\/v2\/product"}],"about":[{"href":"https:\/\/roveyayinevi.com.tr\/index.php\/wp-json\/wp\/v2\/types\/product"}],"wp:attachment":[{"href":"https:\/\/roveyayinevi.com.tr\/index.php\/wp-json\/wp\/v2\/media?parent=756568"}],"wp:term":[{"taxonomy":"product_brand","embeddable":true,"href":"https:\/\/roveyayinevi.com.tr\/index.php\/wp-json\/wp\/v2\/product_brand?post=756568"},{"taxonomy":"product_cat","embeddable":true,"href":"https:\/\/roveyayinevi.com.tr\/index.php\/wp-json\/wp\/v2\/product_cat?post=756568"},{"taxonomy":"product_tag","embeddable":true,"href":"https:\/\/roveyayinevi.com.tr\/index.php\/wp-json\/wp\/v2\/product_tag?post=756568"}],"curies":[{"name":"wp","href":"https:\/\/api.w.org\/{rel}","templated":true}]}}