{"id":756567,"date":"2025-08-28T07:11:47","date_gmt":"2025-08-28T04:11:47","guid":{"rendered":"https:\/\/roveyayinevi.com.tr\/index.php\/urun\/aksanli-sinema\/"},"modified":"2026-04-16T03:09:38","modified_gmt":"2026-04-16T00:09:38","slug":"aksanli-sinema","status":"publish","type":"product","link":"https:\/\/roveyayinevi.com.tr\/index.php\/urun\/aksanli-sinema\/","title":{"rendered":"Aksanl\u0131 Sinema"},"content":{"rendered":"<p>Naficy bu kitapta, uzun y\u0131llar s\u00fcren bir \u00e7al\u0131\u015fmayla ve say\u0131s\u0131z \u00e7ok dilli, \u00e7ok uluslu metin ve filmden s\u00fczerek, sinema alan\u0131nda bo\u015flu\u011fu hissedilen bir metin ortaya koyuyor. S\u00fcrg\u00fcndeki \u00dc\u00e7\u00fcnc\u00fc D\u00fcnya Sinemac\u0131lar\u0131n\u0131n bir o kadar da Avrupal\u0131, Amerikal\u0131, Rus, Kanadal\u0131 sinemac\u0131n\u0131n 60\u2019lardan bu yana \u201cBat\u0131\u201dda ger\u00e7ekle\u015ftirdikleri filmleri \u00e7\u00f6z\u00fcmlerken, bu filmlere onlar\u0131n varolu\u015f \u00f6yk\u00fclerine de yakla\u015f\u0131mlar\u0131n\u0131n bir par\u00e7as\u0131 olarak i\u015faret ediyor Hamid Naficy. Onun \u201cAksanl\u0131 Sinema\u201d olarak tan\u0131mlad\u0131\u011f\u0131 bu t\u00fcr, \u201cEgemen Sinema\u201dya kar\u015f\u0131 bir duru\u015f. Yerinden yurdundan edilmi\u015flerin kimlik yolculuklar\u0131n\u0131n ve kimlik m\u00fccadelelerinin alegorik ve ele\u015ftirel \u00f6yk\u00fcs\u00fc. Bu anlamda Aksanl\u0131 Sinema s\u00fcrg\u00fcne ait ve diyasporal filmlerin \u00f6zg\u00fcn estetik ve politik \u00fcsluplar\u0131 kadar yeni kavramlarla da sineman\u0131n teorik ufkunu geni\u015fletiyor. <\/p>\n","protected":false},"excerpt":{"rendered":"<p>Naficy bu kitapta, uzun y\u0131llar s\u00fcren bir \u00e7al\u0131\u015fmayla ve say\u0131s\u0131z \u00e7ok dilli, \u00e7ok uluslu metin ve filmden s\u00fczerek, sinema alan\u0131nda bo\u015flu\u011fu hissedilen bir metin ortaya koyuyor.<span class=\"excerpt-hellip\"> [\u2026]<\/span><\/p>\n","protected":false},"featured_media":0,"template":"","meta":{"_monsterinsights_skip_tracking":false,"_monsterinsights_sitenote_active":false,"_monsterinsights_sitenote_note":"","_monsterinsights_sitenote_category":0},"product_brand":[],"product_cat":[12409,12408],"product_tag":[],"class_list":{"0":"post-756567","1":"product","2":"type-product","3":"status-publish","5":"product_cat-fotograf-sinema-tiyatro","6":"product_cat-sanat","7":"pa_cilt-ciltsiz","8":"pa_tur-kitap","9":"pa_yayinevi-ayrinti-yayinlari","10":"pa_yazar-hamid-naficy","12":"first","13":"instock","14":"sale","15":"shipping-taxable","16":"purchasable","17":"product-type-simple"},"_links":{"self":[{"href":"https:\/\/roveyayinevi.com.tr\/index.php\/wp-json\/wp\/v2\/product\/756567","targetHints":{"allow":["GET"]}}],"collection":[{"href":"https:\/\/roveyayinevi.com.tr\/index.php\/wp-json\/wp\/v2\/product"}],"about":[{"href":"https:\/\/roveyayinevi.com.tr\/index.php\/wp-json\/wp\/v2\/types\/product"}],"wp:attachment":[{"href":"https:\/\/roveyayinevi.com.tr\/index.php\/wp-json\/wp\/v2\/media?parent=756567"}],"wp:term":[{"taxonomy":"product_brand","embeddable":true,"href":"https:\/\/roveyayinevi.com.tr\/index.php\/wp-json\/wp\/v2\/product_brand?post=756567"},{"taxonomy":"product_cat","embeddable":true,"href":"https:\/\/roveyayinevi.com.tr\/index.php\/wp-json\/wp\/v2\/product_cat?post=756567"},{"taxonomy":"product_tag","embeddable":true,"href":"https:\/\/roveyayinevi.com.tr\/index.php\/wp-json\/wp\/v2\/product_tag?post=756567"}],"curies":[{"name":"wp","href":"https:\/\/api.w.org\/{rel}","templated":true}]}}