{"id":756566,"date":"2025-08-28T07:11:45","date_gmt":"2025-08-28T04:11:45","guid":{"rendered":"https:\/\/roveyayinevi.com.tr\/index.php\/urun\/baba-4\/"},"modified":"2026-04-16T03:09:38","modified_gmt":"2026-04-16T00:09:38","slug":"baba-4","status":"publish","type":"product","link":"https:\/\/roveyayinevi.com.tr\/index.php\/urun\/baba-4\/","title":{"rendered":"Baba"},"content":{"rendered":"<p>\u0130kinci D\u00fcnya Sava\u015f\u0131 y\u0131llar\u0131n\u0131n Avusturya\u2019s\u0131. Lise mezuniyetine alt\u0131 ay kala Rusya\u2019ya cepheye g\u00f6nderilen ve sava\u015f\u0131n sonunda bedeninin bir k\u0131sm\u0131n\u0131 kaybederek d\u00f6nen Josef\u2026 Hen\u00fcz \u00e7ocukken ayaklar\u0131yla d\u00fczle\u015ftirdi\u011fi toprak zemini defter olarak kullanan, ya\u015f ald\u0131k\u00e7a evrenini kitaplarla \u00f6ren bir aile babas\u0131. Bacak protezinin yan\u0131 s\u0131ra kitaplar\u0131na yaslanan bir adam. K\u00f6knar a\u011fa\u00e7lar\u0131n\u0131n \u00e7evreledi\u011fi bir bina. Binan\u0131n en \u00fcst kat\u0131nda, pencereyi a\u00e7t\u0131\u011f\u0131n\u0131zda i\u00e7eriye re\u00e7ine kokusunun s\u0131zd\u0131\u011f\u0131 m\u00fctevaz\u0131 bir k\u00fct\u00fcphane. Yazar Monika Helfer, eserinde Alman edebiyat\u0131nda \u201cZeitsprung\u201d olarak adland\u0131r\u0131lan \u201czamansal s\u0131\u00e7rama\u201d metodunu kullan\u0131yor. Sava\u015f sonras\u0131 d\u00f6nemin \u00e7i\u00e7ekli \u00e7ay\u0131rlar\u0131na uzanm\u0131\u015f halde g\u00f6ky\u00fcz\u00fcn\u00fc seyreden okur, kendisini bir anda \u201890\u2019l\u0131 y\u0131llarda Berlin\u2019e do\u011fru hareket eden bir trenin i\u00e7inde bulabiliyor. Baba\u2019da modern d\u00fcnya ile Katolik kilisesi \u00f6\u011fretisi aras\u0131nda seyreden dalga boyu y\u00fcksek bir hik\u00e2yenin kap\u0131lar\u0131 aralan\u0131yor. \u201cY\u00fck kitab\u0131ndaki karakterlerden bir k\u0131sm\u0131yla yeniden kar\u015f\u0131la\u015f\u0131yoruz. Yazar Monika Helfer, Baba ismini verdi\u011fi kitab\u0131nda ya\u015fam\u0131 gizem bulutu i\u00e7inde ge\u00e7en babas\u0131n\u0131 anlat\u0131yor. Kitapta trajedi, komedi ve abs\u00fcrtl\u00fck i\u00e7 i\u00e7e ge\u00e7mi\u015f halde i\u015fleniyor. Kitab\u0131n ana karakteri Alman edebiyat\u0131nda tekrar tekrar kar\u015f\u0131la\u015ft\u0131\u011f\u0131m\u0131z biri: i\u00e7ine kapan\u0131k, egomanyak, sava\u015ftan d\u00f6nm\u00fc\u015f, sava\u015f travmas\u0131n\u0131 maddi saplant\u0131larla telafi eden bir adam. Monika Helfer, herkesten yak\u0131n oldu\u011funu d\u00fc\u015f\u00fcnd\u00fcklerinizin uzak y\u00f6nlerini g\u00fcn y\u00fcz\u00fcne \u00e7\u0131kar\u0131yor.\u201d Christoph Schr\u00f6der, Die Zeit \u201cKitapta \u00e7izilen aile portresi sava\u015f sonras\u0131 erken d\u00f6nem toplumuna ayna tutuyor. Hik\u00e2ye, manik d\u00fczeyde kitap ba\u011f\u0131ml\u0131s\u0131 olan bir baban\u0131n etraf\u0131nda geli\u015fen olaylar\u0131 resmediyor.\u201d Christel Wester, Deutschlandrundfunk  \u201cBas\u0131nda b\u00fcy\u00fck ve olumlu bir yank\u0131 uyand\u0131ran roman\u0131n yak\u0131n gelecekte Alman Kitap \u00d6d\u00fcl\u00fc listesinde yer almas\u0131 do\u011fru bir sonu\u00e7 olacakt\u0131r.\u201d Petra Reich, Literaturreich   <\/p>\n","protected":false},"excerpt":{"rendered":"<p>\u0130kinci D\u00fcnya Sava\u015f\u0131 y\u0131llar\u0131n\u0131n Avusturya\u2019s\u0131. Lise mezuniyetine alt\u0131 ay kala Rusya\u2019ya cepheye g\u00f6nderilen ve sava\u015f\u0131n sonunda bedeninin bir k\u0131sm\u0131n\u0131 kaybederek d\u00f6nen Josef\u2026 Hen\u00fcz \u00e7ocukken ayaklar\u0131yla d\u00fczle\u015ftirdi\u011fi<span class=\"excerpt-hellip\"> [\u2026]<\/span><\/p>\n","protected":false},"featured_media":0,"template":"","meta":{"_monsterinsights_skip_tracking":false,"_monsterinsights_sitenote_active":false,"_monsterinsights_sitenote_note":"","_monsterinsights_sitenote_category":0},"product_brand":[],"product_cat":[12291,12745],"product_tag":[],"class_list":{"0":"post-756566","1":"product","2":"type-product","3":"status-publish","5":"product_cat-edebiyat","6":"product_cat-tarihi-roman","7":"pa_cilt-ciltsiz","8":"pa_tur-kitap","9":"pa_yayinevi-dusbaz-kitaplar","10":"pa_yazar-monika-helfer","12":"first","13":"instock","14":"sale","15":"shipping-taxable","16":"purchasable","17":"product-type-simple"},"_links":{"self":[{"href":"https:\/\/roveyayinevi.com.tr\/index.php\/wp-json\/wp\/v2\/product\/756566","targetHints":{"allow":["GET"]}}],"collection":[{"href":"https:\/\/roveyayinevi.com.tr\/index.php\/wp-json\/wp\/v2\/product"}],"about":[{"href":"https:\/\/roveyayinevi.com.tr\/index.php\/wp-json\/wp\/v2\/types\/product"}],"wp:attachment":[{"href":"https:\/\/roveyayinevi.com.tr\/index.php\/wp-json\/wp\/v2\/media?parent=756566"}],"wp:term":[{"taxonomy":"product_brand","embeddable":true,"href":"https:\/\/roveyayinevi.com.tr\/index.php\/wp-json\/wp\/v2\/product_brand?post=756566"},{"taxonomy":"product_cat","embeddable":true,"href":"https:\/\/roveyayinevi.com.tr\/index.php\/wp-json\/wp\/v2\/product_cat?post=756566"},{"taxonomy":"product_tag","embeddable":true,"href":"https:\/\/roveyayinevi.com.tr\/index.php\/wp-json\/wp\/v2\/product_tag?post=756566"}],"curies":[{"name":"wp","href":"https:\/\/api.w.org\/{rel}","templated":true}]}}