{"id":756565,"date":"2025-08-28T07:11:43","date_gmt":"2025-08-28T04:11:43","guid":{"rendered":"https:\/\/roveyayinevi.com.tr\/index.php\/urun\/balpatinin-dogum-gunu\/"},"modified":"2026-04-16T03:09:38","modified_gmt":"2026-04-16T00:09:38","slug":"balpatinin-dogum-gunu","status":"publish","type":"product","link":"https:\/\/roveyayinevi.com.tr\/index.php\/urun\/balpatinin-dogum-gunu\/","title":{"rendered":"Balpati&#8217;nin Do\u011fum G\u00fcn\u00fc"},"content":{"rendered":"<p>Ne \u015fahane! Balpati\u2019nin do\u011fum g\u00fcn\u00fc partisi i\u00e7in haz\u0131rl\u0131klar devam ediyor. B\u00fcy\u00fckanne, b\u00fcy\u00fckbaba, teyze, eni\u015fte ve kuzenler o g\u00fcn Balpati\u2019nin do\u011fum g\u00fcn\u00fcne davetliydi. Ama bir dakika, Balpati nerede? Balpati evdeki tela\u015ftan ve hareketten ka\u00e7\u0131p bir yere saklanm\u0131\u015f olmal\u0131\u2026 I\u015f\u0131kl\u0131 topu da yan\u0131nda m\u0131? <\/p>\n","protected":false},"excerpt":{"rendered":"<p>Ne \u015fahane! Balpati\u2019nin do\u011fum g\u00fcn\u00fc partisi i\u00e7in haz\u0131rl\u0131klar devam ediyor. B\u00fcy\u00fckanne, b\u00fcy\u00fckbaba, teyze, eni\u015fte ve kuzenler o g\u00fcn Balpati\u2019nin do\u011fum g\u00fcn\u00fcne davetliydi. Ama bir dakika, Balpati<span class=\"excerpt-hellip\"> [\u2026]<\/span><\/p>\n","protected":false},"featured_media":0,"template":"","meta":{"_monsterinsights_skip_tracking":false,"_monsterinsights_sitenote_active":false,"_monsterinsights_sitenote_note":"","_monsterinsights_sitenote_category":0},"product_brand":[],"product_cat":[12274,12284],"product_tag":[],"class_list":{"0":"post-756565","1":"product","2":"type-product","3":"status-publish","5":"product_cat-cocuk-ve-genclik-kitaplari","6":"product_cat-hikayeler","7":"pa_cilt-ciltsiz","8":"pa_tur-kitap","9":"pa_yayinevi-dinozor-cocuk","10":"pa_yazar-zeynep-mackali","12":"first","13":"instock","14":"sale","15":"shipping-taxable","16":"purchasable","17":"product-type-simple"},"_links":{"self":[{"href":"https:\/\/roveyayinevi.com.tr\/index.php\/wp-json\/wp\/v2\/product\/756565","targetHints":{"allow":["GET"]}}],"collection":[{"href":"https:\/\/roveyayinevi.com.tr\/index.php\/wp-json\/wp\/v2\/product"}],"about":[{"href":"https:\/\/roveyayinevi.com.tr\/index.php\/wp-json\/wp\/v2\/types\/product"}],"wp:attachment":[{"href":"https:\/\/roveyayinevi.com.tr\/index.php\/wp-json\/wp\/v2\/media?parent=756565"}],"wp:term":[{"taxonomy":"product_brand","embeddable":true,"href":"https:\/\/roveyayinevi.com.tr\/index.php\/wp-json\/wp\/v2\/product_brand?post=756565"},{"taxonomy":"product_cat","embeddable":true,"href":"https:\/\/roveyayinevi.com.tr\/index.php\/wp-json\/wp\/v2\/product_cat?post=756565"},{"taxonomy":"product_tag","embeddable":true,"href":"https:\/\/roveyayinevi.com.tr\/index.php\/wp-json\/wp\/v2\/product_tag?post=756565"}],"curies":[{"name":"wp","href":"https:\/\/api.w.org\/{rel}","templated":true}]}}