{"id":756564,"date":"2025-08-28T07:11:41","date_gmt":"2025-08-28T04:11:41","guid":{"rendered":"https:\/\/roveyayinevi.com.tr\/index.php\/urun\/bulanik-adam\/"},"modified":"2026-04-16T03:09:38","modified_gmt":"2026-04-16T00:09:38","slug":"bulanik-adam","status":"publish","type":"product","link":"https:\/\/roveyayinevi.com.tr\/index.php\/urun\/bulanik-adam\/","title":{"rendered":"Bulan\u0131k Adam"},"content":{"rendered":"<p>Ve O\u011ful, bilesin ki \u015fu zahiri d\u00fcnyada ya\u015fanan ruhun isteklerinin asl\u0131 de\u011fil, suretidir ve o suretin ger\u00e7ek oldu\u011funa kendini inand\u0131rmak i\u00e7in hayallerine \u00f6yle \u00f6yk\u00fcler anlat\u0131r ki insanl\u0131k, \u00f6yk\u00fclerin ger\u00e7ekli\u011fine kendini inand\u0131rd\u0131k\u00e7a ruhunun uzakla\u015ft\u0131\u011f\u0131n\u0131 fark etmez ve ol fani nihayetinde k\u00f6rle\u015fmi\u015f g\u00f6zlerle g\u00f6rd\u00fc\u011f\u00fcn\u00fc sand\u0131\u011f\u0131 \u00e2lemle ruhunun yerine getiremedi\u011fi talepleri aras\u0131n-da arafta kald\u0131\u011f\u0131 bir ya\u015fam s\u00fcrmeye mahk\u00fbm olur. Seksen ya\u015f\u0131na merdiven dayam\u0131\u015f, tek arkada\u015f\u0131m dedi\u011fi k\u00f6pe\u011fi Mojo\u2019yla birlikte ya\u015fayan A, uykusuz kald\u0131\u011f\u0131 bir gecede t\u00fcm ya\u015fam\u0131n\u0131 yeniden ya\u015f\u0131yor. Zaman\u0131 geri sararak, art\u0131k yan\u0131nda olmayanlara okumayacaklar\u0131, g\u00f6ndermeyece\u011fi mektuplar yazarak\u2026 Mektuplardaki kelimelerden do\u011fan \u00f6yk\u00fcde kendini anlatt\u0131\u011f\u0131n\u0131, Mojo\u2019nun ya\u015fam sevincinin, sevgisinin, an\u0131n fark\u0131nda olmak oldu\u011funu alg\u0131lamadan\u2026 Ahmet Er\u00f6zenci, Bulan\u0131k Adam\u2019da var olmak kavram\u0131n\u0131 yaz\u0131yor. Duygular\u0131m\u0131z hissettiklerimiz mi, bize hissettirilenler mi? Zaman ne denli bizim kontrol\u00fcm\u00fczde? Ruhun bize hayal ettirdi\u011fi ya\u015fam m\u0131 ger\u00e7ek, s\u00fcrd\u00fcrd\u00fc\u011f\u00fcm\u00fcz ya\u015fam m\u0131? Sevgi i\u00e7ten hissedilen bir duygu mu, daha iyisini bulamad\u0131\u011f\u0131m\u0131z i\u00e7in kimi durumlarda kulland\u0131\u011f\u0131m\u0131z bir kelime mi? Ya\u015fanmam\u0131\u015fa \u00f6zlem duyulabilir mi? Bulan\u0131k Adam, okuru kendisiyle y\u00fczle\u015fmeye davet ediyor. <\/p>\n","protected":false},"excerpt":{"rendered":"<p>Ve O\u011ful, bilesin ki \u015fu zahiri d\u00fcnyada ya\u015fanan ruhun isteklerinin asl\u0131 de\u011fil, suretidir ve o suretin ger\u00e7ek oldu\u011funa kendini inand\u0131rmak i\u00e7in hayallerine \u00f6yle \u00f6yk\u00fcler anlat\u0131r ki<span class=\"excerpt-hellip\"> [\u2026]<\/span><\/p>\n","protected":false},"featured_media":0,"template":"","meta":{"_monsterinsights_skip_tracking":false,"_monsterinsights_sitenote_active":false,"_monsterinsights_sitenote_note":"","_monsterinsights_sitenote_category":0},"product_brand":[],"product_cat":[12291,18202],"product_tag":[],"class_list":{"0":"post-756564","1":"product","2":"type-product","3":"status-publish","5":"product_cat-edebiyat","6":"product_cat-hikaye","7":"pa_cilt-ciltsiz","8":"pa_tur-kitap","9":"pa_yayinevi-ayrinti-yayinlari","10":"pa_yazar-n-ahmet-erozenci","12":"first","13":"instock","14":"sale","15":"shipping-taxable","16":"purchasable","17":"product-type-simple"},"_links":{"self":[{"href":"https:\/\/roveyayinevi.com.tr\/index.php\/wp-json\/wp\/v2\/product\/756564","targetHints":{"allow":["GET"]}}],"collection":[{"href":"https:\/\/roveyayinevi.com.tr\/index.php\/wp-json\/wp\/v2\/product"}],"about":[{"href":"https:\/\/roveyayinevi.com.tr\/index.php\/wp-json\/wp\/v2\/types\/product"}],"wp:attachment":[{"href":"https:\/\/roveyayinevi.com.tr\/index.php\/wp-json\/wp\/v2\/media?parent=756564"}],"wp:term":[{"taxonomy":"product_brand","embeddable":true,"href":"https:\/\/roveyayinevi.com.tr\/index.php\/wp-json\/wp\/v2\/product_brand?post=756564"},{"taxonomy":"product_cat","embeddable":true,"href":"https:\/\/roveyayinevi.com.tr\/index.php\/wp-json\/wp\/v2\/product_cat?post=756564"},{"taxonomy":"product_tag","embeddable":true,"href":"https:\/\/roveyayinevi.com.tr\/index.php\/wp-json\/wp\/v2\/product_tag?post=756564"}],"curies":[{"name":"wp","href":"https:\/\/api.w.org\/{rel}","templated":true}]}}