{"id":756563,"date":"2025-08-28T07:11:39","date_gmt":"2025-08-28T04:11:39","guid":{"rendered":"https:\/\/roveyayinevi.com.tr\/index.php\/urun\/cezmi-tarihe-mustenid-hikaye\/"},"modified":"2026-04-16T03:09:38","modified_gmt":"2026-04-16T00:09:38","slug":"cezmi-tarihe-mustenid-hikaye","status":"publish","type":"product","link":"https:\/\/roveyayinevi.com.tr\/index.php\/urun\/cezmi-tarihe-mustenid-hikaye\/","title":{"rendered":"Cezmi-Tarihe M\u00fcstenid Hikaye"},"content":{"rendered":"<p>Cezmi, Yeni T\u00fcrk Edebiyat\u0131n\u0131n ilk tarihi roman \u00f6rneklerinden biri. Roman kadrosunu olu\u015fturan ki\u015filer tarihi \u015fahsiyetlerdir. On alt\u0131nc\u0131 y\u00fczy\u0131l Osmanl\u0131-\u0130ran ili\u015fkilerinin bir b\u00f6l\u00fcm\u00fc Pe\u00e7ev\u00ee Tarihi, Hammer Tarihi gibi tarih kaynaklar\u0131ndan da yararlan\u0131larak masaya yat\u0131r\u0131lm\u0131\u015ft\u0131r. \u0130yi ile k\u00f6t\u00fc karakterlerin m\u00fccadelesinde kazanan taraf iyi karakterdir. Bir ideoloji roman\u0131 denilebilecek Cezmi&#8217;de a\u011f\u0131rl\u0131kl\u0131 olarak i\u015flenen tema vatan sevgisidir. At binme, ok\u00e7uluk ve cirit sahnelerinde Nam\u0131k Kemal, Kars&#8217;ta ge\u00e7irdi\u011fi y\u0131llar\u0131n hat\u0131ras\u0131n\u0131 tekrar ya\u015fat\u0131r. Olduk\u00e7a sanatk\u00e2rane \u00fcsl\u00fbpla yaz\u0131lan bu eserin, parantez i\u00e7i a\u00e7\u0131klamalarla, notland\u0131rmalarla daha iyi anla\u015f\u0131lmas\u0131na \u00e7al\u0131\u015f\u0131ld\u0131.<\/p>\n","protected":false},"excerpt":{"rendered":"<p>Cezmi, Yeni T\u00fcrk Edebiyat\u0131n\u0131n ilk tarihi roman \u00f6rneklerinden biri. Roman kadrosunu olu\u015fturan ki\u015filer tarihi \u015fahsiyetlerdir. On alt\u0131nc\u0131 y\u00fczy\u0131l Osmanl\u0131-\u0130ran ili\u015fkilerinin bir b\u00f6l\u00fcm\u00fc Pe\u00e7ev\u00ee Tarihi, Hammer Tarihi<span class=\"excerpt-hellip\"> [\u2026]<\/span><\/p>\n","protected":false},"featured_media":0,"template":"","meta":{"_monsterinsights_skip_tracking":false,"_monsterinsights_sitenote_active":false,"_monsterinsights_sitenote_note":"","_monsterinsights_sitenote_category":0},"product_brand":[],"product_cat":[12291,18202],"product_tag":[],"class_list":{"0":"post-756563","1":"product","2":"type-product","3":"status-publish","5":"product_cat-edebiyat","6":"product_cat-hikaye","7":"pa_cilt-ciltsiz","8":"pa_tur-kitap","9":"pa_yayinevi-ayrinti-yayinlari","10":"pa_yazar-namik-kemal","12":"first","13":"instock","14":"sale","15":"shipping-taxable","16":"purchasable","17":"product-type-simple"},"_links":{"self":[{"href":"https:\/\/roveyayinevi.com.tr\/index.php\/wp-json\/wp\/v2\/product\/756563","targetHints":{"allow":["GET"]}}],"collection":[{"href":"https:\/\/roveyayinevi.com.tr\/index.php\/wp-json\/wp\/v2\/product"}],"about":[{"href":"https:\/\/roveyayinevi.com.tr\/index.php\/wp-json\/wp\/v2\/types\/product"}],"wp:attachment":[{"href":"https:\/\/roveyayinevi.com.tr\/index.php\/wp-json\/wp\/v2\/media?parent=756563"}],"wp:term":[{"taxonomy":"product_brand","embeddable":true,"href":"https:\/\/roveyayinevi.com.tr\/index.php\/wp-json\/wp\/v2\/product_brand?post=756563"},{"taxonomy":"product_cat","embeddable":true,"href":"https:\/\/roveyayinevi.com.tr\/index.php\/wp-json\/wp\/v2\/product_cat?post=756563"},{"taxonomy":"product_tag","embeddable":true,"href":"https:\/\/roveyayinevi.com.tr\/index.php\/wp-json\/wp\/v2\/product_tag?post=756563"}],"curies":[{"name":"wp","href":"https:\/\/api.w.org\/{rel}","templated":true}]}}