{"id":756562,"date":"2025-08-28T07:11:37","date_gmt":"2025-08-28T04:11:37","guid":{"rendered":"https:\/\/roveyayinevi.com.tr\/index.php\/urun\/fran-lebowitz-kitabi\/"},"modified":"2026-04-16T03:09:38","modified_gmt":"2026-04-16T00:09:38","slug":"fran-lebowitz-kitabi","status":"publish","type":"product","link":"https:\/\/roveyayinevi.com.tr\/index.php\/urun\/fran-lebowitz-kitabi\/","title":{"rendered":"Fran Lebowitz Kitab\u0131"},"content":{"rendered":"<p>\u201cBenzersiz&#8230; Lebowitz, miras\u00e7\u0131lar, papalar, imparatori\u00e7eler i\u00e7in mesleki rehber; m\u00fclk sahipleri i\u00e7in bir elkitab\u0131; yoksullarla tan\u0131\u015fmak isteyen zenginler i\u00e7in bir k\u0131lavuz sunuyor.\u201d Vogue \u201cBir efsanenin neden efsane oldu\u011funu kan\u0131tlayabilen ender \u00f6rneklerden biri. Ger\u00e7ekten de \u00c7OK komik.\u201d Hadley Freeman \u201cOkumas\u0131 \u00e7ok zevkli.\u201d Jimmy Fallon, NBC Tonight Show\u2019un sunucusu Martin Scorsese\u2019in pop\u00fcler Netflix s\u00f6yle\u015fi dizisi Fran Lebowitz: Bir Yazar\u0131n Portresi\u2019nin y\u0131ld\u0131z\u0131, bir New York efsanesi ve hiciv ustas\u0131ndan: Fran Lebowitz Kitab\u0131. Kendine \u00f6zg\u00fc, ironik, k\u00fcstah ve komik diliyle tan\u0131nan Fran Lebowitz, bu kitapta derlenen yaz\u0131lar\u0131nda hayata dair pek \u00e7ok konuyu e\u015fsiz bak\u0131\u015f a\u00e7\u0131s\u0131yla ele alarak okurlar\u0131n\u0131 k\u0131vrak zek\u00e2s\u0131yla bulu\u015fturuyor \u2013 g\u00fclmekten k\u0131r\u0131p ge\u00e7iriyor. <\/p>\n","protected":false},"excerpt":{"rendered":"<p>\u201cBenzersiz&#8230; Lebowitz, miras\u00e7\u0131lar, papalar, imparatori\u00e7eler i\u00e7in mesleki rehber; m\u00fclk sahipleri i\u00e7in bir elkitab\u0131; yoksullarla tan\u0131\u015fmak isteyen zenginler i\u00e7in bir k\u0131lavuz sunuyor.\u201d Vogue \u201cBir efsanenin neden efsane<span class=\"excerpt-hellip\"> [\u2026]<\/span><\/p>\n","protected":false},"featured_media":0,"template":"","meta":{"_monsterinsights_skip_tracking":false,"_monsterinsights_sitenote_active":false,"_monsterinsights_sitenote_note":"","_monsterinsights_sitenote_category":0},"product_brand":[],"product_cat":[18545,12291],"product_tag":[],"class_list":{"0":"post-756562","1":"product","2":"type-product","3":"status-publish","5":"product_cat-anlati","6":"product_cat-edebiyat","7":"pa_cilt-ciltsiz","8":"pa_tur-kitap","9":"pa_yayinevi-dusbaz-kitaplar","10":"pa_yazar-fran-lebowitz","12":"first","13":"instock","14":"sale","15":"shipping-taxable","16":"purchasable","17":"product-type-simple"},"_links":{"self":[{"href":"https:\/\/roveyayinevi.com.tr\/index.php\/wp-json\/wp\/v2\/product\/756562","targetHints":{"allow":["GET"]}}],"collection":[{"href":"https:\/\/roveyayinevi.com.tr\/index.php\/wp-json\/wp\/v2\/product"}],"about":[{"href":"https:\/\/roveyayinevi.com.tr\/index.php\/wp-json\/wp\/v2\/types\/product"}],"wp:attachment":[{"href":"https:\/\/roveyayinevi.com.tr\/index.php\/wp-json\/wp\/v2\/media?parent=756562"}],"wp:term":[{"taxonomy":"product_brand","embeddable":true,"href":"https:\/\/roveyayinevi.com.tr\/index.php\/wp-json\/wp\/v2\/product_brand?post=756562"},{"taxonomy":"product_cat","embeddable":true,"href":"https:\/\/roveyayinevi.com.tr\/index.php\/wp-json\/wp\/v2\/product_cat?post=756562"},{"taxonomy":"product_tag","embeddable":true,"href":"https:\/\/roveyayinevi.com.tr\/index.php\/wp-json\/wp\/v2\/product_tag?post=756562"}],"curies":[{"name":"wp","href":"https:\/\/api.w.org\/{rel}","templated":true}]}}