{"id":756561,"date":"2025-08-28T07:11:35","date_gmt":"2025-08-28T04:11:35","guid":{"rendered":"https:\/\/roveyayinevi.com.tr\/index.php\/urun\/iyilesmek-uzerine\/"},"modified":"2026-04-16T03:09:38","modified_gmt":"2026-04-16T00:09:38","slug":"iyilesmek-uzerine","status":"publish","type":"product","link":"https:\/\/roveyayinevi.com.tr\/index.php\/urun\/iyilesmek-uzerine\/","title":{"rendered":"\u0130yile\u015fmek \u00dczerine"},"content":{"rendered":"<p>&#8230; bize tam veya mutlak tatmin vaat eden herhangi birine veya herhangi bir \u015feye kar\u015f\u0131 son derece dikkatli olmal\u0131y\u0131z. Bu sadece \u00f6fke, \u015fiddet veya hayal k\u0131r\u0131kl\u0131\u011f\u0131 getirebilecek bir vaattir. Ba\u015fka bir deyi\u015fle psikanaliz, yaln\u0131zca kurtulu\u015f k\u00fclt\u00fcrlerini ele\u015ftirebilir ve onlara kar\u015f\u0131 bir panzehir olabilir. Tam tatmin sadece tanr\u0131lar, h\u00fck\u00fcmdarlar veya tiranlar ya da daha y\u0131k\u0131c\u0131 h\u0131rslar\u0131m\u0131z\u0131 ta\u015f\u0131mak ve kapsamak i\u00e7in yaratt\u0131\u011f\u0131m\u0131z fig\u00fcrler i\u00e7indir. \u0130ngiltere\u2019nin \u00f6nde gelen psikanalistlerinden Adam Phillips, son eseri \u0130yile\u015fmek \u00dczerine\u2019de ki\u015fisel geli\u015fim furyas\u0131na farkl\u0131 ve ele\u015ftirel bir bak\u0131\u015f at\u0131yor, iyile\u015fmenin anlam\u0131n\u0131 bizlerle birlikte didikliyor. Yazar, \u00f6nceki kitab\u0131 De\u011fi\u015fmeyi \u0130stemek \u00dczerine ile tamamlay\u0131c\u0131 olarak kurgulad\u0131\u011f\u0131 bu metinde haz, tatmin, k\u00fclt\u00fcr, iyile\u015fme kavramlar\u0131na dair fikir y\u00fcr\u00fct\u00fcyor. T\u00fcm bu yolculukta Phillips; Freud, Winnicott, Masud Khan ve Bion gibi psikanaliz alan\u0131ndaki b\u00fcy\u00fck kuramc\u0131lar\u0131 William James ve David Hume gibi isimlerle harmanl\u0131yor. Bu kitapla Adam Phillips, iyile\u015fmek \u00fczerine konu\u015fmakta nas\u0131l daha iyi olabilece\u011fimize y\u00f6nelik bir ke\u015ffe \u00e7\u0131k\u0131yor. <\/p>\n","protected":false},"excerpt":{"rendered":"<p>&#8230; bize tam veya mutlak tatmin vaat eden herhangi birine veya herhangi bir \u015feye kar\u015f\u0131 son derece dikkatli olmal\u0131y\u0131z. Bu sadece \u00f6fke, \u015fiddet veya hayal k\u0131r\u0131kl\u0131\u011f\u0131<span class=\"excerpt-hellip\"> [\u2026]<\/span><\/p>\n","protected":false},"featured_media":0,"template":"","meta":{"_monsterinsights_skip_tracking":false,"_monsterinsights_sitenote_active":false,"_monsterinsights_sitenote_note":"","_monsterinsights_sitenote_category":0},"product_brand":[],"product_cat":[12358,12357],"product_tag":[],"class_list":{"0":"post-756561","1":"product","2":"type-product","3":"status-publish","5":"product_cat-genel-psikoloji","6":"product_cat-psikoloji","7":"pa_cilt-ciltsiz","8":"pa_tur-kitap","9":"pa_yayinevi-ayrinti-yayinlari","10":"pa_yazar-adam-phillips","12":"first","13":"instock","14":"sale","15":"shipping-taxable","16":"purchasable","17":"product-type-simple"},"_links":{"self":[{"href":"https:\/\/roveyayinevi.com.tr\/index.php\/wp-json\/wp\/v2\/product\/756561","targetHints":{"allow":["GET"]}}],"collection":[{"href":"https:\/\/roveyayinevi.com.tr\/index.php\/wp-json\/wp\/v2\/product"}],"about":[{"href":"https:\/\/roveyayinevi.com.tr\/index.php\/wp-json\/wp\/v2\/types\/product"}],"wp:attachment":[{"href":"https:\/\/roveyayinevi.com.tr\/index.php\/wp-json\/wp\/v2\/media?parent=756561"}],"wp:term":[{"taxonomy":"product_brand","embeddable":true,"href":"https:\/\/roveyayinevi.com.tr\/index.php\/wp-json\/wp\/v2\/product_brand?post=756561"},{"taxonomy":"product_cat","embeddable":true,"href":"https:\/\/roveyayinevi.com.tr\/index.php\/wp-json\/wp\/v2\/product_cat?post=756561"},{"taxonomy":"product_tag","embeddable":true,"href":"https:\/\/roveyayinevi.com.tr\/index.php\/wp-json\/wp\/v2\/product_tag?post=756561"}],"curies":[{"name":"wp","href":"https:\/\/api.w.org\/{rel}","templated":true}]}}