{"id":756560,"date":"2025-08-28T07:11:34","date_gmt":"2025-08-28T04:11:34","guid":{"rendered":"https:\/\/roveyayinevi.com.tr\/index.php\/urun\/o-da-kizini-optu-ve-gitti\/"},"modified":"2026-04-16T03:09:38","modified_gmt":"2026-04-16T00:09:38","slug":"o-da-kizini-optu-ve-gitti","status":"publish","type":"product","link":"https:\/\/roveyayinevi.com.tr\/index.php\/urun\/o-da-kizini-optu-ve-gitti\/","title":{"rendered":"O da K\u0131z\u0131n\u0131 \u00d6pt\u00fc ve Gitti"},"content":{"rendered":"<p>E\u015fi Savc\u0131 Do\u011fan \u00d6z\u2019\u00fc bir suikast ile kaybeden \u00f6\u011fretmen, avukat ve h\u00e2kim Sezen \u00d6z\u2019\u00fcn insan\u0131 nefessiz b\u0131rakan adalet m\u00fccadelesinin pe\u015fine d\u00fc\u015f\u00fcyoruz bu kitapta. Sakin bir ruha sahip olan ve \u00e7a\u011fr\u0131lmad\u0131\u011f\u0131 yere gitmeyen bir kad\u0131n\u0131n \u00fclkenin t\u00fcm meydanlar\u0131na ula\u015facak bir adalet \u00e7\u0131\u011fl\u0131\u011f\u0131 yaratmas\u0131 al\u0131\u015ft\u0131\u011f\u0131m\u0131z d\u00fc\u015f\u00fcnme bi\u00e7imleriyle alg\u0131lanamayabilir belki. Davalar\u0131 b\u00fcy\u00fck \u00e7a\u011fr\u0131lar, y\u00fcksek bir ses tonu ve \u00f6fkeli bir erkek performans\u0131na yak\u0131\u015ft\u0131rmakta acele ederiz genellikle. Oysa Sezen \u00d6z, b\u00fct\u00fcn o b\u00fcy\u00fck davalara, adil bir d\u00fcnya \u00f6zlemine, hak m\u00fccadelesine, demokratik ve sosyal bir cumhuriyete hep munis bir \u00f6fke, bar\u0131\u015f\u00e7\u0131 bir m\u00fccadele duygusu, s\u00fck\u00fbnet i\u00e7inde bir atakl\u0131k, g\u00fcr\u00fclt\u00fcs\u00fcz bir kararl\u0131l\u0131k ve \u0131srar kazand\u0131rm\u0131\u015f bir \u00f6nc\u00fcd\u00fcr. Bir kayb\u0131n yas\u0131n\u0131 tutmaktan, bir cinayetin pe\u015fine d\u00fc\u015fmeye, bir yarg\u0131ya, bir d\u00fczene; bir toplum ve \u00fclkeye uzanan davas\u0131n\u0131n, onun haya-t\u0131nda, yorgun bir kay\u0131ts\u0131zl\u0131kla tamamlanmamas\u0131 bu \u00fclkede umudun kendine anla\u015f\u0131lmas\u0131 zor mucizeler yaratt\u0131\u011f\u0131n\u0131 da g\u00f6stermektedir bir yandan. Kendini a\u00e7maktaki, derdini s\u00f6ylemekteki \u0131srar\u0131 i\u00e7inde bir t\u00fcrl\u00fc dinmeyen bir yang\u0131n\u0131n huzursuzlu\u011funu teskin etmek de\u011fil asl\u0131nda. \u0130\u00e7inde adalete dair hesab\u0131 g\u00f6r\u00fclmemi\u015f bir davan\u0131n ancak b\u00fct\u00fcn bir toplumla payla\u015f\u0131ld\u0131\u011f\u0131nda azalaca\u011f\u0131n\u0131 da biliyor elbette. Bir cinayetle beraber yola \u00e7\u0131kan adalet aray\u0131\u015f\u0131 art\u0131k hukuk ve yarg\u0131 ile de hesapla\u015fmaya d\u00f6n\u00fc\u015fm\u00fc\u015f, davas\u0131n\u0131n i\u00e7inde her t\u00fcrl\u00fc \u015fiddeti bar\u0131nd\u0131rmaya al\u0131\u015fm\u0131\u015f bir \u00fclkeyle; bug\u00fcn\u00fcn b\u00fct\u00fcn siyaset\u00e7i, i\u015f insan\u0131 g\u00f6r\u00fcn\u00fcml\u00fc d\u00fcnyas\u0131 ile hesapla\u015fmaya kadar uzand\u0131\u011f\u0131n\u0131 g\u00f6recek kadar fark\u0131nda her \u015feyin. Nitekim onun davas\u0131 \u00e7oktan bir cinayeti a\u015fm\u0131\u015f ve bug\u00fcn\u00fcn g\u00fc\u00e7lerine uzanm\u0131\u015f durumdad\u0131r. <\/p>\n","protected":false},"excerpt":{"rendered":"<p>E\u015fi Savc\u0131 Do\u011fan \u00d6z\u2019\u00fc bir suikast ile kaybeden \u00f6\u011fretmen, avukat ve h\u00e2kim Sezen \u00d6z\u2019\u00fcn insan\u0131 nefessiz b\u0131rakan adalet m\u00fccadelesinin pe\u015fine d\u00fc\u015f\u00fcyoruz bu kitapta. Sakin bir ruha<span class=\"excerpt-hellip\"> [\u2026]<\/span><\/p>\n","protected":false},"featured_media":0,"template":"","meta":{"_monsterinsights_skip_tracking":false,"_monsterinsights_sitenote_active":false,"_monsterinsights_sitenote_note":"","_monsterinsights_sitenote_category":0},"product_brand":[],"product_cat":[12304,14128],"product_tag":[],"class_list":{"0":"post-756560","1":"product","2":"type-product","3":"status-publish","5":"product_cat-tarih","6":"product_cat-yakin-tarih","7":"pa_cilt-ciltsiz","8":"pa_tur-kitap","9":"pa_yayinevi-ayrinti-yayinlari","10":"pa_yazar-orhan-gazi-ertekin","12":"first","13":"instock","14":"sale","15":"shipping-taxable","16":"purchasable","17":"product-type-simple"},"_links":{"self":[{"href":"https:\/\/roveyayinevi.com.tr\/index.php\/wp-json\/wp\/v2\/product\/756560","targetHints":{"allow":["GET"]}}],"collection":[{"href":"https:\/\/roveyayinevi.com.tr\/index.php\/wp-json\/wp\/v2\/product"}],"about":[{"href":"https:\/\/roveyayinevi.com.tr\/index.php\/wp-json\/wp\/v2\/types\/product"}],"wp:attachment":[{"href":"https:\/\/roveyayinevi.com.tr\/index.php\/wp-json\/wp\/v2\/media?parent=756560"}],"wp:term":[{"taxonomy":"product_brand","embeddable":true,"href":"https:\/\/roveyayinevi.com.tr\/index.php\/wp-json\/wp\/v2\/product_brand?post=756560"},{"taxonomy":"product_cat","embeddable":true,"href":"https:\/\/roveyayinevi.com.tr\/index.php\/wp-json\/wp\/v2\/product_cat?post=756560"},{"taxonomy":"product_tag","embeddable":true,"href":"https:\/\/roveyayinevi.com.tr\/index.php\/wp-json\/wp\/v2\/product_tag?post=756560"}],"curies":[{"name":"wp","href":"https:\/\/api.w.org\/{rel}","templated":true}]}}