{"id":756558,"date":"2025-08-28T07:11:31","date_gmt":"2025-08-28T04:11:31","guid":{"rendered":"https:\/\/roveyayinevi.com.tr\/index.php\/urun\/sili-1970-1973-dunyayi-sarsan-bin-gun\/"},"modified":"2026-04-16T03:09:37","modified_gmt":"2026-04-16T00:09:37","slug":"sili-1970-1973-dunyayi-sarsan-bin-gun","status":"publish","type":"product","link":"https:\/\/roveyayinevi.com.tr\/index.php\/urun\/sili-1970-1973-dunyayi-sarsan-bin-gun\/","title":{"rendered":"\u015eili 1970-1973 D\u00fcnyay\u0131 Sarsan Bin G\u00fcn"},"content":{"rendered":"<p>Frans\u0131z sosyolog Franck Gaudichaud\u2019nun 1970\u2019lerin ba\u015f\u0131nda \u015eili\u2019de \u00fc\u00e7 y\u0131l s\u00fcren Halk Birli\u011fi (Unitad Popular) d\u00f6nemini \u201ctarihi tersinden yazmak\u201d yakla\u015f\u0131m\u0131 \u0131\u015f\u0131\u011f\u0131nda irdeledi\u011fi D\u00fcnyay\u0131 Sarsan Bin G\u00fcn, 20. y\u00fczy\u0131l devrim deneyiminin \u201ckay\u0131p hazine\u201dlerinden birini bir\u00e7ok bilinmeyen y\u00f6n\u00fcyle yeniden g\u00fcn \u0131\u015f\u0131\u011f\u0131na \u00e7\u0131kar\u0131yor. Sekiz y\u00fcz sayfay\u0131 a\u015fan doktora tezinden kalkarak kaleme al\u0131nan bu \u00e7al\u0131\u015fma, \u015eili siyas\u00ee deneyiminin i\u00e7erdi\u011fi \u00e7ok y\u00f6nl\u00fc d\u00fc\u015f\u00fcnce yo\u011funlu\u011funu ve karma\u015f\u0131k m\u00fccadele s\u00fcre\u00e7lerini akademik s\u00f6ylem d\u00fczeninden \u00f6telere ta\u015f\u0131yarak a\u00e7\u0131k s\u00f6zl\u00fc, yenileyici, nesnel ama adanm\u0131\u015f bir kavramsal tarih yaz\u0131m\u0131n\u0131n \u201cmilitan\u201d yakla\u015f\u0131m\u0131yla okura aktar\u0131yor. Gaudichaud, \u201c\u00dc\u00e7\u00fcnc\u00fc D\u00fcnya\u201d solunun farkl\u0131 siyas\u00ee kesimlerince kullan\u0131lan gelenek\u00e7i kuram \u00e7er\u00e7evelerine s\u0131k\u0131\u015fmayarak, \u201c\u015eili\u2019ye \u00f6zg\u00fc sosyalizm yolu\u201d diye bilinen bu kendine \u00f6zg\u00fc \u201ckolektif devrimci s\u00fcreci\u201d resm\u00ee olarak iktidarda olan Halk Birli\u011fi\u2019nin sosyalizme ge\u00e7i\u015f uygulamalar\u0131yla ba\u011f\u0131nt\u0131l\u0131 ama ondan farkl\u0131 olarak ortaya \u00e7\u0131kan ya da yeniden bi\u00e7im bulan \u201cKurucu Halk \u0130ktidar\u0131\u201d kavram\u0131 ekseninde takip ediyor. \u201cSanayi Kordonlar\u0131\u201d, \u201cKom\u00fcnal Kumandalar\u201d, \u201ci\u015f\u00e7i kat\u0131l\u0131m\u0131\u201d, \u201cdo\u011frudan halk tedari\u011fi\u201d, \u201ci\u015f\u00e7i denetimi\u201d bu b\u00fcy\u00fck deneyimin kolektif boyutunu yeniden canland\u0131ran olgulardan sadece birka\u00e7\u0131d\u0131r. Gaudichaud, muazzam bir yaz\u0131l\u0131 kaynaklar okyanusu ile y\u0131llara yay\u0131lan me\u015fakkatli s\u00f6zl\u00fc tarih ara\u015ft\u0131rmalar\u0131n\u0131, siyaset bilimiyle sosyolojiyi ve \u00e7a\u011fda\u015f tarih yaz\u0131m\u0131n\u0131n kavramsal birikimini birle\u015ftiren \u00f6zg\u00fcn ele\u015ftirel yakla\u015f\u0131m\u0131yla bu bin g\u00fcn boyunca ger\u00e7ekle\u015fen \u00e7ok bile\u015fenli toplumsal hareketlerin ve i\u015f\u00e7i m\u00fccadelelerinin ger\u00e7ek bir panoramas\u0131n\u0131 \u00e7iziyor. \u015eili devrimci hareketinin dinamiklerini, partili siyas\u00ee yap\u0131lar\u0131n s\u00fcre\u00e7 boyunca izledikleri \u201cmerkezci\u201d siyaset tarzlar\u0131n\u0131n ele\u015ftirisinden ka\u00e7\u0131nmadan, \u201ca\u015fa\u011f\u0131dan devrim\u201d pers-pektifinden g\u00f6rerek yeniden in\u015fa ediyor. \u015eili solunun tart\u0131\u015fmalar\u0131n\u0131, prati\u011fini ve stratejilerini irdelerken geleneksel siyaset merkezleri ve yeni toplumsal hareketler, parti \u00f6rg\u00fctleri ve sendikalar, h\u00fck\u00fcmetin \u201cyukar\u0131dan\u201d kurumsal d\u00f6n\u00fc\u015f\u00fcm \u0131srar\u0131 ve pratikte onun program\u0131n\u0131 \u201ca\u015fa\u011f\u0131dan devrim\u201d bas\u0131nc\u0131yla a\u015fan toplumsal militantizm aras\u0131ndaki karma\u015f\u0131k, bazen de gerilimli ili\u015fkileri inceliyor. Elli y\u0131l \u00f6nce halk oyuyla se\u00e7ilmi\u015f sosyalist bir iktidar\u0131 on binlerce emek\u00e7inin katledilmesi pahas\u0131na ortadan kald\u0131ran ve \u015eili\u2019yi g\u00fcn\u00fcm\u00fcz k\u00fcresel liberal ekonomisinin vah\u015fi zafer yolu i\u00e7in tarihsel bir de-ney laboratuvar\u0131na d\u00f6n\u00fc\u015ft\u00fcrecek fa\u015fist darbeye yol a\u00e7an \u201cger\u00e7ek\u201d olaylar\u0131n yeniden yorumlanmas\u0131na imk\u00e2n sunan devasa bir fresk. <\/p>\n","protected":false},"excerpt":{"rendered":"<p>Frans\u0131z sosyolog Franck Gaudichaud\u2019nun 1970\u2019lerin ba\u015f\u0131nda \u015eili\u2019de \u00fc\u00e7 y\u0131l s\u00fcren Halk Birli\u011fi (Unitad Popular) d\u00f6nemini \u201ctarihi tersinden yazmak\u201d yakla\u015f\u0131m\u0131 \u0131\u015f\u0131\u011f\u0131nda irdeledi\u011fi D\u00fcnyay\u0131 Sarsan Bin G\u00fcn, 20.<span class=\"excerpt-hellip\"> [\u2026]<\/span><\/p>\n","protected":false},"featured_media":0,"template":"","meta":{"_monsterinsights_skip_tracking":false,"_monsterinsights_sitenote_active":false,"_monsterinsights_sitenote_note":"","_monsterinsights_sitenote_category":0},"product_brand":[],"product_cat":[13590,12337],"product_tag":[],"class_list":{"0":"post-756558","1":"product","2":"type-product","3":"status-publish","5":"product_cat-arastirma-inceleme-politika-siyaset","6":"product_cat-politika-siyaset","7":"pa_cilt-ciltsiz","8":"pa_tur-kitap","9":"pa_yayinevi-ayrinti-yayinlari","10":"pa_yazar-frank-gaudichaud","12":"first","13":"instock","14":"sale","15":"shipping-taxable","16":"purchasable","17":"product-type-simple"},"_links":{"self":[{"href":"https:\/\/roveyayinevi.com.tr\/index.php\/wp-json\/wp\/v2\/product\/756558","targetHints":{"allow":["GET"]}}],"collection":[{"href":"https:\/\/roveyayinevi.com.tr\/index.php\/wp-json\/wp\/v2\/product"}],"about":[{"href":"https:\/\/roveyayinevi.com.tr\/index.php\/wp-json\/wp\/v2\/types\/product"}],"wp:attachment":[{"href":"https:\/\/roveyayinevi.com.tr\/index.php\/wp-json\/wp\/v2\/media?parent=756558"}],"wp:term":[{"taxonomy":"product_brand","embeddable":true,"href":"https:\/\/roveyayinevi.com.tr\/index.php\/wp-json\/wp\/v2\/product_brand?post=756558"},{"taxonomy":"product_cat","embeddable":true,"href":"https:\/\/roveyayinevi.com.tr\/index.php\/wp-json\/wp\/v2\/product_cat?post=756558"},{"taxonomy":"product_tag","embeddable":true,"href":"https:\/\/roveyayinevi.com.tr\/index.php\/wp-json\/wp\/v2\/product_tag?post=756558"}],"curies":[{"name":"wp","href":"https:\/\/api.w.org\/{rel}","templated":true}]}}