{"id":756557,"date":"2025-08-28T07:11:29","date_gmt":"2025-08-28T04:11:29","guid":{"rendered":"https:\/\/roveyayinevi.com.tr\/index.php\/urun\/uzayda-sehvet\/"},"modified":"2026-04-16T03:09:37","modified_gmt":"2026-04-16T00:09:37","slug":"uzayda-sehvet","status":"publish","type":"product","link":"https:\/\/roveyayinevi.com.tr\/index.php\/urun\/uzayda-sehvet\/","title":{"rendered":"Uzayda \u015eehvet"},"content":{"rendered":"<p>Benzersiz \u00e7a\u011fda\u015f bilimkurgu yazarlar\u0131ndan birinin hem kurgu hik\u00e2yelerini hem de kurgu d\u0131\u015f\u0131 makalesini birle\u015ftiren bu kitap, yazar ve matematik\u00e7i olarak Rudy Rucker&#8217;\u0131n zihin yap\u0131s\u0131na bir bak\u0131\u015f sunuyor. Rucker&#8217;\u0131n matematik\u00e7i ve bilim insan\u0131 olarak kariyerinin, \u00e7ok satan bir yazar\u0131n kariyeriyle nas\u0131l \u00f6rt\u00fc\u015ft\u00fc\u011f\u00fc hakk\u0131nda derinlemesine yap\u0131lm\u0131\u015f bir r\u00f6portaj da i\u00e7eren bu \u00f6zel derleme, bilimkurgu merakl\u0131lar\u0131 i\u00e7in olmazsa olmazlardan. Rudy Rucker, u\u00e7uk-ka\u00e7\u0131k bu ba\u015fyap\u0131t\u0131nda, transrealizm ak\u0131m\u0131n\u0131n hem ki\u015fisel hem de politik olan\u0131 d\u00f6n\u00fc\u015ft\u00fcrmedeki rol\u00fcn\u00fc belgeliyor, edebiyatta ve hayatta \u201cy\u00fcksek gnarl\u201d ve \u201cd\u00fc\u015f\u00fck gnarl\u201d aras\u0131nda matematiksel bir kesinlikle ayr\u0131m yap\u0131yor ve devrimci bir proje olarak pop\u00fcler k\u00fclt\u00fcr\u00fc yeniden yaratmay\u0131 savunuyor. &#8220;Rucker, evrenin tuhafl\u0131klar\u0131ndan b\u00fcy\u00fclenmi\u015f bir matematik\u00e7i ve son derece esprili bir kaleme sahip bir yazar.&#8221; Publishers Weekly &#8220;Rudy Rucker ger\u00e7ekten de ender bulunur bir e\u011flence anlay\u0131\u015f\u0131na sahip. Onu Lewis Carroll ile k\u0131yaslad\u0131lar ve bu k\u0131yaslama bir haddini bilmezlik de\u011fil. Carroll gibi, Rucker da sadece paradokslardan ho\u015flanmakla kalmay\u0131p, ayn\u0131 zamanda bu keyfi tamamen \u00e7\u0131lg\u0131n bir mizahla \u00e7o\u011faltan bir matematik\u00e7i.\u201d Washington Post <\/p>\n","protected":false},"excerpt":{"rendered":"<p>Benzersiz \u00e7a\u011fda\u015f bilimkurgu yazarlar\u0131ndan birinin hem kurgu hik\u00e2yelerini hem de kurgu d\u0131\u015f\u0131 makalesini birle\u015ftiren bu kitap, yazar ve matematik\u00e7i olarak Rudy Rucker&#8217;\u0131n zihin yap\u0131s\u0131na bir bak\u0131\u015f<span class=\"excerpt-hellip\"> [\u2026]<\/span><\/p>\n","protected":false},"featured_media":0,"template":"","meta":{"_monsterinsights_skip_tracking":false,"_monsterinsights_sitenote_active":false,"_monsterinsights_sitenote_note":"","_monsterinsights_sitenote_category":0},"product_brand":[],"product_cat":[12540,12291],"product_tag":[],"class_list":{"0":"post-756557","1":"product","2":"type-product","3":"status-publish","5":"product_cat-bilim-kurgu","6":"product_cat-edebiyat","7":"pa_cilt-ciltsiz","8":"pa_tur-kitap","9":"pa_yayinevi-ayrinti-yayinlari","10":"pa_yazar-rudy-rucker","12":"first","13":"instock","14":"sale","15":"shipping-taxable","16":"purchasable","17":"product-type-simple"},"_links":{"self":[{"href":"https:\/\/roveyayinevi.com.tr\/index.php\/wp-json\/wp\/v2\/product\/756557","targetHints":{"allow":["GET"]}}],"collection":[{"href":"https:\/\/roveyayinevi.com.tr\/index.php\/wp-json\/wp\/v2\/product"}],"about":[{"href":"https:\/\/roveyayinevi.com.tr\/index.php\/wp-json\/wp\/v2\/types\/product"}],"wp:attachment":[{"href":"https:\/\/roveyayinevi.com.tr\/index.php\/wp-json\/wp\/v2\/media?parent=756557"}],"wp:term":[{"taxonomy":"product_brand","embeddable":true,"href":"https:\/\/roveyayinevi.com.tr\/index.php\/wp-json\/wp\/v2\/product_brand?post=756557"},{"taxonomy":"product_cat","embeddable":true,"href":"https:\/\/roveyayinevi.com.tr\/index.php\/wp-json\/wp\/v2\/product_cat?post=756557"},{"taxonomy":"product_tag","embeddable":true,"href":"https:\/\/roveyayinevi.com.tr\/index.php\/wp-json\/wp\/v2\/product_tag?post=756557"}],"curies":[{"name":"wp","href":"https:\/\/api.w.org\/{rel}","templated":true}]}}