{"id":756556,"date":"2025-08-28T07:11:28","date_gmt":"2025-08-28T04:11:28","guid":{"rendered":"https:\/\/roveyayinevi.com.tr\/index.php\/urun\/prag-cep-rehberi\/"},"modified":"2026-04-16T03:09:37","modified_gmt":"2026-04-16T00:09:37","slug":"prag-cep-rehberi","status":"publish","type":"product","link":"https:\/\/roveyayinevi.com.tr\/index.php\/urun\/prag-cep-rehberi\/","title":{"rendered":"Prag Cep Rehberi"},"content":{"rendered":"<p>M\u00fckemmel foto\u011fraflar, kolay anla\u015f\u0131l\u0131r haritalar ve kenti keyifle gezmenize yard\u0131mc\u0131 olacak her t\u00fcrl\u00fc bilgi\u2026 Nereye Gidilir? Prag\u2019ta g\u00f6r\u00fclmeye de\u011fer yerler; Karel K\u00f6pr\u00fcs\u00fc, Prag Kalesi, Aziz Vitus Katedrali, Astronomi Saati ve daha fazlas\u0131\u2026 Ne Yap\u0131l\u0131r? Dekoratif Sanatlar M\u00fczesi\u2019ni gezmekten Vitava Nehri\u2019nde tekne turlar\u0131na kadar uzanan kapsaml\u0131 bilgilerle kenti gezmenin en g\u00fczel yollar\u0131\u2026 K\u00fclt\u00fcrel \u0130pu\u00e7lar\u0131: Eski \u015eehir Meydan\u0131\u2019nda kald\u0131r\u0131m kafeleri, kiliseler ve galeriler; kentin k\u00fclt\u00fcrel miras\u0131n\u0131 yak\u0131ndan tan\u0131maya y\u00f6nelik ilgi \u00e7ekici bilgiler\u2026 Pratik Bilgiler: Konaklama olanaklar\u0131, kafeler ve restoranlar; kentte nas\u0131l dola\u015f\u0131l\u0131r, g\u00fcvenilir ve ayr\u0131nt\u0131l\u0131 \u00f6neriler\u2026 <\/p>\n","protected":false},"excerpt":{"rendered":"<p>M\u00fckemmel foto\u011fraflar, kolay anla\u015f\u0131l\u0131r haritalar ve kenti keyifle gezmenize yard\u0131mc\u0131 olacak her t\u00fcrl\u00fc bilgi\u2026 Nereye Gidilir? Prag\u2019ta g\u00f6r\u00fclmeye de\u011fer yerler; Karel K\u00f6pr\u00fcs\u00fc, Prag Kalesi, Aziz Vitus<span class=\"excerpt-hellip\"> [\u2026]<\/span><\/p>\n","protected":false},"featured_media":0,"template":"","meta":{"_monsterinsights_skip_tracking":false,"_monsterinsights_sitenote_active":false,"_monsterinsights_sitenote_note":"","_monsterinsights_sitenote_category":0},"product_brand":[],"product_cat":[13055,13054],"product_tag":[],"class_list":{"0":"post-756556","1":"product","2":"type-product","3":"status-publish","5":"product_cat-gezi-rehberi","6":"product_cat-gezi-ve-rehber-kitaplari","7":"pa_cilt-ciltsiz","8":"pa_tur-kitap","9":"pa_yayinevi-dost-kitabevi-yayinlari","10":"pa_yazar-lindsay-bennett","12":"first","13":"instock","14":"sale","15":"shipping-taxable","16":"purchasable","17":"product-type-simple"},"_links":{"self":[{"href":"https:\/\/roveyayinevi.com.tr\/index.php\/wp-json\/wp\/v2\/product\/756556","targetHints":{"allow":["GET"]}}],"collection":[{"href":"https:\/\/roveyayinevi.com.tr\/index.php\/wp-json\/wp\/v2\/product"}],"about":[{"href":"https:\/\/roveyayinevi.com.tr\/index.php\/wp-json\/wp\/v2\/types\/product"}],"wp:attachment":[{"href":"https:\/\/roveyayinevi.com.tr\/index.php\/wp-json\/wp\/v2\/media?parent=756556"}],"wp:term":[{"taxonomy":"product_brand","embeddable":true,"href":"https:\/\/roveyayinevi.com.tr\/index.php\/wp-json\/wp\/v2\/product_brand?post=756556"},{"taxonomy":"product_cat","embeddable":true,"href":"https:\/\/roveyayinevi.com.tr\/index.php\/wp-json\/wp\/v2\/product_cat?post=756556"},{"taxonomy":"product_tag","embeddable":true,"href":"https:\/\/roveyayinevi.com.tr\/index.php\/wp-json\/wp\/v2\/product_tag?post=756556"}],"curies":[{"name":"wp","href":"https:\/\/api.w.org\/{rel}","templated":true}]}}