{"id":756555,"date":"2025-08-28T07:11:26","date_gmt":"2025-08-28T04:11:26","guid":{"rendered":"https:\/\/roveyayinevi.com.tr\/index.php\/urun\/kitabin-adi-roma-hukuku-kisa-bir-tarih\/"},"modified":"2026-01-22T03:33:36","modified_gmt":"2026-01-22T00:33:36","slug":"kitabin-adi-roma-hukuku-kisa-bir-tarih","status":"publish","type":"product","link":"https:\/\/roveyayinevi.com.tr\/index.php\/urun\/kitabin-adi-roma-hukuku-kisa-bir-tarih\/","title":{"rendered":"Kitab\u0131n Ad\u0131 Roma Hukuku: K\u0131sa Bir Tarih"},"content":{"rendered":"<p>Uzun y\u0131llar Roma Hukuku dersleri veren Olga Tellesen-Couperus bu kitapta Roma Hukukunu okuru teknik ayr\u0131nt\u0131lara bo\u011fmadan ana hatlar\u0131yla sunuyor. Sadece hukuk kurallar\u0131n\u0131 ve kurallar\u0131n uygulan\u0131\u015f\u0131n\u0131 de\u011fil, ayn\u0131 zamanda geli\u015fim d\u00f6nemleri i\u00e7erisinde hangi siyasal ve toplumsal ko\u015fullar\u0131n bu kurallar\u0131n yap\u0131lmas\u0131, uygulanmas\u0131 ve de\u011fi\u015ftirilmesi sonucunu do\u011furdu\u011funu anlat\u0131yor. Kitap, tarihsel perspektifle sundu\u011fu \u00f6zl\u00fc anlat\u0131m\u0131 sayesinde Roma Hukukuna dair b\u00fct\u00fcnc\u00fcl bir imge elde etmek isteyen hukuk\u00e7u, tarih\u00e7i, siyaset bilimci gibi her alandan ilgiliye hitap ediyor.<\/p>\n","protected":false},"excerpt":{"rendered":"<p>Uzun y\u0131llar Roma Hukuku dersleri veren Olga Tellesen-Couperus bu kitapta Roma Hukukunu okuru teknik ayr\u0131nt\u0131lara bo\u011fmadan ana hatlar\u0131yla sunuyor. Sadece hukuk kurallar\u0131n\u0131 ve kurallar\u0131n uygulan\u0131\u015f\u0131n\u0131 de\u011fil,<span class=\"excerpt-hellip\"> [\u2026]<\/span><\/p>\n","protected":false},"featured_media":0,"template":"","meta":{"_monsterinsights_skip_tracking":false,"_monsterinsights_sitenote_active":false,"_monsterinsights_sitenote_note":"","_monsterinsights_sitenote_category":0},"product_brand":[],"product_cat":[15350],"product_tag":[],"class_list":{"0":"post-756555","1":"product","2":"type-product","3":"status-publish","5":"product_cat-hukuk","6":"pa_cilt-ciltsiz","7":"pa_tur-kitap","8":"pa_yayinevi-zoe-kitap","9":"pa_yazar-olga-tellegen-couperus","11":"first","12":"instock","13":"sale","14":"shipping-taxable","15":"purchasable","16":"product-type-simple"},"_links":{"self":[{"href":"https:\/\/roveyayinevi.com.tr\/index.php\/wp-json\/wp\/v2\/product\/756555","targetHints":{"allow":["GET"]}}],"collection":[{"href":"https:\/\/roveyayinevi.com.tr\/index.php\/wp-json\/wp\/v2\/product"}],"about":[{"href":"https:\/\/roveyayinevi.com.tr\/index.php\/wp-json\/wp\/v2\/types\/product"}],"wp:attachment":[{"href":"https:\/\/roveyayinevi.com.tr\/index.php\/wp-json\/wp\/v2\/media?parent=756555"}],"wp:term":[{"taxonomy":"product_brand","embeddable":true,"href":"https:\/\/roveyayinevi.com.tr\/index.php\/wp-json\/wp\/v2\/product_brand?post=756555"},{"taxonomy":"product_cat","embeddable":true,"href":"https:\/\/roveyayinevi.com.tr\/index.php\/wp-json\/wp\/v2\/product_cat?post=756555"},{"taxonomy":"product_tag","embeddable":true,"href":"https:\/\/roveyayinevi.com.tr\/index.php\/wp-json\/wp\/v2\/product_tag?post=756555"}],"curies":[{"name":"wp","href":"https:\/\/api.w.org\/{rel}","templated":true}]}}