{"id":756554,"date":"2025-08-28T07:11:25","date_gmt":"2025-08-28T04:11:25","guid":{"rendered":"https:\/\/roveyayinevi.com.tr\/index.php\/urun\/turkiyede-dijital-gozetim\/"},"modified":"2026-01-29T03:46:37","modified_gmt":"2026-01-29T00:46:37","slug":"turkiyede-dijital-gozetim","status":"publish","type":"product","link":"https:\/\/roveyayinevi.com.tr\/index.php\/urun\/turkiyede-dijital-gozetim\/","title":{"rendered":"T\u00fcrkiye&#8217;de Dijital G\u00f6zetim"},"content":{"rendered":"<p>Dijital platformlar ve altyap\u0131lar arac\u0131l\u0131\u011f\u0131yla insan ileti\u015fimi bug\u00fcne kadar g\u00f6r\u00fclmemi\u015f bir d\u00fczeyde zaman ve mek\u00e2n s\u0131n\u0131rlamalar\u0131n\u0131 a\u015farak daha h\u0131zl\u0131 ve kolay bir \u015fekilde ba\u011flant\u0131l\u0131 hale gelmi\u015ftir. Yeni teknolojilerin sundu\u011fu olanaklar \u015feffafl\u0131k, hesap verebilirlik ve kat\u0131l\u0131m vadederken di\u011fer yandan dijital a\u011flar \u00fczerinde yeni t\u00fcr g\u00fc\u00e7 ili\u015fkileri olu\u015fmaktad\u0131r. Bu g\u00fc\u00e7 ili\u015fkileri, \u00f6zellikle kullan\u0131c\u0131lar\u0131n verilerinin kontrol\u00fc \u00fczerine \u015fekillenirken, yurtta\u015flar i\u00e7in e\u015fitsizlikler derinle\u015fmektedir. Verile\u015ftirmeyle birlikte ortaya \u00e7\u0131kan veriler, toplum ve toplumsal s\u00fcre\u00e7ler hakk\u0131nda g\u00fcn\u00fcm\u00fcze kadar olanakl\u0131 olmayan bilgilerin toplanmas\u0131n\u0131 sa\u011flam\u0131\u015ft\u0131r. Bu teknolojilerin daha olumlu hedefler i\u00e7in kullan\u0131lma potansiyeli mevcut olmas\u0131na ra\u011fmen, ya\u015fanan deneyim dijital kontrol ve g\u00f6zetim sistemlerinin yayg\u0131nla\u015ft\u0131r\u0131lmas\u0131, g\u00fcndelik hayat\u0131n kapitalizmin yeni bi\u00e7imleriyle ticarile\u015ftirilmesi; ayr\u0131ca adaletsizlik, e\u015fitsizlik, ayr\u0131mc\u0131l\u0131k ve \u0131rk\u00e7\u0131l\u0131\u011f\u0131n verile\u015ftirmeyle yeniden \u00fcretilmesi olmaktad\u0131r. Bu kitap, verile\u015ftirmenin d\u00fcnya ve T\u00fcrkiye\u2019deki tarihsel geli\u015fimini ve \u00f6ne \u00e7\u0131kan e\u011filimlerin neler oldu\u011funu ele al\u0131rken verile\u015ftirmeyi sosyal, ekonomik, politik ve ideolojik bir yap\u0131 i\u00e7inde incelemektedir. T\u00fcrkiye\u2019de verile\u015ftirme sistemlerinin son y\u0131llarda yayg\u0131nla\u015fmas\u0131yla ortaya \u00e7\u0131kan deneyimi yeni medya ve bili\u015fim alan\u0131nda faaliyet y\u00fcr\u00fcten STK temsilcilerinin kavray\u0131\u015flar\u0131 ve \u00e7\u00f6z\u00fcm \u00f6nerileriyle veri adaleti perspektifiyle de\u011ferlendirmektedir&#8230; <\/p>\n","protected":false},"excerpt":{"rendered":"<p>Dijital platformlar ve altyap\u0131lar arac\u0131l\u0131\u011f\u0131yla insan ileti\u015fimi bug\u00fcne kadar g\u00f6r\u00fclmemi\u015f bir d\u00fczeyde zaman ve mek\u00e2n s\u0131n\u0131rlamalar\u0131n\u0131 a\u015farak daha h\u0131zl\u0131 ve kolay bir \u015fekilde ba\u011flant\u0131l\u0131 hale gelmi\u015ftir.<span class=\"excerpt-hellip\"> [\u2026]<\/span><\/p>\n","protected":false},"featured_media":0,"template":"","meta":{"_monsterinsights_skip_tracking":false,"_monsterinsights_sitenote_active":false,"_monsterinsights_sitenote_note":"","_monsterinsights_sitenote_category":0},"product_brand":[],"product_cat":[15983,13488],"product_tag":[],"class_list":{"0":"post-756554","1":"product","2":"type-product","3":"status-publish","5":"product_cat-iletisim-ve-medya","6":"product_cat-toplum-ve-insan","7":"pa_cilt-ciltsiz","8":"pa_tur-kitap","9":"pa_yayinevi-utopya-yayinevi","10":"pa_yazar-songul-tan","12":"first","13":"instock","14":"sale","15":"shipping-taxable","16":"purchasable","17":"product-type-simple"},"_links":{"self":[{"href":"https:\/\/roveyayinevi.com.tr\/index.php\/wp-json\/wp\/v2\/product\/756554","targetHints":{"allow":["GET"]}}],"collection":[{"href":"https:\/\/roveyayinevi.com.tr\/index.php\/wp-json\/wp\/v2\/product"}],"about":[{"href":"https:\/\/roveyayinevi.com.tr\/index.php\/wp-json\/wp\/v2\/types\/product"}],"wp:attachment":[{"href":"https:\/\/roveyayinevi.com.tr\/index.php\/wp-json\/wp\/v2\/media?parent=756554"}],"wp:term":[{"taxonomy":"product_brand","embeddable":true,"href":"https:\/\/roveyayinevi.com.tr\/index.php\/wp-json\/wp\/v2\/product_brand?post=756554"},{"taxonomy":"product_cat","embeddable":true,"href":"https:\/\/roveyayinevi.com.tr\/index.php\/wp-json\/wp\/v2\/product_cat?post=756554"},{"taxonomy":"product_tag","embeddable":true,"href":"https:\/\/roveyayinevi.com.tr\/index.php\/wp-json\/wp\/v2\/product_tag?post=756554"}],"curies":[{"name":"wp","href":"https:\/\/api.w.org\/{rel}","templated":true}]}}