{"id":756553,"date":"2025-08-28T07:11:23","date_gmt":"2025-08-28T04:11:23","guid":{"rendered":"https:\/\/roveyayinevi.com.tr\/index.php\/urun\/efsane-2\/"},"modified":"2026-04-13T03:16:31","modified_gmt":"2026-04-13T00:16:31","slug":"efsane-2","status":"publish","type":"product","link":"https:\/\/roveyayinevi.com.tr\/index.php\/urun\/efsane-2\/","title":{"rendered":"Efsane"},"content":{"rendered":"<p>Maya   Noah Slade \u00e7i\u00e7e\u011fi burnunda bir Fomula 1 efsanesiydi. Dikkatli. Ula\u015f\u0131lmaz. Pistte ve pist d\u0131\u015f\u0131nda ac\u0131mas\u0131z. Etraf\u0131na a\u015f\u0131lmaz duvarlar \u00f6rmu\u0308\u015f bir adamd\u0131. Ve abimin yeni tak\u0131m arkada\u015f\u0131yd\u0131. Hayat\u0131mda k\u00f6tu\u0308 adam k\u0131l\u0131\u011f\u0131ndaki bir prensten \u00e7ok daha fazlas\u0131na ihtiyac\u0131m vard\u0131. Ben mutlu son arzusu duyarken o kendi sonunu getirmek istiyordu.   Noah   Maya Alatorre benim i\u00e7in yasak bir kad\u0131nd\u0131. Uzak durmam gereken h\u0131rsl\u0131 bir YouTuber\u2019d\u0131. Kurdeleye sar\u0131l\u0131p kap\u0131ma b\u0131rak\u0131lm\u0131\u015f bir kaostu. Birlikteyken, patlamas\u0131 tek bir yanl\u0131\u015f harekete bakan saatli bir bomba gibiydik. Du\u0308zene\u011fi bozarak tutku ve ac\u0131 i\u00e7inde onunla birlikte patlamak istiyordum. \u00c7u\u0308nku\u0308 \u015fehvette ve sava\u015fta her \u015fey mu\u0308baht\u0131. <\/p>\n","protected":false},"excerpt":{"rendered":"<p>Maya Noah Slade \u00e7i\u00e7e\u011fi burnunda bir Fomula 1 efsanesiydi. Dikkatli. Ula\u015f\u0131lmaz. Pistte ve pist d\u0131\u015f\u0131nda ac\u0131mas\u0131z. Etraf\u0131na a\u015f\u0131lmaz duvarlar \u00f6rmu\u0308\u015f bir adamd\u0131. Ve abimin yeni tak\u0131m<span class=\"excerpt-hellip\"> [\u2026]<\/span><\/p>\n","protected":false},"featured_media":0,"template":"","meta":{"_monsterinsights_skip_tracking":false,"_monsterinsights_sitenote_active":false,"_monsterinsights_sitenote_note":"","_monsterinsights_sitenote_category":0},"product_brand":[],"product_cat":[12291,12711],"product_tag":[],"class_list":{"0":"post-756553","1":"product","2":"type-product","3":"status-publish","5":"product_cat-edebiyat","6":"product_cat-roman-oyku","7":"pa_cilt-ciltsiz","8":"pa_tur-kitap","9":"pa_yayinevi-olimpos-yayinlari","10":"pa_yazar-lauren-asher","12":"first","13":"instock","14":"sale","15":"shipping-taxable","16":"purchasable","17":"product-type-simple"},"_links":{"self":[{"href":"https:\/\/roveyayinevi.com.tr\/index.php\/wp-json\/wp\/v2\/product\/756553","targetHints":{"allow":["GET"]}}],"collection":[{"href":"https:\/\/roveyayinevi.com.tr\/index.php\/wp-json\/wp\/v2\/product"}],"about":[{"href":"https:\/\/roveyayinevi.com.tr\/index.php\/wp-json\/wp\/v2\/types\/product"}],"wp:attachment":[{"href":"https:\/\/roveyayinevi.com.tr\/index.php\/wp-json\/wp\/v2\/media?parent=756553"}],"wp:term":[{"taxonomy":"product_brand","embeddable":true,"href":"https:\/\/roveyayinevi.com.tr\/index.php\/wp-json\/wp\/v2\/product_brand?post=756553"},{"taxonomy":"product_cat","embeddable":true,"href":"https:\/\/roveyayinevi.com.tr\/index.php\/wp-json\/wp\/v2\/product_cat?post=756553"},{"taxonomy":"product_tag","embeddable":true,"href":"https:\/\/roveyayinevi.com.tr\/index.php\/wp-json\/wp\/v2\/product_tag?post=756553"}],"curies":[{"name":"wp","href":"https:\/\/api.w.org\/{rel}","templated":true}]}}