{"id":756552,"date":"2025-08-28T07:11:22","date_gmt":"2025-08-28T04:11:22","guid":{"rendered":"https:\/\/roveyayinevi.com.tr\/index.php\/urun\/bilesik-sozlesmeler-ve-katilim-bankaciligi\/"},"modified":"2026-04-16T03:09:37","modified_gmt":"2026-04-16T00:09:37","slug":"bilesik-sozlesmeler-ve-katilim-bankaciligi","status":"publish","type":"product","link":"https:\/\/roveyayinevi.com.tr\/index.php\/urun\/bilesik-sozlesmeler-ve-katilim-bankaciligi\/","title":{"rendered":"Bile\u015fik S\u00f6zle\u015fmeler ve Kat\u0131l\u0131m Bankac\u0131l\u0131\u011f\u0131"},"content":{"rendered":"<p>\u0130slam\u2019\u0131n ana kayna\u011f\u0131 Kur\u2019an ve onun prati\u011fe d\u00f6n\u00fc\u015fm\u00fc\u015f \u015fekli olan s\u00fcnnette akid, \u00fccret, al\u0131\u015f-veri\u015f, faiz ve gelir da\u011f\u0131l\u0131m\u0131yla ilgili temel ilkeler bulunmaktad\u0131r. Helal kazan\u00e7 elde etmenin en \u00f6nemli yollar\u0131ndan biri ticarettir, o da s\u00f6zle\u015fmelerle ger\u00e7ekle\u015fir. Her s\u00f6zle\u015fme ait oldu\u011fu d\u00f6nemin etkili inan\u00e7 ve d\u00fc\u015f\u00fcnce sistemlerinin izlerini ta\u015f\u0131r. Zira de\u011fer yarg\u0131lar\u0131ndan ar\u0131nd\u0131r\u0131lm\u0131\u015f bir ekonomik faaliyet neredeyse yok gibidir. De\u011fi\u015fen toplumsal ya\u015fama paralel olarak s\u00f6zle\u015fmeler de de\u011fi\u015fmekte ve bir ihtiyaca kar\u015f\u0131l\u0131k olmayan s\u00f6zle\u015fmeler i\u015flevini kaybetmektedir. \u00c7a\u011f\u0131m\u0131z\u0131n h\u0131z\u0131na paralel olarak huk\u00fbk\u00ee i\u015flemler de ivme kazanm\u0131\u015f, akidlerin \u00e7e\u015fidi ve say\u0131s\u0131 artm\u0131\u015ft\u0131r. \u00d6nceleri ayr\u0131 ayr\u0131 akidlerle yap\u0131lan i\u015fler, art\u0131k tek bir akid i\u00e7inde yap\u0131l\u0131r hale gelmi\u015ftir. Bu \u00e7al\u0131\u015fma \u201cBile\u015fik S\u00f6zle\u015fmeler ve Kat\u0131l\u0131m Bankac\u0131l\u0131\u011f\u0131\u201d meselelerini ele Almaktad\u0131r. <\/p>\n","protected":false},"excerpt":{"rendered":"<p>\u0130slam\u2019\u0131n ana kayna\u011f\u0131 Kur\u2019an ve onun prati\u011fe d\u00f6n\u00fc\u015fm\u00fc\u015f \u015fekli olan s\u00fcnnette akid, \u00fccret, al\u0131\u015f-veri\u015f, faiz ve gelir da\u011f\u0131l\u0131m\u0131yla ilgili temel ilkeler bulunmaktad\u0131r. Helal kazan\u00e7 elde etmenin<span class=\"excerpt-hellip\"> [\u2026]<\/span><\/p>\n","protected":false},"featured_media":0,"template":"","meta":{"_monsterinsights_skip_tracking":false,"_monsterinsights_sitenote_active":false,"_monsterinsights_sitenote_note":"","_monsterinsights_sitenote_category":0},"product_brand":[],"product_cat":[13043],"product_tag":[],"class_list":{"0":"post-756552","1":"product","2":"type-product","3":"status-publish","5":"product_cat-ekonomi","6":"pa_cilt-ciltsiz","7":"pa_tur-kitap","8":"pa_yayinevi-soncag-akademik-kitaplar","9":"pa_yazar-ahmet-inanir","11":"first","12":"instock","13":"sale","14":"shipping-taxable","15":"purchasable","16":"product-type-simple"},"_links":{"self":[{"href":"https:\/\/roveyayinevi.com.tr\/index.php\/wp-json\/wp\/v2\/product\/756552","targetHints":{"allow":["GET"]}}],"collection":[{"href":"https:\/\/roveyayinevi.com.tr\/index.php\/wp-json\/wp\/v2\/product"}],"about":[{"href":"https:\/\/roveyayinevi.com.tr\/index.php\/wp-json\/wp\/v2\/types\/product"}],"wp:attachment":[{"href":"https:\/\/roveyayinevi.com.tr\/index.php\/wp-json\/wp\/v2\/media?parent=756552"}],"wp:term":[{"taxonomy":"product_brand","embeddable":true,"href":"https:\/\/roveyayinevi.com.tr\/index.php\/wp-json\/wp\/v2\/product_brand?post=756552"},{"taxonomy":"product_cat","embeddable":true,"href":"https:\/\/roveyayinevi.com.tr\/index.php\/wp-json\/wp\/v2\/product_cat?post=756552"},{"taxonomy":"product_tag","embeddable":true,"href":"https:\/\/roveyayinevi.com.tr\/index.php\/wp-json\/wp\/v2\/product_tag?post=756552"}],"curies":[{"name":"wp","href":"https:\/\/api.w.org\/{rel}","templated":true}]}}