{"id":756551,"date":"2025-08-28T07:11:20","date_gmt":"2025-08-28T04:11:20","guid":{"rendered":"https:\/\/roveyayinevi.com.tr\/index.php\/urun\/kehanet-4\/"},"modified":"2026-04-16T03:09:37","modified_gmt":"2026-04-16T00:09:37","slug":"kehanet-4","status":"publish","type":"product","link":"https:\/\/roveyayinevi.com.tr\/index.php\/urun\/kehanet-4\/","title":{"rendered":"Kehanet"},"content":{"rendered":"<p>23 Kas\u0131m 2009 y\u0131l\u0131nda Antalya\u2019da d\u00fcnyaya gelen \u0130lsu Akku\u015f halen Antalya\u2019da, Muratpa\u015fa \u0130l\u00e7esi\u2019nde ya\u015famaktad\u0131r. Kendini bildi bileli \u015fiirler, \u015fark\u0131lar ve kitap yazmay\u0131 sevdi\u011fini dile getiren yazar ortaokul mezunu olup Neriman Erol Sosyal bilimler Lisesi\u2019nde e\u011fitimine devam ediyor. Yazar ilk roman\u0131 olan \u2018\u2019Kehanet\u2019\u2019 ile yazarl\u0131k kap\u0131lar\u0131n\u0131 aralam\u0131\u015f oluyor. Onur herkes gibi kendisi de \u00fcniversitede okuyan, kendi ayaklar\u0131 \u00fczerinde durmaya \u00e7al\u0131\u015fan gen\u00e7 bir \u00e7ocuktur. Hayat\u0131nda ya\u015fad\u0131\u011f\u0131 birka\u00e7 yoku\u015ftan sonra hayat\u0131na mutlu bir \u015fekilde devam etmekteydi. Fakat son zamanda olu\u015fan bir vir\u00fcs herkesin, \u00f6zellikle de Onur\u2019un, hayat\u0131n\u0131 yerlebir etti. Onur art\u0131k hem hayatta kalmak zorunda hem de bu vir\u00fcs\u00fcn kayna\u011f\u0131n\u0131 bulmak zorundad\u0131r ama bunu yaparken tek olmayacakt\u0131r. Onlar yan\u0131nda haz\u0131r olacaklard\u0131: Kehanet\u2019in di\u011fer 3 \u00fcyesi\u2026 Umar\u0131m okurken zevk al\u0131rs\u0131n\u0131z. Keyifli okumalar &lt;3 <\/p>\n","protected":false},"excerpt":{"rendered":"<p>23 Kas\u0131m 2009 y\u0131l\u0131nda Antalya\u2019da d\u00fcnyaya gelen \u0130lsu Akku\u015f halen Antalya\u2019da, Muratpa\u015fa \u0130l\u00e7esi\u2019nde ya\u015famaktad\u0131r. Kendini bildi bileli \u015fiirler, \u015fark\u0131lar ve kitap yazmay\u0131 sevdi\u011fini dile getiren yazar<span class=\"excerpt-hellip\"> [\u2026]<\/span><\/p>\n","protected":false},"featured_media":0,"template":"","meta":{"_monsterinsights_skip_tracking":false,"_monsterinsights_sitenote_active":false,"_monsterinsights_sitenote_note":"","_monsterinsights_sitenote_category":0},"product_brand":[],"product_cat":[12291,12711],"product_tag":[],"class_list":{"0":"post-756551","1":"product","2":"type-product","3":"status-publish","5":"product_cat-edebiyat","6":"product_cat-roman-oyku","7":"pa_cilt-ciltsiz","8":"pa_tur-kitap","9":"pa_yayinevi-soncag","10":"pa_yazar-ilsu-akkus","12":"first","13":"instock","14":"sale","15":"shipping-taxable","16":"purchasable","17":"product-type-simple"},"_links":{"self":[{"href":"https:\/\/roveyayinevi.com.tr\/index.php\/wp-json\/wp\/v2\/product\/756551","targetHints":{"allow":["GET"]}}],"collection":[{"href":"https:\/\/roveyayinevi.com.tr\/index.php\/wp-json\/wp\/v2\/product"}],"about":[{"href":"https:\/\/roveyayinevi.com.tr\/index.php\/wp-json\/wp\/v2\/types\/product"}],"wp:attachment":[{"href":"https:\/\/roveyayinevi.com.tr\/index.php\/wp-json\/wp\/v2\/media?parent=756551"}],"wp:term":[{"taxonomy":"product_brand","embeddable":true,"href":"https:\/\/roveyayinevi.com.tr\/index.php\/wp-json\/wp\/v2\/product_brand?post=756551"},{"taxonomy":"product_cat","embeddable":true,"href":"https:\/\/roveyayinevi.com.tr\/index.php\/wp-json\/wp\/v2\/product_cat?post=756551"},{"taxonomy":"product_tag","embeddable":true,"href":"https:\/\/roveyayinevi.com.tr\/index.php\/wp-json\/wp\/v2\/product_tag?post=756551"}],"curies":[{"name":"wp","href":"https:\/\/api.w.org\/{rel}","templated":true}]}}