{"id":756550,"date":"2025-08-28T07:11:19","date_gmt":"2025-08-28T04:11:19","guid":{"rendered":"https:\/\/roveyayinevi.com.tr\/index.php\/urun\/cagdas-sanatin-oykusu\/"},"modified":"2026-03-12T03:18:38","modified_gmt":"2026-03-12T00:18:38","slug":"cagdas-sanatin-oykusu","status":"publish","type":"product","link":"https:\/\/roveyayinevi.com.tr\/index.php\/urun\/cagdas-sanatin-oykusu\/","title":{"rendered":"\u00c7a\u011fda\u015f Sanat\u0131n \u00d6yk\u00fcs\u00fc"},"content":{"rendered":"<p>\u00c7a\u011fda\u015f sanat yaln\u0131zca merak uyand\u0131rma etkisine de\u011fil, kafa kar\u0131\u015ft\u0131rma g\u00fcc\u00fcne de sahip. Bu \u015fey de nesi? Ne anlama geliyor? Ger\u00e7ekten sanat m\u0131 bu? Neden bu kadar y\u00fcksek fiyata sat\u0131l\u0131yor? Bu konuda say\u0131s\u0131z kitap var ama bunlar okuyucuya pek bir \u015fey \u00f6\u011frenmedi\u011fini, partizanca g\u00f6r\u00fc\u015flerin kavranamayan dili nedeniyle de d\u0131\u015fland\u0131\u011f\u0131n\u0131 ya da bunald\u0131\u011f\u0131n\u0131 hissettirmekten \u00f6teye ge\u00e7emiyor.   Tony Godfrey\u2019in capcanl\u0131 \u00fcslubuyla d\u00fcnyan\u0131n bir\u00e7ok farkl\u0131 k\u00f6\u015fesine uzanan kitab\u0131, 1980 y\u0131l\u0131ndan g\u00fcn\u00fcm\u00fcze \u00e7a\u011fda\u015f sanat\u0131n tarihine ili\u015fkin zengin g\u00f6rseller i\u00e7eriyor ve temel bir rehber niteli\u011fi ta\u015f\u0131yor. Godfrey \u00e7a\u011fda\u015f sanat\u0131n \u00f6yk\u00fcs\u00fcn\u00fcn \u00e7at\u0131s\u0131n\u0131 sanat\u0131n ne oldu\u011fu ya da ne olmas\u0131 gerekti\u011fine dair krizler, \u00e7at\u0131\u015fmalar ve tart\u0131\u015fmalar silsilesi olarak kurarken, bu b\u00fcy\u00fcleyici konuya samimi ve anla\u015f\u0131l\u0131r bir giri\u015f sunarak \u00e7a\u011f\u0131m\u0131z\u0131n baz\u0131 kritik meselelerine de de\u011finiyor. <\/p>\n","protected":false},"excerpt":{"rendered":"<p>\u00c7a\u011fda\u015f sanat yaln\u0131zca merak uyand\u0131rma etkisine de\u011fil, kafa kar\u0131\u015ft\u0131rma g\u00fcc\u00fcne de sahip. Bu \u015fey de nesi? Ne anlama geliyor? Ger\u00e7ekten sanat m\u0131 bu? Neden bu kadar<span class=\"excerpt-hellip\"> [\u2026]<\/span><\/p>\n","protected":false},"featured_media":0,"template":"","meta":{"_monsterinsights_skip_tracking":false,"_monsterinsights_sitenote_active":false,"_monsterinsights_sitenote_note":"","_monsterinsights_sitenote_category":0},"product_brand":[],"product_cat":[13548,12408],"product_tag":[],"class_list":{"0":"post-756550","1":"product","2":"type-product","3":"status-publish","5":"product_cat-kuram","6":"product_cat-sanat","7":"pa_cilt-ciltsiz","8":"pa_tur-kitap","9":"pa_yayinevi-hayalperest-yayinlari","10":"pa_yazar-tony-godfrey","12":"first","13":"instock","14":"sale","15":"shipping-taxable","16":"purchasable","17":"product-type-simple"},"_links":{"self":[{"href":"https:\/\/roveyayinevi.com.tr\/index.php\/wp-json\/wp\/v2\/product\/756550","targetHints":{"allow":["GET"]}}],"collection":[{"href":"https:\/\/roveyayinevi.com.tr\/index.php\/wp-json\/wp\/v2\/product"}],"about":[{"href":"https:\/\/roveyayinevi.com.tr\/index.php\/wp-json\/wp\/v2\/types\/product"}],"wp:attachment":[{"href":"https:\/\/roveyayinevi.com.tr\/index.php\/wp-json\/wp\/v2\/media?parent=756550"}],"wp:term":[{"taxonomy":"product_brand","embeddable":true,"href":"https:\/\/roveyayinevi.com.tr\/index.php\/wp-json\/wp\/v2\/product_brand?post=756550"},{"taxonomy":"product_cat","embeddable":true,"href":"https:\/\/roveyayinevi.com.tr\/index.php\/wp-json\/wp\/v2\/product_cat?post=756550"},{"taxonomy":"product_tag","embeddable":true,"href":"https:\/\/roveyayinevi.com.tr\/index.php\/wp-json\/wp\/v2\/product_tag?post=756550"}],"curies":[{"name":"wp","href":"https:\/\/api.w.org\/{rel}","templated":true}]}}