{"id":756548,"date":"2025-08-28T07:11:15","date_gmt":"2025-08-28T04:11:15","guid":{"rendered":"https:\/\/roveyayinevi.com.tr\/index.php\/urun\/cilgin-ressam-fikret-mualla-saygi\/"},"modified":"2026-03-12T03:18:38","modified_gmt":"2026-03-12T00:18:38","slug":"cilgin-ressam-fikret-mualla-saygi","status":"publish","type":"product","link":"https:\/\/roveyayinevi.com.tr\/index.php\/urun\/cilgin-ressam-fikret-mualla-saygi\/","title":{"rendered":"\u00c7\u0131lg\u0131n Ressam Fikret Mualla Sayg\u0131"},"content":{"rendered":"<p>\u00c7ocuk oyun oynayarak \u00f6\u011frenir. Oyun ise ger\u00e7ek ya\u015fam\u0131n yans\u0131mas\u0131d\u0131r. Sanat\u0131n da bir yans\u0131ma oldu\u011funu d\u00fc\u015f\u00fcn\u00fcrsek, \u00e7ocuklar\u0131n sanata ili\u015fkin bilgi edinmeleri ve hatta sanat\u0131n i\u00e7inde olmalar\u0131 \u00f6zellikle zihinleri i\u00e7in gereklidir.   Feraye Turan Pir, \u00e7ocuklar\u0131n bu sanatsal oyunda olmalar\u0131na katk\u0131 sa\u011flamak amac\u0131yla T\u00fcrk Ressamlar\u0131 Serisi\u2019ni kaleme ald\u0131, ressam Helin Kurt resimleriyle seriyi zenginle\u015ftirdi. \u0130lk kitap, Bir K\u00fclt\u00fcr Sanat \u00d6nc\u00fcs\u00fc Osman Hamdi Bey, Osmanl\u0131 \u0130mparatorlu\u011fu\u2019nun bat\u0131l\u0131la\u015fma d\u00f6neminde tam bir k\u0131r\u0131lma noktas\u0131. Serinin di\u011fer d\u00f6rt sanat\u00e7\u0131s\u0131 bu k\u0131r\u0131lmay\u0131 farkl\u0131la\u015ft\u0131rarak ve zenginle\u015ftirerek tarihimizi olu\u015fturuyor: Modern T\u00fcrk Resminin Usta F\u0131r\u00e7as\u0131 H\u00fcseyin Avni Lifij, Prenses Ressam Fahrelnissa Zeid, \u00c7\u0131lg\u0131n Ressam Fikret Mualla Sayg\u0131, Bir Anka Ku\u015fu Semiha Berksoy. \u00c7ocuklar\u0131n hayal g\u00fc\u00e7lerine ve yarat\u0131c\u0131l\u0131klar\u0131na katk\u0131 sa\u011flayacak bu seri, anne-babalar\u0131 da sanata a\u015fina k\u0131lacak. Tertemiz zihinlerin, sanata bak\u0131\u015flar\u0131 ve alg\u0131lama s\u00fcre\u00e7leri \u00e7ok daha h\u0131zl\u0131.   Sevgili \u00e7ocuklar, hissetmeden bilmek olas\u0131 de\u011fil, sizler meraklan\u0131n, ara\u015ft\u0131r\u0131n, g\u00f6r\u00fcn ki biz b\u00fcy\u00fckler daha iyi anlayal\u0131m. Seda Yavuz Sanat Tarih\u00e7isi, Akademisyen <\/p>\n","protected":false},"excerpt":{"rendered":"<p>\u00c7ocuk oyun oynayarak \u00f6\u011frenir. Oyun ise ger\u00e7ek ya\u015fam\u0131n yans\u0131mas\u0131d\u0131r. Sanat\u0131n da bir yans\u0131ma oldu\u011funu d\u00fc\u015f\u00fcn\u00fcrsek, \u00e7ocuklar\u0131n sanata ili\u015fkin bilgi edinmeleri ve hatta sanat\u0131n i\u00e7inde olmalar\u0131 \u00f6zellikle<span class=\"excerpt-hellip\"> [\u2026]<\/span><\/p>\n","protected":false},"featured_media":0,"template":"","meta":{"_monsterinsights_skip_tracking":false,"_monsterinsights_sitenote_active":false,"_monsterinsights_sitenote_note":"","_monsterinsights_sitenote_category":0},"product_brand":[],"product_cat":[12274],"product_tag":[],"class_list":{"0":"post-756548","1":"product","2":"type-product","3":"status-publish","5":"product_cat-cocuk-ve-genclik-kitaplari","6":"pa_cilt-ciltsiz","7":"pa_tur-kitap","8":"pa_yayinevi-hayalperest-yayinlari","9":"pa_yazar-feraye-turan-pir","11":"first","12":"instock","13":"sale","14":"shipping-taxable","15":"purchasable","16":"product-type-simple"},"_links":{"self":[{"href":"https:\/\/roveyayinevi.com.tr\/index.php\/wp-json\/wp\/v2\/product\/756548","targetHints":{"allow":["GET"]}}],"collection":[{"href":"https:\/\/roveyayinevi.com.tr\/index.php\/wp-json\/wp\/v2\/product"}],"about":[{"href":"https:\/\/roveyayinevi.com.tr\/index.php\/wp-json\/wp\/v2\/types\/product"}],"wp:attachment":[{"href":"https:\/\/roveyayinevi.com.tr\/index.php\/wp-json\/wp\/v2\/media?parent=756548"}],"wp:term":[{"taxonomy":"product_brand","embeddable":true,"href":"https:\/\/roveyayinevi.com.tr\/index.php\/wp-json\/wp\/v2\/product_brand?post=756548"},{"taxonomy":"product_cat","embeddable":true,"href":"https:\/\/roveyayinevi.com.tr\/index.php\/wp-json\/wp\/v2\/product_cat?post=756548"},{"taxonomy":"product_tag","embeddable":true,"href":"https:\/\/roveyayinevi.com.tr\/index.php\/wp-json\/wp\/v2\/product_tag?post=756548"}],"curies":[{"name":"wp","href":"https:\/\/api.w.org\/{rel}","templated":true}]}}