{"id":756547,"date":"2025-08-28T07:11:13","date_gmt":"2025-08-28T04:11:13","guid":{"rendered":"https:\/\/roveyayinevi.com.tr\/index.php\/urun\/insandan-isyana\/"},"modified":"2026-04-16T03:09:37","modified_gmt":"2026-04-16T00:09:37","slug":"insandan-isyana","status":"publish","type":"product","link":"https:\/\/roveyayinevi.com.tr\/index.php\/urun\/insandan-isyana\/","title":{"rendered":"\u0130nsandan \u0130syana"},"content":{"rendered":"<p>g\u00f6zden kayboldu, binlerce y\u0131ld\u0131r d\u00fcnyay\u0131 de\u011fi\u015ftirip de, kendi hazin ak\u0131betlerini de\u011fi\u015ftiremeyen uygarl\u0131k yolcular\u0131 gibi.   \u2026evrende ya\u015fam \u00e7ok y\u00fczl\u00fc prizma gibidir. Biz bir bak\u0131\u015fta onun tek y\u00fcz\u00fcn\u00fc g\u00f6r\u00fcr\u00fcz. Bak\u0131\u015flar\u0131m\u0131z\u0131n yo\u011funla\u015f\u0131p kesi\u015fti\u011fi nokta, sorunlar\u0131n d\u00fc\u011f\u00fcmlendi\u011fi noktad\u0131r. Sorunlar\u0131n yo\u011fun olarak ya\u015fand\u0131\u011f\u0131, bo\u011fucu, \u00fcrk\u00fct\u00fcc\u00fc ve i\u00e7inden zor \u00e7\u0131k\u0131l\u0131r ya\u015fam \u00e7eli\u015fkilerine ne\u015fter vurmak her yi\u011fidin kar\u0131 de\u011fildir. Kangrenle\u015fen sorunlara ne\u015fter vuranlar,  \u00f6ncelikle ne\u015fter tutan ellerini kay\u0131p etmi\u015flerdir. <\/p>\n","protected":false},"excerpt":{"rendered":"<p>g\u00f6zden kayboldu, binlerce y\u0131ld\u0131r d\u00fcnyay\u0131 de\u011fi\u015ftirip de, kendi hazin ak\u0131betlerini de\u011fi\u015ftiremeyen uygarl\u0131k yolcular\u0131 gibi. \u2026evrende ya\u015fam \u00e7ok y\u00fczl\u00fc prizma gibidir. Biz bir bak\u0131\u015fta onun tek y\u00fcz\u00fcn\u00fc<span class=\"excerpt-hellip\"> [\u2026]<\/span><\/p>\n","protected":false},"featured_media":0,"template":"","meta":{"_monsterinsights_skip_tracking":false,"_monsterinsights_sitenote_active":false,"_monsterinsights_sitenote_note":"","_monsterinsights_sitenote_category":0},"product_brand":[],"product_cat":[12291,12711],"product_tag":[],"class_list":{"0":"post-756547","1":"product","2":"type-product","3":"status-publish","5":"product_cat-edebiyat","6":"product_cat-roman-oyku","7":"pa_cilt-ciltsiz","8":"pa_tur-kitap","9":"pa_yayinevi-kirmizi-ada-yayinlari","10":"pa_yazar-cengiz-karahan","12":"first","13":"instock","14":"sale","15":"shipping-taxable","16":"purchasable","17":"product-type-simple"},"_links":{"self":[{"href":"https:\/\/roveyayinevi.com.tr\/index.php\/wp-json\/wp\/v2\/product\/756547","targetHints":{"allow":["GET"]}}],"collection":[{"href":"https:\/\/roveyayinevi.com.tr\/index.php\/wp-json\/wp\/v2\/product"}],"about":[{"href":"https:\/\/roveyayinevi.com.tr\/index.php\/wp-json\/wp\/v2\/types\/product"}],"wp:attachment":[{"href":"https:\/\/roveyayinevi.com.tr\/index.php\/wp-json\/wp\/v2\/media?parent=756547"}],"wp:term":[{"taxonomy":"product_brand","embeddable":true,"href":"https:\/\/roveyayinevi.com.tr\/index.php\/wp-json\/wp\/v2\/product_brand?post=756547"},{"taxonomy":"product_cat","embeddable":true,"href":"https:\/\/roveyayinevi.com.tr\/index.php\/wp-json\/wp\/v2\/product_cat?post=756547"},{"taxonomy":"product_tag","embeddable":true,"href":"https:\/\/roveyayinevi.com.tr\/index.php\/wp-json\/wp\/v2\/product_tag?post=756547"}],"curies":[{"name":"wp","href":"https:\/\/api.w.org\/{rel}","templated":true}]}}