{"id":756543,"date":"2025-08-28T07:11:06","date_gmt":"2025-08-28T04:11:06","guid":{"rendered":"https:\/\/roveyayinevi.com.tr\/index.php\/urun\/tanrilar-sofrasi\/"},"modified":"2025-09-24T16:16:58","modified_gmt":"2025-09-24T13:16:58","slug":"tanrilar-sofrasi","status":"publish","type":"product","link":"https:\/\/roveyayinevi.com.tr\/index.php\/urun\/tanrilar-sofrasi\/","title":{"rendered":"Tanr\u0131lar Sofras\u0131"},"content":{"rendered":"<p>gelirimle ya\u015far\u0131m sanan kad\u0131nlar gerilimle ya\u015famaya al\u0131\u015ft\u0131lar \u015fimdi ellerinde \u00e7ocuklar pazar pazar geziyorlar ak\u015fam\u00fcst\u00fc d\u00f6k\u00fcnt\u00fclerinde g\u00f6zlerini ka\u00e7\u0131rarak senden benden   1966 Anamur do\u011fumlu&#8230; Mersin, Anamur il\u00e7esi Ka\u015fdi\u015flen K\u00f6y\u00fc\u2019nde do\u011fdu. \u0130lkokulu K\u00f6y\u00fcnde, Ortaokulu ve liseyi Anamur\u2019da okuduktan sonra 1990 y\u0131l\u0131nda Diyarbak\u0131r Dicle \u00dcniversitesi Co\u011frafya \u00d6\u011fretmenli\u011fi B\u00f6l\u00fcm\u00fc\u2019nden mezun oldu. S\u0131n\u0131f \u00f6\u011fretmeni ve sonras\u0131nda Sosyal Bilgiler \u00d6\u011fretmeni olarak Mersin, Ad\u0131yaman ve Antalya\u2019da \u00e7e\u015fitli okullarda g\u00f6rev yapt\u0131. Halen Anamur\u2019da g\u00f6revini s\u00fcrd\u00fcrmektedir. \u00d6yk\u00fcleri, \u00dctopya, \u00c7orba, \u0130mgelem \u00c7ocuk, BH Sanat, Dikili Ekin, Turun\u00e7, Patika Dergisi, Tmolos, Sarmal \u00c7evrim, \u00dcvercinka, G\u00fcz Sanat, \u00c7\u0131nardibi, Mersin Sanat Edebiyat, Maki, Akatalpa, gibi k\u00fclt\u00fcr- edebiyat dergilerinde yay\u0131mland\u0131. 2011 Y\u0131l\u0131nda Kelenderis \u00d6yk\u00fc Yar\u0131\u015fmas\u0131\u2019nda \u2018S\u0131rr\u0131m Y\u00fcre\u011fimde Patlad\u0131\u2019 adl\u0131 \u00f6yk\u00fcs\u00fc ile Ayd\u0131nc\u0131k Belediyesi Te\u015fvik \u00d6d\u00fcl\u00fc ald\u0131. Edebiyat\u00e7\u0131lar Derne\u011fi \u00fcyesidir. Yazar\u0131n 2015 y\u0131l\u0131nda \u2018Sevgi \u015eiddetten Ka\u00e7arken\u2019, 2016 y\u0131l\u0131nda \u2018\u2019Terli D\u00fc\u015f\u2019\u2019 adl\u0131 \u00f6yk\u00fc kitaplar\u0131, 2018 y\u0131l\u0131nda \u2018\u2019D\u00fcnle Gelme Bana\u2019\u2019 adl\u0131 \u015fiir kitab\u0131 Broy Yay\u0131nevi\u2019nden, 2022 y\u0131l\u0131nda \u2018\u2019Alk\u0131\u015f K\u0131yamet\u2019\u2019 \u015fiir kitab\u0131 Klaros Yay\u0131nevi\u2019nden yay\u0131mland\u0131. <\/p>\n","protected":false},"excerpt":{"rendered":"<p>gelirimle ya\u015far\u0131m sanan kad\u0131nlar gerilimle ya\u015famaya al\u0131\u015ft\u0131lar \u015fimdi ellerinde \u00e7ocuklar pazar pazar geziyorlar ak\u015fam\u00fcst\u00fc d\u00f6k\u00fcnt\u00fclerinde g\u00f6zlerini ka\u00e7\u0131rarak senden benden 1966 Anamur do\u011fumlu&#8230; Mersin, Anamur il\u00e7esi Ka\u015fdi\u015flen<span class=\"excerpt-hellip\"> [\u2026]<\/span><\/p>\n","protected":false},"featured_media":0,"template":"","meta":{"_monsterinsights_skip_tracking":false,"_monsterinsights_sitenote_active":false,"_monsterinsights_sitenote_note":"","_monsterinsights_sitenote_category":0},"product_brand":[],"product_cat":[12291,12509],"product_tag":[],"class_list":{"0":"post-756543","1":"product","2":"type-product","3":"status-publish","5":"product_cat-edebiyat","6":"product_cat-siir","7":"pa_cilt-ciltsiz","8":"pa_tur-kitap","9":"pa_yayinevi-gulnar-yayinlari","10":"pa_yazar-veli-erdem","12":"first","13":"instock","14":"sale","15":"shipping-taxable","16":"purchasable","17":"product-type-simple"},"_links":{"self":[{"href":"https:\/\/roveyayinevi.com.tr\/index.php\/wp-json\/wp\/v2\/product\/756543","targetHints":{"allow":["GET"]}}],"collection":[{"href":"https:\/\/roveyayinevi.com.tr\/index.php\/wp-json\/wp\/v2\/product"}],"about":[{"href":"https:\/\/roveyayinevi.com.tr\/index.php\/wp-json\/wp\/v2\/types\/product"}],"wp:attachment":[{"href":"https:\/\/roveyayinevi.com.tr\/index.php\/wp-json\/wp\/v2\/media?parent=756543"}],"wp:term":[{"taxonomy":"product_brand","embeddable":true,"href":"https:\/\/roveyayinevi.com.tr\/index.php\/wp-json\/wp\/v2\/product_brand?post=756543"},{"taxonomy":"product_cat","embeddable":true,"href":"https:\/\/roveyayinevi.com.tr\/index.php\/wp-json\/wp\/v2\/product_cat?post=756543"},{"taxonomy":"product_tag","embeddable":true,"href":"https:\/\/roveyayinevi.com.tr\/index.php\/wp-json\/wp\/v2\/product_tag?post=756543"}],"curies":[{"name":"wp","href":"https:\/\/api.w.org\/{rel}","templated":true}]}}