{"id":756540,"date":"2025-08-28T07:10:59","date_gmt":"2025-08-28T04:10:59","guid":{"rendered":"https:\/\/roveyayinevi.com.tr\/index.php\/urun\/bu-hikayeyi-ben-yazdim\/"},"modified":"2026-04-08T03:17:33","modified_gmt":"2026-04-08T00:17:33","slug":"bu-hikayeyi-ben-yazdim","status":"publish","type":"product","link":"https:\/\/roveyayinevi.com.tr\/index.php\/urun\/bu-hikayeyi-ben-yazdim\/","title":{"rendered":"Bu Hikayeyi Ben Yazd\u0131m"},"content":{"rendered":"<p>\u00c7ok okunan yazar Abby Hanlon, i\u00e7imizdeki hik\u00e2yeciyi ke\u015ffetmek \u00fczerine mizah dolu bir hik\u00e2ye anlat\u0131yor. \u00d6zg\u00fcven, okul ya\u015fam\u0131 ve kendini ifade etmenin yarat\u0131c\u0131 yollar\u0131na odaklanan hik\u00e2ye, ne\u015feli \u00e7izimlerle renkleniyor. Yazacak hi\u00e7bir \u015feyi olmad\u0131\u011f\u0131n\u0131 d\u00fc\u015f\u00fcnen \u00e7ocuklar i\u00e7in e\u011flenceli ipu\u00e7lar\u0131 f\u0131s\u0131ldayan kitap, yazma ser\u00fcveninin ba\u015f\u0131ndaki minik yazarlara verilmi\u015f esin dolu bir arma\u011fan ayn\u0131 zamanda. Ralf\u2019in s\u0131n\u0131f arkada\u015flar\u0131 hik\u00e2ye yazmaya bay\u0131l\u0131yor. \u00d6\u011fretmenlerine g\u00f6re hik\u00e2yeler, her an her yerde bulunabilir. Evde, okulda, sokakta&#8230; Oysa Ralf, yazmay\u0131 bir t\u00fcrl\u00fc beceremiyor. Ama bir an; parkta, solucan Bacaks\u0131z\u2019la ge\u00e7irdi\u011fi s\u0131rad\u0131\u015f\u0131 g\u00fcn\u00fc hat\u0131rlay\u0131nca, i\u015fin rengi de\u011fi\u015fecek gibi g\u00f6r\u00fcn\u00fcyor.<\/p>\n","protected":false},"excerpt":{"rendered":"<p>\u00c7ok okunan yazar Abby Hanlon, i\u00e7imizdeki hik\u00e2yeciyi ke\u015ffetmek \u00fczerine mizah dolu bir hik\u00e2ye anlat\u0131yor. \u00d6zg\u00fcven, okul ya\u015fam\u0131 ve kendini ifade etmenin yarat\u0131c\u0131 yollar\u0131na odaklanan hik\u00e2ye, ne\u015feli<span class=\"excerpt-hellip\"> [\u2026]<\/span><\/p>\n","protected":false},"featured_media":0,"template":"","meta":{"_monsterinsights_skip_tracking":false,"_monsterinsights_sitenote_active":false,"_monsterinsights_sitenote_note":"","_monsterinsights_sitenote_category":0},"product_brand":[],"product_cat":[12274,12284],"product_tag":[],"class_list":{"0":"post-756540","1":"product","2":"type-product","3":"status-publish","5":"product_cat-cocuk-ve-genclik-kitaplari","6":"product_cat-hikayeler","7":"pa_cilt-ciltsiz","8":"pa_tur-kitap","9":"pa_yayinevi-uyurgezer-kitap","10":"pa_yazar-abby-hanlon","12":"first","13":"instock","14":"sale","15":"shipping-taxable","16":"purchasable","17":"product-type-simple"},"_links":{"self":[{"href":"https:\/\/roveyayinevi.com.tr\/index.php\/wp-json\/wp\/v2\/product\/756540","targetHints":{"allow":["GET"]}}],"collection":[{"href":"https:\/\/roveyayinevi.com.tr\/index.php\/wp-json\/wp\/v2\/product"}],"about":[{"href":"https:\/\/roveyayinevi.com.tr\/index.php\/wp-json\/wp\/v2\/types\/product"}],"wp:attachment":[{"href":"https:\/\/roveyayinevi.com.tr\/index.php\/wp-json\/wp\/v2\/media?parent=756540"}],"wp:term":[{"taxonomy":"product_brand","embeddable":true,"href":"https:\/\/roveyayinevi.com.tr\/index.php\/wp-json\/wp\/v2\/product_brand?post=756540"},{"taxonomy":"product_cat","embeddable":true,"href":"https:\/\/roveyayinevi.com.tr\/index.php\/wp-json\/wp\/v2\/product_cat?post=756540"},{"taxonomy":"product_tag","embeddable":true,"href":"https:\/\/roveyayinevi.com.tr\/index.php\/wp-json\/wp\/v2\/product_tag?post=756540"}],"curies":[{"name":"wp","href":"https:\/\/api.w.org\/{rel}","templated":true}]}}