{"id":756539,"date":"2025-08-28T07:10:57","date_gmt":"2025-08-28T04:10:57","guid":{"rendered":"https:\/\/roveyayinevi.com.tr\/index.php\/urun\/irfan-ikliminde-seherden-kalbe\/"},"modified":"2026-04-16T03:09:37","modified_gmt":"2026-04-16T00:09:37","slug":"irfan-ikliminde-seherden-kalbe","status":"publish","type":"product","link":"https:\/\/roveyayinevi.com.tr\/index.php\/urun\/irfan-ikliminde-seherden-kalbe\/","title":{"rendered":"\u0130rfan \u0130kliminde Seherden Kalbe"},"content":{"rendered":"<p>Seher vakti, in cin uykuda. Yolcunun i\u00e7inde bir f\u0131rt\u0131na, bir yang\u0131n. Do\u011frulur, yerinden. F\u0131rt\u0131na savuracak, yang\u0131n yak\u0131p k\u00fcl edecek. Yolcu yol arar. Ayaklar\u0131 onu bir yolda\u015fa \u00e7eker. Kap\u0131y\u0131 \u00e7alar, kap\u0131 s\u00fcrmelidir, a\u00e7\u0131lmaz. Yolcu tedirgin olur, panikler. Bir kere daha y\u00fcklenir kap\u0131ya. Bu kez kap\u0131 a\u00e7\u0131l\u0131r, onu avluda g\u00f6zleri s\u00fcrmeli biri kar\u015f\u0131lar. G\u00f6zlerini alamaz s\u00fcrmelinin g\u00f6zlerinden; nutku tutulur, konu\u015famaz adeta kendinden ge\u00e7er. Bu h\u00e2l bir s\u00fcre sonra ge\u00e7ince s\u00fcrmelinin \u00f6n\u00fcnde diz \u00e7\u00f6ker; i\u00e7indeki f\u0131rt\u0131nay\u0131 dindirecek, yang\u0131n\u0131 s\u00f6nd\u00fcrecek yol arkada\u015f\u0131n\u0131n o oldu\u011funu s\u00f6yler. G\u00f6zleri s\u00fcrmeli, yola uygun musun, senin yolda\u015fl\u0131\u011f\u0131na g\u00fcvenilir mi bakmam\u0131z gerekir deyip kendisini s\u0131nava \u00e7ekece\u011fini s\u00f6yler. Bu kap\u0131da n\u00f6bet tut, n\u00f6betin bitince s\u0131ran gelir, seni i\u00e7eri kabul ederiz, der. Yolcu yolda n\u00f6bete ba\u015flar. Gecenin ayaz\u0131na, g\u00fcnd\u00fcz\u00fcn yak\u0131c\u0131 g\u00fcne\u015fine, kara tipiye, ya\u011fmura \u00e7amura ald\u0131rmadan n\u00f6bete devam eder. S\u00fcrmeli, yolcunun sebat\u0131ndan emin olunca ona yola nas\u0131l devam edece\u011finin yolunu g\u00f6sterir: Menzil uzakt\u0131r, yollar zorludur. Bu yolu k\u0131saltman\u0131n, menzili yak\u0131n etmenin tek yolu vard\u0131r o da a\u015fk at\u0131na binip vakit kaybetmeden yola koyulmakt\u0131r, der.   Yolcu a\u015fk at\u0131n\u0131n yelesine tutunur, gece g\u00fcnd\u00fcz demeden yol al\u0131r. Gecenin zifiri an\u0131nda, in cin uykuda. Uyan\u0131k olan sadece yolcu ve a\u015fk at\u0131, menzilin kap\u0131s\u0131nda&#8230; Yolcu k\u0131bleye d\u00f6ner ve Rabbine y\u00f6nelir: \u201cYa Rabbi, \u015fu anda herkes sevdiklerinin yan\u0131nda ve derin uykudalar. Bense sana geldim. Benim senden ba\u015fka gidecek kap\u0131m yok. Kendimi senin rahmet, merhamet, inayet ve hidayetine b\u0131rak\u0131yorum. Bana kerem et, l\u00fctfunla g\u00f6nl\u00fcm\u00fc \u015fenlendir, i\u00e7imde senden \u00f6zge ne varsa temizle, beni ar\u0131nd\u0131r. Biliyorum sen, sana y\u00f6nelen kalbi ve a\u00e7\u0131lan eli bo\u015f \u00e7evirmezsin. Ben g\u00fcnahk\u00e2r\u0131m, af ve ma\u011ffiret sahibi sensin. Ben senden sadece muhabbetini umar\u0131m, ved\u00fbd olan sensin.\u201d   Seher yolcuyu \u00f6yle sar\u0131p sarmalam\u0131\u015ft\u0131r ki bu rahman ve rahim olan Allah\u2019\u0131n yolcunun duas\u0131na cevab\u0131yd\u0131. <\/p>\n","protected":false},"excerpt":{"rendered":"<p>Seher vakti, in cin uykuda. Yolcunun i\u00e7inde bir f\u0131rt\u0131na, bir yang\u0131n. Do\u011frulur, yerinden. F\u0131rt\u0131na savuracak, yang\u0131n yak\u0131p k\u00fcl edecek. Yolcu yol arar. Ayaklar\u0131 onu bir yolda\u015fa<span class=\"excerpt-hellip\"> [\u2026]<\/span><\/p>\n","protected":false},"featured_media":0,"template":"","meta":{"_monsterinsights_skip_tracking":false,"_monsterinsights_sitenote_active":false,"_monsterinsights_sitenote_note":"","_monsterinsights_sitenote_category":0},"product_brand":[],"product_cat":[12777,12291],"product_tag":[],"class_list":{"0":"post-756539","1":"product","2":"type-product","3":"status-publish","5":"product_cat-deneme","6":"product_cat-edebiyat","7":"pa_cilt-ciltsiz","8":"pa_tur-kitap","9":"pa_yayinevi-gulnar-yayinlari","10":"pa_yazar-ismet-erdal","12":"first","13":"instock","14":"sale","15":"shipping-taxable","16":"purchasable","17":"product-type-simple"},"_links":{"self":[{"href":"https:\/\/roveyayinevi.com.tr\/index.php\/wp-json\/wp\/v2\/product\/756539","targetHints":{"allow":["GET"]}}],"collection":[{"href":"https:\/\/roveyayinevi.com.tr\/index.php\/wp-json\/wp\/v2\/product"}],"about":[{"href":"https:\/\/roveyayinevi.com.tr\/index.php\/wp-json\/wp\/v2\/types\/product"}],"wp:attachment":[{"href":"https:\/\/roveyayinevi.com.tr\/index.php\/wp-json\/wp\/v2\/media?parent=756539"}],"wp:term":[{"taxonomy":"product_brand","embeddable":true,"href":"https:\/\/roveyayinevi.com.tr\/index.php\/wp-json\/wp\/v2\/product_brand?post=756539"},{"taxonomy":"product_cat","embeddable":true,"href":"https:\/\/roveyayinevi.com.tr\/index.php\/wp-json\/wp\/v2\/product_cat?post=756539"},{"taxonomy":"product_tag","embeddable":true,"href":"https:\/\/roveyayinevi.com.tr\/index.php\/wp-json\/wp\/v2\/product_tag?post=756539"}],"curies":[{"name":"wp","href":"https:\/\/api.w.org\/{rel}","templated":true}]}}