{"id":756536,"date":"2025-08-28T07:10:52","date_gmt":"2025-08-28T04:10:52","guid":{"rendered":"https:\/\/roveyayinevi.com.tr\/index.php\/urun\/prof-dr-osman-aydogusa-armagan-iklim-degisimi-ve-turkiye-ekonomisinde-donusum\/"},"modified":"2026-04-16T03:09:37","modified_gmt":"2026-04-16T00:09:37","slug":"prof-dr-osman-aydogusa-armagan-iklim-degisimi-ve-turkiye-ekonomisinde-donusum","status":"publish","type":"product","link":"https:\/\/roveyayinevi.com.tr\/index.php\/urun\/prof-dr-osman-aydogusa-armagan-iklim-degisimi-ve-turkiye-ekonomisinde-donusum\/","title":{"rendered":"Prof. Dr. Osman Aydo\u011fu\u015f\u2019a Arma\u011fan: \u0130klim De\u011fi\u015fimi ve T\u00fcrkiye Ekonomisinde D\u00f6n\u00fc\u015f\u00fcm"},"content":{"rendered":"<p>21. y\u00fczy\u0131la damga vuran \u00fc\u00e7 temel sorun var: iklim de\u011fi\u015fimi, g\u00f6\u00e7 ve gelir\/servet e\u015fitsizli\u011fi. Klasik iktisat politikalar\u0131n\u0131n bu sorunlar\u0131 a\u015fmas\u0131 m\u00fcmk\u00fcn g\u00f6r\u00fcnm\u00fcyor. \u00c7\u00fcnk\u00fc bu sorunlar birbirini besliyor. Bu kitap, bu sorunlardan ikisine, iklim de\u011fi\u015fimi ve gelir e\u015fitsizli\u011fine odaklan\u0131yor. \u0130klim de\u011fi\u015fimi, g\u00fcnden g\u00fcne ya\u015fant\u0131m\u0131z\u0131 daha da etkiler hale geliyor. Sanayi Devrimi\u2019nden bu yana s\u00fcregelen do\u011fa vandalizminin y\u0131k\u0131c\u0131 et-kileri d\u00fcnyay\u0131 ve insanl\u0131\u011f\u0131 vuruyor. Kapitalizm, sermaye birikimini sa\u011flamak i\u00e7in ellerini kana bulamakla kalmay\u0131p, do\u011fan\u0131n dengesini de alt \u00fcst ediyor. Kitapta bulunan, yetkin kalemler taraf\u0131ndan yaz\u0131lan on bir b\u00f6l\u00fcmde sorunlarla birlikte, \u00e7\u00f6z\u00fcm \u00f6nerileri de yer al\u0131yor.<\/p>\n","protected":false},"excerpt":{"rendered":"<p>21. y\u00fczy\u0131la damga vuran \u00fc\u00e7 temel sorun var: iklim de\u011fi\u015fimi, g\u00f6\u00e7 ve gelir\/servet e\u015fitsizli\u011fi. Klasik iktisat politikalar\u0131n\u0131n bu sorunlar\u0131 a\u015fmas\u0131 m\u00fcmk\u00fcn g\u00f6r\u00fcnm\u00fcyor. \u00c7\u00fcnk\u00fc bu sorunlar birbirini<span class=\"excerpt-hellip\"> [\u2026]<\/span><\/p>\n","protected":false},"featured_media":0,"template":"","meta":{"_monsterinsights_skip_tracking":false,"_monsterinsights_sitenote_active":false,"_monsterinsights_sitenote_note":"","_monsterinsights_sitenote_category":0},"product_brand":[],"product_cat":[23323,12364],"product_tag":[],"class_list":{"0":"post-756536","1":"product","2":"type-product","3":"status-publish","5":"product_cat-ekoloji","6":"product_cat-genel-konular","7":"pa_cilt-ciltsiz","8":"pa_tur-kitap","9":"pa_yayinevi-efil-yayinevi","10":"pa_yazar-kolektif","12":"first","13":"instock","14":"sale","15":"shipping-taxable","16":"purchasable","17":"product-type-simple"},"_links":{"self":[{"href":"https:\/\/roveyayinevi.com.tr\/index.php\/wp-json\/wp\/v2\/product\/756536","targetHints":{"allow":["GET"]}}],"collection":[{"href":"https:\/\/roveyayinevi.com.tr\/index.php\/wp-json\/wp\/v2\/product"}],"about":[{"href":"https:\/\/roveyayinevi.com.tr\/index.php\/wp-json\/wp\/v2\/types\/product"}],"wp:attachment":[{"href":"https:\/\/roveyayinevi.com.tr\/index.php\/wp-json\/wp\/v2\/media?parent=756536"}],"wp:term":[{"taxonomy":"product_brand","embeddable":true,"href":"https:\/\/roveyayinevi.com.tr\/index.php\/wp-json\/wp\/v2\/product_brand?post=756536"},{"taxonomy":"product_cat","embeddable":true,"href":"https:\/\/roveyayinevi.com.tr\/index.php\/wp-json\/wp\/v2\/product_cat?post=756536"},{"taxonomy":"product_tag","embeddable":true,"href":"https:\/\/roveyayinevi.com.tr\/index.php\/wp-json\/wp\/v2\/product_tag?post=756536"}],"curies":[{"name":"wp","href":"https:\/\/api.w.org\/{rel}","templated":true}]}}