{"id":756535,"date":"2025-08-28T07:10:51","date_gmt":"2025-08-28T04:10:51","guid":{"rendered":"https:\/\/roveyayinevi.com.tr\/index.php\/urun\/ataturku-anlamak-ve-tamamlamak\/"},"modified":"2026-04-16T03:09:37","modified_gmt":"2026-04-16T00:09:37","slug":"ataturku-anlamak-ve-tamamlamak","status":"publish","type":"product","link":"https:\/\/roveyayinevi.com.tr\/index.php\/urun\/ataturku-anlamak-ve-tamamlamak\/","title":{"rendered":"Atat\u00fcrk\u2019\u00fc Anlamak ve Tamamlamak"},"content":{"rendered":"<p>Cavit Orhan T\u00fctengil\u2019in Atat\u00fcrk\u2019\u00fc Anlamak ve Tamamlamak kitab\u0131, Efil Yay\u0131nevi taraf\u0131ndan Cumhuriyetimizin y\u00fcz\u00fcnc\u00fc y\u0131l\u0131nda, Cumhuriyet T\u00fcrkiye\u2019sinin birikimine katk\u0131-da bulunmu\u015f de\u011ferlerimizin fikirlerini ya\u015fatmak amac\u0131yla yeniden bas\u0131lm\u0131\u015ft\u0131r. Hi\u00e7 ku\u015fkusuz bu fikirler, h\u00e2l\u00e2 g\u00fcncelli\u011fini korumaktad\u0131r. \u201c\u2026Atat\u00fcrk\u2019\u00fc Anlamak, Atat\u00fcrk\u00e7\u00fc d\u00fc\u015f\u00fcnceyi canl\u0131 tutman\u0131n ilk basama\u011f\u0131, Atat\u00fcrk\u2019\u00fc Tamamlamak ise Atat\u00fcrk\u00e7\u00fc eylemi geli\u015ftirmenin ilk ko\u015fuludur. D\u00fc\u015f\u00fcnce-eylem b\u00fct\u00fcnl\u00fc\u011f\u00fc i\u00e7inde ele al\u0131n\u0131p de\u011ferlendirilmedik\u00e7e, Atat\u00fcrk\u2019\u00fcn y\u00fcklendi\u011fi \u201cmission\u201dun ulusal ve evrensel tarih sahnesin-deki yeri a\u00e7\u0131kl\u0131kla belirlenemez. \u2026 Ulusal planda oldu\u011fu kadar evrensel planda da uyand\u0131rd\u0131\u011f\u0131 sayg\u0131 s\u00fcregelen Gazi Mustafa Kemal Pa\u015fa, 1934\u2019ten bu yana da Atat\u00fcrk ad\u0131, T\u00fcrkiye Cumhuriyeti\u2019yle i\u00e7 i\u00e7edir. \u201cT\u00fcrk Devrimi\u201d ad\u0131 verilen tarihsel olay, Atat\u00fcrk\u2019\u00fcn \u00f6nderli\u011finde ulus\u00e7a ba\u015far\u0131lan ve ger\u00e7ekle\u015ftirilen bir \u201ckurtulu\u015flar\u201d dizisidir. Cumhuriyetin 52. y\u0131ld\u00f6n\u00fcm\u00fcnde, onun kurucusu ve ilk Devlet Ba\u015fkan\u0131 Mustafa Kemal Atat\u00fcrk\u2019\u00fcn aziz an\u0131-s\u0131na sunulan bu yaz\u0131 demetinin yap\u0131c\u0131 d\u00fc\u015f\u00fcncelere ortam haz\u0131rlamas\u0131 en i\u00e7ten dile\u011fimdir.\u201d<\/p>\n","protected":false},"excerpt":{"rendered":"<p>Cavit Orhan T\u00fctengil\u2019in Atat\u00fcrk\u2019\u00fc Anlamak ve Tamamlamak kitab\u0131, Efil Yay\u0131nevi taraf\u0131ndan Cumhuriyetimizin y\u00fcz\u00fcnc\u00fc y\u0131l\u0131nda, Cumhuriyet T\u00fcrkiye\u2019sinin birikimine katk\u0131-da bulunmu\u015f de\u011ferlerimizin fikirlerini ya\u015fatmak amac\u0131yla yeniden bas\u0131lm\u0131\u015ft\u0131r. Hi\u00e7<span class=\"excerpt-hellip\"> [\u2026]<\/span><\/p>\n","protected":false},"featured_media":0,"template":"","meta":{"_monsterinsights_skip_tracking":false,"_monsterinsights_sitenote_active":false,"_monsterinsights_sitenote_note":"","_monsterinsights_sitenote_category":0},"product_brand":[],"product_cat":[12530,12304],"product_tag":[],"class_list":{"0":"post-756535","1":"product","2":"type-product","3":"status-publish","5":"product_cat-mustafa-kemal-ataturk","6":"product_cat-tarih","7":"pa_cilt-ciltsiz","8":"pa_tur-kitap","9":"pa_yayinevi-efil-yayinevi","10":"pa_yazar-cavit-orhan-tutengil","12":"first","13":"instock","14":"sale","15":"shipping-taxable","16":"purchasable","17":"product-type-simple"},"_links":{"self":[{"href":"https:\/\/roveyayinevi.com.tr\/index.php\/wp-json\/wp\/v2\/product\/756535","targetHints":{"allow":["GET"]}}],"collection":[{"href":"https:\/\/roveyayinevi.com.tr\/index.php\/wp-json\/wp\/v2\/product"}],"about":[{"href":"https:\/\/roveyayinevi.com.tr\/index.php\/wp-json\/wp\/v2\/types\/product"}],"wp:attachment":[{"href":"https:\/\/roveyayinevi.com.tr\/index.php\/wp-json\/wp\/v2\/media?parent=756535"}],"wp:term":[{"taxonomy":"product_brand","embeddable":true,"href":"https:\/\/roveyayinevi.com.tr\/index.php\/wp-json\/wp\/v2\/product_brand?post=756535"},{"taxonomy":"product_cat","embeddable":true,"href":"https:\/\/roveyayinevi.com.tr\/index.php\/wp-json\/wp\/v2\/product_cat?post=756535"},{"taxonomy":"product_tag","embeddable":true,"href":"https:\/\/roveyayinevi.com.tr\/index.php\/wp-json\/wp\/v2\/product_tag?post=756535"}],"curies":[{"name":"wp","href":"https:\/\/api.w.org\/{rel}","templated":true}]}}