{"id":756534,"date":"2025-08-28T07:10:50","date_gmt":"2025-08-28T04:10:50","guid":{"rendered":"https:\/\/roveyayinevi.com.tr\/index.php\/urun\/savasci-kadin\/"},"modified":"2026-04-16T03:09:37","modified_gmt":"2026-04-16T00:09:37","slug":"savasci-kadin","status":"publish","type":"product","link":"https:\/\/roveyayinevi.com.tr\/index.php\/urun\/savasci-kadin\/","title":{"rendered":"Sava\u015f\u00e7\u0131 Kad\u0131n"},"content":{"rendered":"<p>Her insan\u0131n y\u00fcre\u011finde, anne sevgisi kadar kutsal ve y\u00fcce bir duygu, ayr\u0131 bir sevda ya\u015far. Bu vatan sevgisidir. Herkes d\u00fcnyaya g\u00f6zlerini a\u00e7t\u0131\u011f\u0131nda kendisini do\u011furan anneyi g\u00f6r\u00fcr. Ve anne onun i\u00e7in vazge\u00e7ilmez, kutsal bir varl\u0131k olur. Do\u011fup b\u00fcy\u00fcd\u00fc\u011f\u00fcm\u00fcz, hayat\u0131m\u0131z\u0131 devam ettirdi\u011fimiz vatan\u0131m\u0131z da bizim i\u00e7in kutsal ve vazge\u00e7ilmezdir ve o y\u00fczdendir ki &#8220;ANA VATAN&#8221; denilmi\u015ftir. \u00d6yle ki bu vatan u\u011fruna binlerce insan\u0131m\u0131z sava\u015fm\u0131\u015f, gaz\u0131 ya da \u015fehit olmu\u015ftur. Vatan sadece bir toprak par\u00e7as\u0131 de\u011fildir. Vatan bir milletin onuru, gururu, namusudur. O y\u00fczden \u015fair Mithat Cemal Kuntay \u015e\u00f6yle demi\u015ftir. &#8220;Bayraklar\u0131 bayrak yapan \u00fcst\u00fcndeki kand\u0131r.&#8221; &#8220;Toprak e\u011fer u\u011frunda \u00f6len varsa vatand\u0131r.&#8221; Ana vatan\u0131 sevmek ve korumak, topraklar\u0131n\u0131n her santiminin de\u011ferini bilmek ve gerekirse, bu vatan i\u00e7in \u00f6lmek hepimizin kutsal g\u00f6revi olmal\u0131d\u0131r&#8230; <\/p>\n","protected":false},"excerpt":{"rendered":"<p>Her insan\u0131n y\u00fcre\u011finde, anne sevgisi kadar kutsal ve y\u00fcce bir duygu, ayr\u0131 bir sevda ya\u015far. Bu vatan sevgisidir. Herkes d\u00fcnyaya g\u00f6zlerini a\u00e7t\u0131\u011f\u0131nda kendisini do\u011furan anneyi g\u00f6r\u00fcr.<span class=\"excerpt-hellip\"> [\u2026]<\/span><\/p>\n","protected":false},"featured_media":0,"template":"","meta":{"_monsterinsights_skip_tracking":false,"_monsterinsights_sitenote_active":false,"_monsterinsights_sitenote_note":"","_monsterinsights_sitenote_category":0},"product_brand":[],"product_cat":[52477],"product_tag":[],"class_list":{"0":"post-756534","1":"product","2":"type-product","3":"status-publish","5":"product_cat-arastirma","6":"pa_cilt-ciltsiz","7":"pa_tur-kitap","8":"pa_yayinevi-gulnar-yayinlari","9":"pa_yazar-anfisa-zinyeddin","11":"first","12":"instock","13":"sale","14":"shipping-taxable","15":"purchasable","16":"product-type-simple"},"_links":{"self":[{"href":"https:\/\/roveyayinevi.com.tr\/index.php\/wp-json\/wp\/v2\/product\/756534","targetHints":{"allow":["GET"]}}],"collection":[{"href":"https:\/\/roveyayinevi.com.tr\/index.php\/wp-json\/wp\/v2\/product"}],"about":[{"href":"https:\/\/roveyayinevi.com.tr\/index.php\/wp-json\/wp\/v2\/types\/product"}],"wp:attachment":[{"href":"https:\/\/roveyayinevi.com.tr\/index.php\/wp-json\/wp\/v2\/media?parent=756534"}],"wp:term":[{"taxonomy":"product_brand","embeddable":true,"href":"https:\/\/roveyayinevi.com.tr\/index.php\/wp-json\/wp\/v2\/product_brand?post=756534"},{"taxonomy":"product_cat","embeddable":true,"href":"https:\/\/roveyayinevi.com.tr\/index.php\/wp-json\/wp\/v2\/product_cat?post=756534"},{"taxonomy":"product_tag","embeddable":true,"href":"https:\/\/roveyayinevi.com.tr\/index.php\/wp-json\/wp\/v2\/product_tag?post=756534"}],"curies":[{"name":"wp","href":"https:\/\/api.w.org\/{rel}","templated":true}]}}