{"id":756533,"date":"2025-08-28T07:10:48","date_gmt":"2025-08-28T04:10:48","guid":{"rendered":"https:\/\/roveyayinevi.com.tr\/index.php\/urun\/sinan-ates-yasar-hatiralarla\/"},"modified":"2026-04-16T03:09:37","modified_gmt":"2026-04-16T00:09:37","slug":"sinan-ates-yasar-hatiralarla","status":"publish","type":"product","link":"https:\/\/roveyayinevi.com.tr\/index.php\/urun\/sinan-ates-yasar-hatiralarla\/","title":{"rendered":"Sinan Ate\u015f Ya\u015far Hat\u0131ralarla"},"content":{"rendered":"<p>30 Aral\u0131k 2022 tarihinde hayat\u0131m\u0131, a\u015fk\u0131m\u0131, \u00e7ocuklar\u0131m\u0131n babas\u0131n\u0131, dostumu; planlanm\u0131\u015f bir \u00f6fkenin sebep oldu\u011fu so\u011fuk bir kur\u015funla d\u00f6n\u00fc\u015f\u00fc olmayan \u00fclkeye, orada tekrar g\u00f6r\u00fc\u015fmek \u00fczere u\u011furlad\u0131k. Kana bulanm\u0131\u015f beyaz mintan\u0131 kefeni oldu. G\u00f6zleri kapanm\u0131\u015f, g\u00fcl\u00fc\u015f\u00fc silinmi\u015f, sesi sessizlik elbisesi giymi\u015fti. Ailesi olarak arkada\u015flar\u0131 ile kaville\u015ftik: Sinan\u2019\u0131 ya\u015fatacakt\u0131k! Sinan\u2019\u0131, Sinan\u2019\u0131n ya\u015fad\u0131\u011f\u0131 gibi ya\u015fatacakt\u0131k! Bu kitap Sinan\u2019\u0131n, T\u00fcrkiye&#8217;nin sevilen gen\u00e7 liderlerinden ve akademisyenlerinden biri olan Do\u00e7. Dr. Sinan ATE\u015e\u2019in, hayat\u0131ndan kesitler i\u00e7ermektedir.  Bu kitap bir hayat\u0131n ezan\u0131 ile selas\u0131 aras\u0131nda ge\u00e7en periyottan hat\u0131ralar\u0131n kitab\u0131d\u0131r. Ba\u015faranl\u0131, Gazili, Hacettepeli, \u00dclk\u00fcc\u00fc Sinan\u2019dan bir nebze de olsa g\u00fczel, ho\u015f kokular verecektir. Sinan\u2019\u0131, Sinan\u2019\u0131n \u201cmesele\u201dsini daha anla\u015f\u0131l\u0131r k\u0131lacakt\u0131r. Bu kitab\u0131n \u00fc\u00e7 amac\u0131 vard\u0131r. \u0130lki Sinan\u2019\u0131 d\u00fcnya d\u00f6nd\u00fck\u00e7e ya\u015fatmak, unutturmamakt\u0131r. \u0130kincisi Sinan\u2019a ailesinin, dostlar\u0131n\u0131n y\u00fcre\u011finden bir bak\u0131\u015f atman\u0131z\u0131, \u201cbiz\u201di anlaman\u0131z\u0131 istememizdir. \u00dc\u00e7\u00fcnc\u00fc amac\u0131 ise Sinan\u2019\u0131n hayat\u0131nda olanlara, kendisini sevenlere-kendisinin sevdiklerine, ona sayg\u0131 duyanlara- onun sayg\u0131 duyduklar\u0131na, takip edenlere- takip ettiklerine, \u00f6rnek alanlara-\u00f6rnek ald\u0131klar\u0131na, ilham verenlere-ilham verdiklerine, gelece\u011fe bir mesaj, bir hat\u0131ra olmas\u0131d\u0131r. Bu kitap Sinan\u2019\u0131n \u00f6lse bile \u00f6lmedi\u011finin delilidir. AY\u015eE ATE\u015e<\/p>\n","protected":false},"excerpt":{"rendered":"<p>30 Aral\u0131k 2022 tarihinde hayat\u0131m\u0131, a\u015fk\u0131m\u0131, \u00e7ocuklar\u0131m\u0131n babas\u0131n\u0131, dostumu; planlanm\u0131\u015f bir \u00f6fkenin sebep oldu\u011fu so\u011fuk bir kur\u015funla d\u00f6n\u00fc\u015f\u00fc olmayan \u00fclkeye, orada tekrar g\u00f6r\u00fc\u015fmek \u00fczere u\u011furlad\u0131k. Kana<span class=\"excerpt-hellip\"> [\u2026]<\/span><\/p>\n","protected":false},"featured_media":0,"template":"","meta":{"_monsterinsights_skip_tracking":false,"_monsterinsights_sitenote_active":false,"_monsterinsights_sitenote_note":"","_monsterinsights_sitenote_category":0},"product_brand":[],"product_cat":[13701,12291],"product_tag":[],"class_list":{"0":"post-756533","1":"product","2":"type-product","3":"status-publish","5":"product_cat-ani-mektup-gunluk","6":"product_cat-edebiyat","7":"pa_cilt-ciltsiz","8":"pa_tur-kitap","9":"pa_yayinevi-30-aralik-yayinlari","10":"pa_yazar-ayse-ates","12":"first","13":"instock","14":"sale","15":"shipping-taxable","16":"purchasable","17":"product-type-simple"},"_links":{"self":[{"href":"https:\/\/roveyayinevi.com.tr\/index.php\/wp-json\/wp\/v2\/product\/756533","targetHints":{"allow":["GET"]}}],"collection":[{"href":"https:\/\/roveyayinevi.com.tr\/index.php\/wp-json\/wp\/v2\/product"}],"about":[{"href":"https:\/\/roveyayinevi.com.tr\/index.php\/wp-json\/wp\/v2\/types\/product"}],"wp:attachment":[{"href":"https:\/\/roveyayinevi.com.tr\/index.php\/wp-json\/wp\/v2\/media?parent=756533"}],"wp:term":[{"taxonomy":"product_brand","embeddable":true,"href":"https:\/\/roveyayinevi.com.tr\/index.php\/wp-json\/wp\/v2\/product_brand?post=756533"},{"taxonomy":"product_cat","embeddable":true,"href":"https:\/\/roveyayinevi.com.tr\/index.php\/wp-json\/wp\/v2\/product_cat?post=756533"},{"taxonomy":"product_tag","embeddable":true,"href":"https:\/\/roveyayinevi.com.tr\/index.php\/wp-json\/wp\/v2\/product_tag?post=756533"}],"curies":[{"name":"wp","href":"https:\/\/api.w.org\/{rel}","templated":true}]}}