{"id":756532,"date":"2025-08-28T07:10:45","date_gmt":"2025-08-28T04:10:45","guid":{"rendered":"https:\/\/roveyayinevi.com.tr\/index.php\/urun\/onu-cok-dusunuyorsun\/"},"modified":"2026-04-16T03:09:37","modified_gmt":"2026-04-16T00:09:37","slug":"onu-cok-dusunuyorsun","status":"publish","type":"product","link":"https:\/\/roveyayinevi.com.tr\/index.php\/urun\/onu-cok-dusunuyorsun\/","title":{"rendered":"Onu \u00c7ok D\u00fc\u015f\u00fcn\u00fcyorsun!"},"content":{"rendered":"<p>\u201cEn uzun s\u00fcren a\u015fk kar\u015f\u0131l\u0131ks\u0131z a\u015fkt\u0131r&#8221; demi\u015fler, ama ne kadar s\u00fcrerse s\u00fcrs\u00fcn onu aramayan, buldu\u011funa inan\u0131nca da kaybetmemek i\u00e7in elinden geleni yapmayan var m\u0131? A\u015fk ve ili\u015fkiler konusunda \u00e7ok da bilgili olmad\u0131\u011f\u0131m\u0131z\u0131 kabul etmeliyiz. \u00c7\u00fcnk\u00fc akl\u0131n de\u011fil kalbin, fikirlerin de\u011fil duygular\u0131n \u00f6nde oldu\u011fu bu alanda do\u011fru sand\u0131\u011f\u0131m\u0131z yanl\u0131\u015flar veya yanl\u0131\u015f sand\u0131\u011f\u0131m\u0131z do\u011frular \u00e7ok&#8230; Ve ili\u015fkide sorunlar artmaya ba\u015flay\u0131nca s\u00fcrekli onu ve onunla ilgili d\u00fc\u015f\u00fcnmek, onu tak\u0131nt\u0131 haline getirmek hayat\u0131 berbat ediyor. Psikolog yazar, bir ili\u015fki uzman\u0131 olarak; iyi bir ili\u015fkinin nas\u0131l ba\u015flayaca\u011f\u0131n\u0131, a\u015fk\u0131 bulmaya neyin engel oldu\u011funu, do\u011fru partnerin niteliklerini, ili\u015fkilerin nas\u0131l \u00e7\u0131kmaza s\u00fcr\u00fcklendi\u011fini ve oradan nas\u0131l \u00e7\u0131k\u0131laca\u011f\u0131n\u0131 anlat\u0131yor. Kad\u0131nlar\u0131n ve erkeklerin farkl\u0131 \u015fekillerde \u00e2\u015f\u0131k oldu\u011funu ve birbirlerinden beklentilerinin de farkl\u0131 oldu\u011funu belirten yazar, \u00f6zsayg\u0131n\u0131n ili\u015fkilerde \u00e7ok \u00f6nemli oldu\u011funu vurguluyor; \u201cT\u0131rman\u0131lmas\u0131 gereken masals\u0131 bir da\u011f yok. Sadece do\u011fru ara\u00e7lar\u0131 ve bunlar\u0131 do\u011fru \u015fekilde kullanmay\u0131 \u00f6\u011frenmeye ihtiyac\u0131n\u0131z var.\u201d Bu kitap, a\u015fk hayat\u0131n\u0131z\u0131 anlaman\u0131za ve sa\u011fl\u0131kl\u0131 ad\u0131mlar atman\u0131za yard\u0131mc\u0131 olacak. Ve bu kitab\u0131 bitirdi\u011finizde onu yine d\u00fc\u015f\u00fcneceksiniz ama daha farkl\u0131 bir \u015fekilde&#8230;<\/p>\n","protected":false},"excerpt":{"rendered":"<p>\u201cEn uzun s\u00fcren a\u015fk kar\u015f\u0131l\u0131ks\u0131z a\u015fkt\u0131r&#8221; demi\u015fler, ama ne kadar s\u00fcrerse s\u00fcrs\u00fcn onu aramayan, buldu\u011funa inan\u0131nca da kaybetmemek i\u00e7in elinden geleni yapmayan var m\u0131? A\u015fk ve<span class=\"excerpt-hellip\"> [\u2026]<\/span><\/p>\n","protected":false},"featured_media":0,"template":"","meta":{"_monsterinsights_skip_tracking":false,"_monsterinsights_sitenote_active":false,"_monsterinsights_sitenote_note":"","_monsterinsights_sitenote_category":0},"product_brand":[],"product_cat":[14643,12291],"product_tag":[],"class_list":{"0":"post-756532","1":"product","2":"type-product","3":"status-publish","5":"product_cat-ask","6":"product_cat-edebiyat","7":"pa_cilt-ciltsiz","8":"pa_tur-kitap","9":"pa_yayinevi-kuraldisi-yayinevi","10":"pa_yazar-sabrina-alexis-bendory","12":"first","13":"instock","14":"sale","15":"shipping-taxable","16":"purchasable","17":"product-type-simple"},"_links":{"self":[{"href":"https:\/\/roveyayinevi.com.tr\/index.php\/wp-json\/wp\/v2\/product\/756532","targetHints":{"allow":["GET"]}}],"collection":[{"href":"https:\/\/roveyayinevi.com.tr\/index.php\/wp-json\/wp\/v2\/product"}],"about":[{"href":"https:\/\/roveyayinevi.com.tr\/index.php\/wp-json\/wp\/v2\/types\/product"}],"wp:attachment":[{"href":"https:\/\/roveyayinevi.com.tr\/index.php\/wp-json\/wp\/v2\/media?parent=756532"}],"wp:term":[{"taxonomy":"product_brand","embeddable":true,"href":"https:\/\/roveyayinevi.com.tr\/index.php\/wp-json\/wp\/v2\/product_brand?post=756532"},{"taxonomy":"product_cat","embeddable":true,"href":"https:\/\/roveyayinevi.com.tr\/index.php\/wp-json\/wp\/v2\/product_cat?post=756532"},{"taxonomy":"product_tag","embeddable":true,"href":"https:\/\/roveyayinevi.com.tr\/index.php\/wp-json\/wp\/v2\/product_tag?post=756532"}],"curies":[{"name":"wp","href":"https:\/\/api.w.org\/{rel}","templated":true}]}}