{"id":756530,"date":"2025-08-28T07:10:42","date_gmt":"2025-08-28T04:10:42","guid":{"rendered":"https:\/\/roveyayinevi.com.tr\/index.php\/urun\/eski-mustakil-bir\/"},"modified":"2026-04-16T03:09:37","modified_gmt":"2026-04-16T00:09:37","slug":"eski-mustakil-bir","status":"publish","type":"product","link":"https:\/\/roveyayinevi.com.tr\/index.php\/urun\/eski-mustakil-bir\/","title":{"rendered":"Eski M\u00fcstakil Bir"},"content":{"rendered":"<p>Leyla\u2019n\u0131n s\u0131rr\u0131na ermemi\u015f i\u00e7in Mecnun neylesin \u00e7\u00f6lde olmay\u0131. <\/p>\n","protected":false},"excerpt":{"rendered":"<p>Leyla\u2019n\u0131n s\u0131rr\u0131na ermemi\u015f i\u00e7in Mecnun neylesin \u00e7\u00f6lde olmay\u0131.<\/p>\n","protected":false},"featured_media":0,"template":"","meta":{"_monsterinsights_skip_tracking":false,"_monsterinsights_sitenote_active":false,"_monsterinsights_sitenote_note":"","_monsterinsights_sitenote_category":0},"product_brand":[],"product_cat":[12291,12509],"product_tag":[],"class_list":{"0":"post-756530","1":"product","2":"type-product","3":"status-publish","5":"product_cat-edebiyat","6":"product_cat-siir","7":"pa_cilt-ciltsiz","8":"pa_tur-kitap","9":"pa_yayinevi-la-kitap-yayinlari","10":"pa_yazar-haydar-bayak","12":"first","13":"instock","14":"sale","15":"shipping-taxable","16":"purchasable","17":"product-type-simple"},"_links":{"self":[{"href":"https:\/\/roveyayinevi.com.tr\/index.php\/wp-json\/wp\/v2\/product\/756530","targetHints":{"allow":["GET"]}}],"collection":[{"href":"https:\/\/roveyayinevi.com.tr\/index.php\/wp-json\/wp\/v2\/product"}],"about":[{"href":"https:\/\/roveyayinevi.com.tr\/index.php\/wp-json\/wp\/v2\/types\/product"}],"wp:attachment":[{"href":"https:\/\/roveyayinevi.com.tr\/index.php\/wp-json\/wp\/v2\/media?parent=756530"}],"wp:term":[{"taxonomy":"product_brand","embeddable":true,"href":"https:\/\/roveyayinevi.com.tr\/index.php\/wp-json\/wp\/v2\/product_brand?post=756530"},{"taxonomy":"product_cat","embeddable":true,"href":"https:\/\/roveyayinevi.com.tr\/index.php\/wp-json\/wp\/v2\/product_cat?post=756530"},{"taxonomy":"product_tag","embeddable":true,"href":"https:\/\/roveyayinevi.com.tr\/index.php\/wp-json\/wp\/v2\/product_tag?post=756530"}],"curies":[{"name":"wp","href":"https:\/\/api.w.org\/{rel}","templated":true}]}}