{"id":756527,"date":"2025-08-28T07:10:38","date_gmt":"2025-08-28T04:10:38","guid":{"rendered":"https:\/\/roveyayinevi.com.tr\/index.php\/urun\/cin-kultur-tarihine-giris\/"},"modified":"2026-04-16T03:09:37","modified_gmt":"2026-04-16T00:09:37","slug":"cin-kultur-tarihine-giris","status":"publish","type":"product","link":"https:\/\/roveyayinevi.com.tr\/index.php\/urun\/cin-kultur-tarihine-giris\/","title":{"rendered":"\u00c7in K\u00fclt\u00fcr Tarihine Giri\u015f"},"content":{"rendered":"<p>Elinizdeki kitap \u00fclke dereceli en b\u00fcy\u00fck \u00fc\u00e7 \u00f6d\u00fcl\u00fcn sahibidir. \u00c7in nas\u0131l bir \u00fclke? \u00c7in nas\u0131l bir tarihi yollardan ge\u00e7mi\u015ftir? \u00c7in hangi \u00f6zel medeniyetlere sahip? \u00c7in halk\u0131 nas\u0131l ya\u015f\u0131yor? \u00c7in insanl\u0131\u011fa nas\u0131l bir katk\u0131 sa\u011flad\u0131? Elinizdeki kitap \u00c7in\u2019in be\u015f bin y\u0131ll\u0131k medeniyetinin \u00f6zeti niteli\u011findedir. Bu kitap bas\u0131ld\u0131\u011f\u0131 tarihte \u00fclke genelinde rekor sat\u0131\u015fa ula\u015fm\u0131\u015ft\u0131r. Elinizdeki kitap \u0130ngilizce, Almanca, Rus\u00e7a dahil onlarca dile \u00e7evrilip, bas\u0131lm\u0131\u015f uluslararas\u0131 bir kitapt\u0131r.<\/p>\n","protected":false},"excerpt":{"rendered":"<p>Elinizdeki kitap \u00fclke dereceli en b\u00fcy\u00fck \u00fc\u00e7 \u00f6d\u00fcl\u00fcn sahibidir. \u00c7in nas\u0131l bir \u00fclke? \u00c7in nas\u0131l bir tarihi yollardan ge\u00e7mi\u015ftir? \u00c7in hangi \u00f6zel medeniyetlere sahip? \u00c7in halk\u0131<span class=\"excerpt-hellip\"> [\u2026]<\/span><\/p>\n","protected":false},"featured_media":0,"template":"","meta":{"_monsterinsights_skip_tracking":false,"_monsterinsights_sitenote_active":false,"_monsterinsights_sitenote_note":"","_monsterinsights_sitenote_category":0},"product_brand":[],"product_cat":[12370,12304],"product_tag":[],"class_list":{"0":"post-756527","1":"product","2":"type-product","3":"status-publish","5":"product_cat-arastirma-inceleme","6":"product_cat-tarih","7":"pa_cilt-ciltsiz","8":"pa_tur-kitap","9":"pa_yayinevi-foliant-yayinlari","10":"pa_yazar-su-shu-yang","12":"first","13":"instock","14":"sale","15":"shipping-taxable","16":"purchasable","17":"product-type-simple"},"_links":{"self":[{"href":"https:\/\/roveyayinevi.com.tr\/index.php\/wp-json\/wp\/v2\/product\/756527","targetHints":{"allow":["GET"]}}],"collection":[{"href":"https:\/\/roveyayinevi.com.tr\/index.php\/wp-json\/wp\/v2\/product"}],"about":[{"href":"https:\/\/roveyayinevi.com.tr\/index.php\/wp-json\/wp\/v2\/types\/product"}],"wp:attachment":[{"href":"https:\/\/roveyayinevi.com.tr\/index.php\/wp-json\/wp\/v2\/media?parent=756527"}],"wp:term":[{"taxonomy":"product_brand","embeddable":true,"href":"https:\/\/roveyayinevi.com.tr\/index.php\/wp-json\/wp\/v2\/product_brand?post=756527"},{"taxonomy":"product_cat","embeddable":true,"href":"https:\/\/roveyayinevi.com.tr\/index.php\/wp-json\/wp\/v2\/product_cat?post=756527"},{"taxonomy":"product_tag","embeddable":true,"href":"https:\/\/roveyayinevi.com.tr\/index.php\/wp-json\/wp\/v2\/product_tag?post=756527"}],"curies":[{"name":"wp","href":"https:\/\/api.w.org\/{rel}","templated":true}]}}