{"id":756525,"date":"2025-08-28T07:10:34","date_gmt":"2025-08-28T04:10:34","guid":{"rendered":"https:\/\/roveyayinevi.com.tr\/index.php\/urun\/cynthianin-yetimi\/"},"modified":"2026-04-16T03:09:37","modified_gmt":"2026-04-16T00:09:37","slug":"cynthianin-yetimi","status":"publish","type":"product","link":"https:\/\/roveyayinevi.com.tr\/index.php\/urun\/cynthianin-yetimi\/","title":{"rendered":"Cynthia&#8217;n\u0131n Yetimi"},"content":{"rendered":"<p>Erik Hersebom ailesi ve \u00e7evresinden hep farkl\u0131 g\u00f6r\u00fcnm\u00fc\u015ft\u00fcr; bir g\u00fcn, kasabas\u0131n\u0131 ziyarete gelen bir yabanc\u0131, Doktor Schwaryencrona\u2019n\u0131n sorgulamas\u0131yla bu farkl\u0131l\u0131\u011f\u0131n nedeni ortaya \u00e7\u0131kar. Erik Hersebom, ailesi taraf\u0131ndan denizde bulunmu\u015f ve evlat edinilmi\u015ftir! Varolu\u015fsal sanr\u0131lar, tehlikeli bir yolculuk ve \u00e7\u00f6z\u00fcme yakla\u015ft\u0131k\u00e7a uzakla\u015fan bir s\u0131r\u2026 Peki, her \u015feye ra\u011fmen Erik Hersebom ger\u00e7ek kimli\u011fini ve ailesini bulabilecek midir? <\/p>\n","protected":false},"excerpt":{"rendered":"<p>Erik Hersebom ailesi ve \u00e7evresinden hep farkl\u0131 g\u00f6r\u00fcnm\u00fc\u015ft\u00fcr; bir g\u00fcn, kasabas\u0131n\u0131 ziyarete gelen bir yabanc\u0131, Doktor Schwaryencrona\u2019n\u0131n sorgulamas\u0131yla bu farkl\u0131l\u0131\u011f\u0131n nedeni ortaya \u00e7\u0131kar. Erik Hersebom, ailesi<span class=\"excerpt-hellip\"> [\u2026]<\/span><\/p>\n","protected":false},"featured_media":0,"template":"","meta":{"_monsterinsights_skip_tracking":false,"_monsterinsights_sitenote_active":false,"_monsterinsights_sitenote_note":"","_monsterinsights_sitenote_category":0},"product_brand":[],"product_cat":[12291],"product_tag":[],"class_list":{"0":"post-756525","1":"product","2":"type-product","3":"status-publish","5":"product_cat-edebiyat","6":"pa_cilt-ciltsiz","7":"pa_tur-kitap","8":"pa_yayinevi-alfa-yayinlari","9":"pa_yazar-jules-verne","11":"first","12":"instock","13":"sale","14":"shipping-taxable","15":"purchasable","16":"product-type-simple"},"_links":{"self":[{"href":"https:\/\/roveyayinevi.com.tr\/index.php\/wp-json\/wp\/v2\/product\/756525","targetHints":{"allow":["GET"]}}],"collection":[{"href":"https:\/\/roveyayinevi.com.tr\/index.php\/wp-json\/wp\/v2\/product"}],"about":[{"href":"https:\/\/roveyayinevi.com.tr\/index.php\/wp-json\/wp\/v2\/types\/product"}],"wp:attachment":[{"href":"https:\/\/roveyayinevi.com.tr\/index.php\/wp-json\/wp\/v2\/media?parent=756525"}],"wp:term":[{"taxonomy":"product_brand","embeddable":true,"href":"https:\/\/roveyayinevi.com.tr\/index.php\/wp-json\/wp\/v2\/product_brand?post=756525"},{"taxonomy":"product_cat","embeddable":true,"href":"https:\/\/roveyayinevi.com.tr\/index.php\/wp-json\/wp\/v2\/product_cat?post=756525"},{"taxonomy":"product_tag","embeddable":true,"href":"https:\/\/roveyayinevi.com.tr\/index.php\/wp-json\/wp\/v2\/product_tag?post=756525"}],"curies":[{"name":"wp","href":"https:\/\/api.w.org\/{rel}","templated":true}]}}