{"id":756523,"date":"2025-08-28T07:10:30","date_gmt":"2025-08-28T04:10:30","guid":{"rendered":"https:\/\/roveyayinevi.com.tr\/index.php\/urun\/mizan\/"},"modified":"2026-04-16T03:09:37","modified_gmt":"2026-04-16T00:09:37","slug":"mizan","status":"publish","type":"product","link":"https:\/\/roveyayinevi.com.tr\/index.php\/urun\/mizan\/","title":{"rendered":"Mizan"},"content":{"rendered":"<p>Temkin ile hamle, istikrar ile h\u00fcrriyet, teknik ile k\u00fclt\u00fcr, Do\u011fu ile Bat\u0131, bar\u0131\u015f ile sava\u015f, geleneksel ya\u015fam ve yeni hayat aras\u0131ndaki hassas denge\u2026 1876-1908 aras\u0131, otuz iki y\u0131l, e\u011filip b\u00fck\u00fclen \u201czamana\u201d bah\u015fedilen on d\u00f6rt hik\u00e2ye ve \u00f6nemli \u015fahsiyetlerin \u00fcst\u00fcnde dola\u015fan bir u\u00e7an hal\u0131\u2026 Burak Dalg\u0131n Mizan\u2019da, modernle\u015fmenin geli\u015fme co\u015fkusunu ve b\u00fcy\u00fcme sanc\u0131lar\u0131n\u0131 beraber ya\u015fad\u0131\u011f\u0131, iki me\u015frutiyet aras\u0131ndaki zorlu d\u00f6nemi anlat\u0131yor. Plevne savunmas\u0131ndan K\u0131rkp\u0131nar g\u00fcre\u015flerine, Orient Express\u2019ten D\u00fcyun-u Umumiye\u2019ye, Olimpiyatlar\u2019dan \u0130ttihat ve Terakki\u2019ye uzanan geni\u015f bir tarih sahnesi\u2026 II. Abd\u00fclhamid\u2019den Churchill\u2019e, Midhat Pa\u015fa\u2019dan Edison\u2019a, Tevfik Fikret\u2019ten Van Gogh\u2019a, Halide Edip\u2019ten Keynes\u2019e, Ziya G\u00f6kalp\u2019ten Marx\u2019a sahnede bir\u00e7ok isim. Tolstoy\u2019dan Dr. Herzl\u2019e, Ertu\u011frul f\u0131rkateyninden Alman \u00c7e\u015fmesine, Faberg\u00e9 yumurtalar\u0131ndan DeBeers madenlerine uzanan bir ufuk turu.<\/p>\n","protected":false},"excerpt":{"rendered":"<p>Temkin ile hamle, istikrar ile h\u00fcrriyet, teknik ile k\u00fclt\u00fcr, Do\u011fu ile Bat\u0131, bar\u0131\u015f ile sava\u015f, geleneksel ya\u015fam ve yeni hayat aras\u0131ndaki hassas denge\u2026 1876-1908 aras\u0131, otuz<span class=\"excerpt-hellip\"> [\u2026]<\/span><\/p>\n","protected":false},"featured_media":0,"template":"","meta":{"_monsterinsights_skip_tracking":false,"_monsterinsights_sitenote_active":false,"_monsterinsights_sitenote_note":"","_monsterinsights_sitenote_category":0},"product_brand":[],"product_cat":[13072,12291],"product_tag":[],"class_list":{"0":"post-756523","1":"product","2":"type-product","3":"status-publish","5":"product_cat-arastirma-inceleme-referans","6":"product_cat-edebiyat","7":"pa_cilt-ciltsiz","8":"pa_tur-kitap","9":"pa_yayinevi-alfa-yayinlari","10":"pa_yazar-burak-dalgin","12":"first","13":"instock","14":"sale","15":"shipping-taxable","16":"purchasable","17":"product-type-simple"},"_links":{"self":[{"href":"https:\/\/roveyayinevi.com.tr\/index.php\/wp-json\/wp\/v2\/product\/756523","targetHints":{"allow":["GET"]}}],"collection":[{"href":"https:\/\/roveyayinevi.com.tr\/index.php\/wp-json\/wp\/v2\/product"}],"about":[{"href":"https:\/\/roveyayinevi.com.tr\/index.php\/wp-json\/wp\/v2\/types\/product"}],"wp:attachment":[{"href":"https:\/\/roveyayinevi.com.tr\/index.php\/wp-json\/wp\/v2\/media?parent=756523"}],"wp:term":[{"taxonomy":"product_brand","embeddable":true,"href":"https:\/\/roveyayinevi.com.tr\/index.php\/wp-json\/wp\/v2\/product_brand?post=756523"},{"taxonomy":"product_cat","embeddable":true,"href":"https:\/\/roveyayinevi.com.tr\/index.php\/wp-json\/wp\/v2\/product_cat?post=756523"},{"taxonomy":"product_tag","embeddable":true,"href":"https:\/\/roveyayinevi.com.tr\/index.php\/wp-json\/wp\/v2\/product_tag?post=756523"}],"curies":[{"name":"wp","href":"https:\/\/api.w.org\/{rel}","templated":true}]}}